{"id":109735,"date":"2025-05-18T20:53:19","date_gmt":"2025-05-18T20:53:19","guid":{"rendered":"https:\/\/staging2.stylingagenten.com\/fi\/produkt\/calvin-klein-eternity-flame-for-women-edp-100ml\/"},"modified":"2026-04-14T04:38:33","modified_gmt":"2026-04-14T04:38:33","slug":"calvin-klein-eternity-flame-for-women-edp-100ml","status":"publish","type":"product","link":"https:\/\/stylingagenten.com\/fi\/tuote\/calvin-klein-eternity-flame-for-women-edp-100ml\/","title":{"rendered":"Calvin Klein Eternity Flame For Women Edp 100ml"},"content":{"rendered":"<p>Calvin Klein Eternity Flame for Women Edp on sensuelli versio klassisista Eternity-tuoksuista. It\u00e4mainen kukkainen ja raikas tuoksu, jota voidaan kuvata kirkkaaksi, mausteiseksi ja aistilliseksi. Odottamaton sekoitus kirkkaita hedelmi\u00e4 ja herkki\u00e4 kukkia kontrastina it\u00e4maisten makujen kanssa.<br \/>Yl\u00e4tuoksu: mandariini<br \/>Syd\u00e4ntuoksu: makea herne<br \/>Pohjatuoksu: labdanum<\/p>\n","protected":false},"excerpt":{"rendered":"<p>Calvin Klein Eternity Flame for Women Edp on sensuelli versio klassisista Eternity-tuoksuista. It\u00e4mainen kukkainen ja raikas tuoksu, jota voidaan kuvata kirkkaaksi, mausteiseksi ja aistilliseksi. Odottamaton sekoitus kirkkaita hedelmi\u00e4 ja herkki\u00e4 kukkia kontrastina it\u00e4maisten makujen kanssa.Yl\u00e4tuoksu: mandariiniSyd\u00e4ntuoksu: makea hernePohjatuoksu: labdanum<\/p>\n","protected":false},"featured_media":109730,"comment_status":"open","ping_status":"closed","template":"","meta":{"_trash_the_other_posts":false},"product_brand":[],"product_cat":[1006,999,707,534,735],"product_tag":[],"berocket_brand":[1014],"class_list":{"0":"post-109735","1":"product","2":"type-product","3":"status-publish","4":"has-post-thumbnail","6":"product_cat-kampanjahinta","7":"product_cat-kampanjatarjous-naiselle","8":"product_cat-naisten-eau-de-toilette","9":"product_cat-naisten-hajuvesi","10":"product_cat-kampanjamme","11":"pa_brand-calvin-klein","12":"berocket_brand-calvin-klein","14":"first","15":"instock","16":"sale","17":"taxable","18":"shipping-taxable","19":"purchasable","20":"product-type-simple"},"_links":{"self":[{"href":"https:\/\/stylingagenten.com\/fi\/wp-json\/wp\/v2\/product\/109735","targetHints":{"allow":["GET"]}}],"collection":[{"href":"https:\/\/stylingagenten.com\/fi\/wp-json\/wp\/v2\/product"}],"about":[{"href":"https:\/\/stylingagenten.com\/fi\/wp-json\/wp\/v2\/types\/product"}],"replies":[{"embeddable":true,"href":"https:\/\/stylingagenten.com\/fi\/wp-json\/wp\/v2\/comments?post=109735"}],"version-history":[{"count":0,"href":"https:\/\/stylingagenten.com\/fi\/wp-json\/wp\/v2\/product\/109735\/revisions"}],"wp:featuredmedia":[{"embeddable":true,"href":"https:\/\/stylingagenten.com\/fi\/wp-json\/wp\/v2\/media\/109730"}],"wp:attachment":[{"href":"https:\/\/stylingagenten.com\/fi\/wp-json\/wp\/v2\/media?parent=109735"}],"wp:term":[{"taxonomy":"product_brand","embeddable":true,"href":"https:\/\/stylingagenten.com\/fi\/wp-json\/wp\/v2\/product_brand?post=109735"},{"taxonomy":"product_cat","embeddable":true,"href":"https:\/\/stylingagenten.com\/fi\/wp-json\/wp\/v2\/product_cat?post=109735"},{"taxonomy":"product_tag","embeddable":true,"href":"https:\/\/stylingagenten.com\/fi\/wp-json\/wp\/v2\/product_tag?post=109735"},{"taxonomy":"berocket_brand","embeddable":true,"href":"https:\/\/stylingagenten.com\/fi\/wp-json\/wp\/v2\/berocket_brand?post=109735"}],"curies":[{"name":"wp","href":"https:\/\/api.w.org\/{rel}","templated":true}]}}