{"id":109728,"date":"2025-05-18T20:53:16","date_gmt":"2025-05-18T20:53:16","guid":{"rendered":"https:\/\/staging2.stylingagenten.com\/fi\/produkt\/samba-paradise-woman-edt-100ml\/"},"modified":"2026-04-13T20:28:30","modified_gmt":"2026-04-13T20:28:30","slug":"samba-paradise-woman-edt-100ml","status":"publish","type":"product","link":"https:\/\/stylingagenten.com\/fi\/tuote\/samba-paradise-woman-edt-100ml\/","title":{"rendered":"Samba Paradise Woman Edt 100ml"},"content":{"rendered":"<p>Upoudu Samba Paradise Woman Edt -tuoksun syvyyteen, joka vangitsee trooppisen tuulen pulsoivat rytmit ja v\u00e4rit! Tuoksu avautuu eksoottisella raikkaudellaan ja lupaa vied\u00e4 sinut maailmaan, jossa el\u00e4m\u00e4n tanssi on ikuisesti.<\/p>\n<p>P\u00e4\u00e4tuoksut: Yuzu, Sitruunankuori, Mandariini<br \/>\n<br \/>Syd\u00e4ntuoksut: Mustapippuri, Osmanthus<br \/>\n<br \/>Pohjatuoksut: Texasin setripuu<\/p>\n<p>100 ml<\/p>\n","protected":false},"excerpt":{"rendered":"<p>Upoudu Samba Paradise Woman Edt -tuoksun syvyyteen, joka vangitsee trooppisen tuulen pulsoivat rytmit ja v\u00e4rit! Tuoksu avautuu eksoottisella raikkaudellaan ja lupaa vied\u00e4 sinut maailmaan, jossa el\u00e4m\u00e4n tanssi on ikuisesti. P\u00e4\u00e4tuoksut: Yuzu, Sitruunankuori, Mandariini Syd\u00e4ntuoksut: Mustapippuri, Osmanthus Pohjatuoksut: Texasin setripuu 100 ml<\/p>\n","protected":false},"featured_media":109714,"comment_status":"open","ping_status":"closed","template":"","meta":{"_trash_the_other_posts":false},"product_brand":[],"product_cat":[999,707,735],"product_tag":[],"berocket_brand":[1381],"class_list":{"0":"post-109728","1":"product","2":"type-product","3":"status-publish","4":"has-post-thumbnail","6":"product_cat-kampanjatarjous-naiselle","7":"product_cat-naisten-eau-de-toilette","8":"product_cat-kampanjamme","9":"pa_brand-samba","10":"berocket_brand-samba","12":"first","13":"instock","14":"sale","15":"taxable","16":"shipping-taxable","17":"purchasable","18":"product-type-simple"},"_links":{"self":[{"href":"https:\/\/stylingagenten.com\/fi\/wp-json\/wp\/v2\/product\/109728","targetHints":{"allow":["GET"]}}],"collection":[{"href":"https:\/\/stylingagenten.com\/fi\/wp-json\/wp\/v2\/product"}],"about":[{"href":"https:\/\/stylingagenten.com\/fi\/wp-json\/wp\/v2\/types\/product"}],"replies":[{"embeddable":true,"href":"https:\/\/stylingagenten.com\/fi\/wp-json\/wp\/v2\/comments?post=109728"}],"version-history":[{"count":0,"href":"https:\/\/stylingagenten.com\/fi\/wp-json\/wp\/v2\/product\/109728\/revisions"}],"wp:featuredmedia":[{"embeddable":true,"href":"https:\/\/stylingagenten.com\/fi\/wp-json\/wp\/v2\/media\/109714"}],"wp:attachment":[{"href":"https:\/\/stylingagenten.com\/fi\/wp-json\/wp\/v2\/media?parent=109728"}],"wp:term":[{"taxonomy":"product_brand","embeddable":true,"href":"https:\/\/stylingagenten.com\/fi\/wp-json\/wp\/v2\/product_brand?post=109728"},{"taxonomy":"product_cat","embeddable":true,"href":"https:\/\/stylingagenten.com\/fi\/wp-json\/wp\/v2\/product_cat?post=109728"},{"taxonomy":"product_tag","embeddable":true,"href":"https:\/\/stylingagenten.com\/fi\/wp-json\/wp\/v2\/product_tag?post=109728"},{"taxonomy":"berocket_brand","embeddable":true,"href":"https:\/\/stylingagenten.com\/fi\/wp-json\/wp\/v2\/berocket_brand?post=109728"}],"curies":[{"name":"wp","href":"https:\/\/api.w.org\/{rel}","templated":true}]}}