{"id":109724,"date":"2025-05-18T20:53:16","date_gmt":"2025-05-18T20:53:16","guid":{"rendered":"https:\/\/staging2.stylingagenten.com\/fi\/produkt\/marc-jacobs-perfect-edt-50ml\/"},"modified":"2026-03-17T14:33:36","modified_gmt":"2026-03-17T14:33:36","slug":"marc-jacobs-perfect-edt-50ml","status":"publish","type":"product","link":"https:\/\/stylingagenten.com\/fi\/tuote\/marc-jacobs-perfect-edt-50ml\/","title":{"rendered":"Marc Jacobs Perfect Edt 50ml"},"content":{"rendered":"<p>Marc Jacobs Perfect Edt 50 ml<br \/>Kukkainen, naisellinen ja virkist\u00e4v\u00e4 versio Marc Jacobsin ikonisesta Perfectist\u00e4. Tuoksu, joka huokuu luottamusta ja rohkaisee kaikkia uskaltamaan olla oma itsens\u00e4.<br \/>Marc Jacobs Perfect edt on raikas ja ylenpalttinen tuoksu, joka on t\u00e4ynn\u00e4 el\u00e4m\u00e4\u00e4! Intiimimpi tulkinta mottosta #PerfectAsIAm.<br \/>Alkutuoksu: Pinkkipippuri, Polygonum<br \/>Syd\u00e4ntuoksu: Keltaiset kukat, Narsissi<br \/>Pohjatuoksu: Setripuu<\/p>\n","protected":false},"excerpt":{"rendered":"<p>Marc Jacobs Perfect Edt 50 mlKukkainen, naisellinen ja virkist\u00e4v\u00e4 versio Marc Jacobsin ikonisesta Perfectist\u00e4. Tuoksu, joka huokuu luottamusta ja rohkaisee kaikkia uskaltamaan olla oma itsens\u00e4.Marc Jacobs Perfect edt on raikas ja ylenpalttinen tuoksu, joka on t\u00e4ynn\u00e4 el\u00e4m\u00e4\u00e4! Intiimimpi tulkinta mottosta #PerfectAsIAm.Alkutuoksu: Pinkkipippuri, PolygonumSyd\u00e4ntuoksu: Keltaiset kukat, NarsissiPohjatuoksu: Setripuu<\/p>\n","protected":false},"featured_media":109709,"comment_status":"open","ping_status":"closed","template":"","meta":{"_trash_the_other_posts":false},"product_brand":[],"product_cat":[1006,999,707,534,735],"product_tag":[3388],"berocket_brand":[1069],"class_list":{"0":"post-109724","1":"product","2":"type-product","3":"status-publish","4":"has-post-thumbnail","6":"product_cat-kampanjahinta","7":"product_cat-kampanjatarjous-naiselle","8":"product_cat-naisten-eau-de-toilette","9":"product_cat-naisten-hajuvesi","10":"product_cat-kampanjamme","11":"product_tag-marc-jacobs-perfect-edt","12":"pa_brand-marc-jacobs","13":"pa_variantti-50ml","14":"berocket_brand-marc-jacobs","16":"first","17":"instock","18":"sale","19":"taxable","20":"shipping-taxable","21":"purchasable","22":"product-type-simple"},"_links":{"self":[{"href":"https:\/\/stylingagenten.com\/fi\/wp-json\/wp\/v2\/product\/109724","targetHints":{"allow":["GET"]}}],"collection":[{"href":"https:\/\/stylingagenten.com\/fi\/wp-json\/wp\/v2\/product"}],"about":[{"href":"https:\/\/stylingagenten.com\/fi\/wp-json\/wp\/v2\/types\/product"}],"replies":[{"embeddable":true,"href":"https:\/\/stylingagenten.com\/fi\/wp-json\/wp\/v2\/comments?post=109724"}],"version-history":[{"count":0,"href":"https:\/\/stylingagenten.com\/fi\/wp-json\/wp\/v2\/product\/109724\/revisions"}],"wp:featuredmedia":[{"embeddable":true,"href":"https:\/\/stylingagenten.com\/fi\/wp-json\/wp\/v2\/media\/109709"}],"wp:attachment":[{"href":"https:\/\/stylingagenten.com\/fi\/wp-json\/wp\/v2\/media?parent=109724"}],"wp:term":[{"taxonomy":"product_brand","embeddable":true,"href":"https:\/\/stylingagenten.com\/fi\/wp-json\/wp\/v2\/product_brand?post=109724"},{"taxonomy":"product_cat","embeddable":true,"href":"https:\/\/stylingagenten.com\/fi\/wp-json\/wp\/v2\/product_cat?post=109724"},{"taxonomy":"product_tag","embeddable":true,"href":"https:\/\/stylingagenten.com\/fi\/wp-json\/wp\/v2\/product_tag?post=109724"},{"taxonomy":"berocket_brand","embeddable":true,"href":"https:\/\/stylingagenten.com\/fi\/wp-json\/wp\/v2\/berocket_brand?post=109724"}],"curies":[{"name":"wp","href":"https:\/\/api.w.org\/{rel}","templated":true}]}}