{"id":109721,"date":"2025-05-18T20:53:15","date_gmt":"2025-05-18T20:53:15","guid":{"rendered":"https:\/\/staging2.stylingagenten.com\/fi\/produkt\/lancome-la-vie-est-belle-iris-absolu-edp-50ml\/"},"modified":"2026-03-11T22:05:01","modified_gmt":"2026-03-11T22:05:01","slug":"lancome-la-vie-est-belle-iris-absolu-edp-50ml","status":"publish","type":"product","link":"https:\/\/stylingagenten.com\/fi\/tuote\/lancome-la-vie-est-belle-iris-absolu-edp-50ml\/","title":{"rendered":"Lancome La Vie Est Belle Iris Absolu Edp 50ml"},"content":{"rendered":"<p>Lancome La Vie Est Belle Iris Absolu Edp 50ml<br \/>HAPPINESS HAPPINESS ei ole vain mieliala, se on puhdas tunne. Voimakas, v\u00e4r\u00e4htelev\u00e4 ja universaali tunne jatkuvassa liikkeess\u00e4.<br \/>&#8211;<br \/>ONNEA levi\u00e4\u00e4 ihmisest\u00e4 toiseen, ja joka kerta se voimistuu ja tuo meid\u00e4t yhteen. UUSI RIKKUMINEN TULKINTA La Vie est Belle Iris Absolu Eau de Parfum on s\u00e4teilev\u00e4, hienostunut ja aistillinen tulkinta ikonisesta La Vie est Belle Eau de Parfumista.<br \/>&#8211;<br \/>La Vie est Belle Iris Absolu on riippuvuutta aiheuttava tuoksu, jossa on uskomattoman korkea iiriksen pitoisuus, 10 kertaa enemm\u00e4n iirist\u00e4 kuin klassisessa La vie est Belle Eau de Parfumissa, ja siksi iiris sis\u00e4ltyy ensimm\u00e4ist\u00e4 kertaa my\u00f6s tuoksun nimeen.<br \/>&#8211;<br \/>TUOKSU La vie est Belle Iris Absolu on s\u00e4teilev\u00e4 kukkaistuoksu, jonka hienostunut tuoksukoostumus koostuu hedelm\u00e4isist\u00e4 mandariinin yl\u00e4tuoksuista ja aurinkoisesta viikuna-akordista sekoitettuna mustaherukan silmuihin.<br \/>&#8211;<br \/>Tuoksun syd\u00e4n koostuu runsaasta kukkakimppusta sidottu runsaiden ruusun tuoksujen ymp\u00e4rille ja jasmiinin tuoreudella, joka antaa tuoksulle loistavia ja naisellisia piirteit\u00e4.<br \/>&#8211;<br \/>Pohjatuoksussa iiris on hallitseva korostaakseen riippuvuutta aiheuttavaa Iris Absolu -merkki\u00e4. Mukana on my\u00f6s patchoulin vivahteita, ja sensuellia korostavat santelipuusovitus ja koukuttava gourmand-soimutus.<br \/>&#8211;<br \/>PULLO La Vie est Belle -pullo, jossa on ikoninen kristallihymy, on tulkittu uudelleen moderniksi ja esteettinen painos. Pullossa on loputon hymy ja se symboloi onnellista ja vapaata naista.<br \/>&#8211;<br \/>Vapauden symbolina pullon kaulaa ymp\u00e4r\u00f6i organza-nauha, jossa on kaksi siipe\u00e4 &#8211; vapauden siivet. PERHE La vie est Belle Iris Absolu on osa La vie est Belle -perhett\u00e4.<br \/>&#8211;<br \/>La vie est Belle on vakaumus, ilmoitus maailmalle, ett\u00e4 el\u00e4m\u00e4 on kaunista, kun valitset oman polkusi onneen. .<\/p>\n","protected":false},"excerpt":{"rendered":"<p>Lancome La Vie Est Belle Iris Absolu Edp 50mlHAPPINESS HAPPINESS ei ole vain mieliala, se on puhdas tunne. Voimakas, v\u00e4r\u00e4htelev\u00e4 ja universaali tunne jatkuvassa liikkeess\u00e4.&#8211;ONNEA levi\u00e4\u00e4 ihmisest\u00e4 toiseen, ja joka kerta se voimistuu ja tuo meid\u00e4t yhteen. UUSI RIKKUMINEN TULKINTA La Vie est Belle Iris Absolu Eau de Parfum on s\u00e4teilev\u00e4, hienostunut ja aistillinen tulkinta [&hellip;]<\/p>\n","protected":false},"featured_media":109710,"comment_status":"open","ping_status":"closed","template":"","meta":{"_trash_the_other_posts":false},"product_brand":[],"product_cat":[1006,999,706,534,735],"product_tag":[3191],"berocket_brand":[1128],"class_list":{"0":"post-109721","1":"product","2":"type-product","3":"status-publish","4":"has-post-thumbnail","6":"product_cat-kampanjahinta","7":"product_cat-kampanjatarjous-naiselle","8":"product_cat-naisten-eau-de-parfum","9":"product_cat-naisten-hajuvesi","10":"product_cat-kampanjamme","11":"product_tag-lancome-la-vie-est-belle-iris-absolu-edp","12":"pa_brand-lancome","13":"pa_variantti-50ml","14":"berocket_brand-lancome","16":"first","17":"instock","18":"sale","19":"taxable","20":"shipping-taxable","21":"purchasable","22":"product-type-simple"},"_links":{"self":[{"href":"https:\/\/stylingagenten.com\/fi\/wp-json\/wp\/v2\/product\/109721","targetHints":{"allow":["GET"]}}],"collection":[{"href":"https:\/\/stylingagenten.com\/fi\/wp-json\/wp\/v2\/product"}],"about":[{"href":"https:\/\/stylingagenten.com\/fi\/wp-json\/wp\/v2\/types\/product"}],"replies":[{"embeddable":true,"href":"https:\/\/stylingagenten.com\/fi\/wp-json\/wp\/v2\/comments?post=109721"}],"version-history":[{"count":0,"href":"https:\/\/stylingagenten.com\/fi\/wp-json\/wp\/v2\/product\/109721\/revisions"}],"wp:featuredmedia":[{"embeddable":true,"href":"https:\/\/stylingagenten.com\/fi\/wp-json\/wp\/v2\/media\/109710"}],"wp:attachment":[{"href":"https:\/\/stylingagenten.com\/fi\/wp-json\/wp\/v2\/media?parent=109721"}],"wp:term":[{"taxonomy":"product_brand","embeddable":true,"href":"https:\/\/stylingagenten.com\/fi\/wp-json\/wp\/v2\/product_brand?post=109721"},{"taxonomy":"product_cat","embeddable":true,"href":"https:\/\/stylingagenten.com\/fi\/wp-json\/wp\/v2\/product_cat?post=109721"},{"taxonomy":"product_tag","embeddable":true,"href":"https:\/\/stylingagenten.com\/fi\/wp-json\/wp\/v2\/product_tag?post=109721"},{"taxonomy":"berocket_brand","embeddable":true,"href":"https:\/\/stylingagenten.com\/fi\/wp-json\/wp\/v2\/berocket_brand?post=109721"}],"curies":[{"name":"wp","href":"https:\/\/api.w.org\/{rel}","templated":true}]}}