{"id":109700,"date":"2025-05-18T20:53:10","date_gmt":"2025-05-18T20:53:10","guid":{"rendered":"https:\/\/staging2.stylingagenten.com\/fi\/produkt\/paris-hilton-gold-rush-edp-100ml\/"},"modified":"2026-04-08T15:27:15","modified_gmt":"2026-04-08T15:27:15","slug":"paris-hilton-gold-rush-edp-100ml","status":"publish","type":"product","link":"https:\/\/stylingagenten.com\/fi\/tuote\/paris-hilton-gold-rush-edp-100ml\/","title":{"rendered":"Paris Hilton Gold Rush Edp 100ml"},"content":{"rendered":"<p>Paris Hilton Gold Rush Edp 100ml<br \/>Hajuvesi toimii parhaiten p\u00e4iv\u00e4ll\u00e4 syksyll\u00e4 ja kev\u00e4\u00e4ll\u00e4, mutta toimii tietysti my\u00f6s y\u00f6ll\u00e4 ja muina vuodenaikoina.<br \/>Tuoksu on tuntuvasti makea, hieman maitomainen, puuterimainen ja p\u00e4hkin\u00e4inen. Siin\u00e4 on my\u00f6s ihana vaniljan tuoksu.<br \/>Alkutuoksuina ovat bergamotti, sitruuna ja nektariini. Seuraa sitten syd\u00e4ntuoksuja orkidealla, ruusulla ja violetilla. Lopuksi pohjatuoksua seuraavat praliini, kashmirpuu ja vanilja.<\/p>\n","protected":false},"excerpt":{"rendered":"<p>Paris Hilton Gold Rush Edp 100mlHajuvesi toimii parhaiten p\u00e4iv\u00e4ll\u00e4 syksyll\u00e4 ja kev\u00e4\u00e4ll\u00e4, mutta toimii tietysti my\u00f6s y\u00f6ll\u00e4 ja muina vuodenaikoina.Tuoksu on tuntuvasti makea, hieman maitomainen, puuterimainen ja p\u00e4hkin\u00e4inen. Siin\u00e4 on my\u00f6s ihana vaniljan tuoksu.Alkutuoksuina ovat bergamotti, sitruuna ja nektariini. Seuraa sitten syd\u00e4ntuoksuja orkidealla, ruusulla ja violetilla. Lopuksi pohjatuoksua seuraavat praliini, kashmirpuu ja vanilja.<\/p>\n","protected":false},"featured_media":109694,"comment_status":"open","ping_status":"closed","template":"","meta":{"_trash_the_other_posts":false},"product_brand":[],"product_cat":[1006,999,706,534,735],"product_tag":[],"berocket_brand":[1051],"class_list":{"0":"post-109700","1":"product","2":"type-product","3":"status-publish","4":"has-post-thumbnail","6":"product_cat-kampanjahinta","7":"product_cat-kampanjatarjous-naiselle","8":"product_cat-naisten-eau-de-parfum","9":"product_cat-naisten-hajuvesi","10":"product_cat-kampanjamme","11":"pa_brand-paris-hilton","12":"berocket_brand-paris-hilton","14":"first","15":"instock","16":"sale","17":"taxable","18":"shipping-taxable","19":"purchasable","20":"product-type-simple"},"_links":{"self":[{"href":"https:\/\/stylingagenten.com\/fi\/wp-json\/wp\/v2\/product\/109700","targetHints":{"allow":["GET"]}}],"collection":[{"href":"https:\/\/stylingagenten.com\/fi\/wp-json\/wp\/v2\/product"}],"about":[{"href":"https:\/\/stylingagenten.com\/fi\/wp-json\/wp\/v2\/types\/product"}],"replies":[{"embeddable":true,"href":"https:\/\/stylingagenten.com\/fi\/wp-json\/wp\/v2\/comments?post=109700"}],"version-history":[{"count":0,"href":"https:\/\/stylingagenten.com\/fi\/wp-json\/wp\/v2\/product\/109700\/revisions"}],"wp:featuredmedia":[{"embeddable":true,"href":"https:\/\/stylingagenten.com\/fi\/wp-json\/wp\/v2\/media\/109694"}],"wp:attachment":[{"href":"https:\/\/stylingagenten.com\/fi\/wp-json\/wp\/v2\/media?parent=109700"}],"wp:term":[{"taxonomy":"product_brand","embeddable":true,"href":"https:\/\/stylingagenten.com\/fi\/wp-json\/wp\/v2\/product_brand?post=109700"},{"taxonomy":"product_cat","embeddable":true,"href":"https:\/\/stylingagenten.com\/fi\/wp-json\/wp\/v2\/product_cat?post=109700"},{"taxonomy":"product_tag","embeddable":true,"href":"https:\/\/stylingagenten.com\/fi\/wp-json\/wp\/v2\/product_tag?post=109700"},{"taxonomy":"berocket_brand","embeddable":true,"href":"https:\/\/stylingagenten.com\/fi\/wp-json\/wp\/v2\/berocket_brand?post=109700"}],"curies":[{"name":"wp","href":"https:\/\/api.w.org\/{rel}","templated":true}]}}