{"id":109698,"date":"2025-05-18T20:53:10","date_gmt":"2025-05-18T20:53:10","guid":{"rendered":"https:\/\/staging2.stylingagenten.com\/fi\/produkt\/paris-hilton-platinum-rush-edp-100ml\/"},"modified":"2026-04-08T15:27:28","modified_gmt":"2026-04-08T15:27:28","slug":"paris-hilton-platinum-rush-edp-100ml","status":"publish","type":"product","link":"https:\/\/stylingagenten.com\/fi\/tuote\/paris-hilton-platinum-rush-edp-100ml\/","title":{"rendered":"Paris Hilton Platinum Rush Edp 100ml"},"content":{"rendered":"<p>Paris Hilton Platinum Rushissa tuoksuu aasialaisia \u200b\u200bp\u00e4\u00e4ryn\u00f6it\u00e4, punaisia \u200b\u200bomenoita, kashmiria, myski\u00e4 ja nestem\u00e4isi\u00e4 meripisaroita.<\/p>\n","protected":false},"excerpt":{"rendered":"<p>Paris Hilton Platinum Rushissa tuoksuu aasialaisia \u200b\u200bp\u00e4\u00e4ryn\u00f6it\u00e4, punaisia \u200b\u200bomenoita, kashmiria, myski\u00e4 ja nestem\u00e4isi\u00e4 meripisaroita.<\/p>\n","protected":false},"featured_media":109690,"comment_status":"open","ping_status":"closed","template":"","meta":{"_trash_the_other_posts":false},"product_brand":[],"product_cat":[999,534,735],"product_tag":[],"berocket_brand":[1051],"class_list":{"0":"post-109698","1":"product","2":"type-product","3":"status-publish","4":"has-post-thumbnail","6":"product_cat-kampanjatarjous-naiselle","7":"product_cat-naisten-hajuvesi","8":"product_cat-kampanjamme","9":"pa_brand-paris-hilton","10":"berocket_brand-paris-hilton","12":"first","13":"instock","14":"sale","15":"taxable","16":"shipping-taxable","17":"purchasable","18":"product-type-simple"},"_links":{"self":[{"href":"https:\/\/stylingagenten.com\/fi\/wp-json\/wp\/v2\/product\/109698","targetHints":{"allow":["GET"]}}],"collection":[{"href":"https:\/\/stylingagenten.com\/fi\/wp-json\/wp\/v2\/product"}],"about":[{"href":"https:\/\/stylingagenten.com\/fi\/wp-json\/wp\/v2\/types\/product"}],"replies":[{"embeddable":true,"href":"https:\/\/stylingagenten.com\/fi\/wp-json\/wp\/v2\/comments?post=109698"}],"version-history":[{"count":0,"href":"https:\/\/stylingagenten.com\/fi\/wp-json\/wp\/v2\/product\/109698\/revisions"}],"wp:featuredmedia":[{"embeddable":true,"href":"https:\/\/stylingagenten.com\/fi\/wp-json\/wp\/v2\/media\/109690"}],"wp:attachment":[{"href":"https:\/\/stylingagenten.com\/fi\/wp-json\/wp\/v2\/media?parent=109698"}],"wp:term":[{"taxonomy":"product_brand","embeddable":true,"href":"https:\/\/stylingagenten.com\/fi\/wp-json\/wp\/v2\/product_brand?post=109698"},{"taxonomy":"product_cat","embeddable":true,"href":"https:\/\/stylingagenten.com\/fi\/wp-json\/wp\/v2\/product_cat?post=109698"},{"taxonomy":"product_tag","embeddable":true,"href":"https:\/\/stylingagenten.com\/fi\/wp-json\/wp\/v2\/product_tag?post=109698"},{"taxonomy":"berocket_brand","embeddable":true,"href":"https:\/\/stylingagenten.com\/fi\/wp-json\/wp\/v2\/berocket_brand?post=109698"}],"curies":[{"name":"wp","href":"https:\/\/api.w.org\/{rel}","templated":true}]}}