{"id":109693,"date":"2025-05-18T20:53:10","date_gmt":"2025-05-18T20:53:10","guid":{"rendered":"https:\/\/staging2.stylingagenten.com\/fi\/produkt\/guerlain-samsara-edt-75ml\/"},"modified":"2026-03-11T22:05:08","modified_gmt":"2026-03-11T22:05:08","slug":"guerlain-samsara-edt-75ml","status":"publish","type":"product","link":"https:\/\/stylingagenten.com\/fi\/tuote\/guerlain-samsara-edt-75ml\/","title":{"rendered":"Guerlain Samsara Edt 75ml"},"content":{"rendered":"<p>Guerlain Samsara on t\u00e4ydellinen valinta jokaiselle, joka pit\u00e4\u00e4 klassisista ummehtuneista ja tyylikk\u00e4ist\u00e4 Guerlain-hajuveist\u00e4, joissa on l\u00e4mmin it\u00e4mainen tuoksu ja selke\u00e4 puumainen luonne. Jean-Paul Guerlain loi t\u00e4m\u00e4n tuoksun vuonna 1989 ja siit\u00e4 l\u00e4htien Samsara on ollut monien naisten ensimm\u00e4inen valinta. Hallitsevia tuoksuja ovat vaniljan, santelipuun ja meripihkan yhdistelm\u00e4 sek\u00e4 aromaattinen narsissi, ylang-ylang ja iiris. Syv\u00e4n l\u00e4mmint\u00e4 ja mausteista tuoksua t\u00e4ydent\u00e4\u00e4 my\u00f6s raikas lis\u00e4ys bergamottia sek\u00e4 persikan vihreit\u00e4 vivahteita ja makeutta. Guerlain Samsara on ep\u00e4ilem\u00e4tt\u00e4 ainutlaatuinen hajuvesi, jolla on selke\u00e4 luonne, joten toisin sanoen se ei ole sinulle, joka pelk\u00e4\u00e4 kiinnitt\u00e4\u00e4 huomiota sinuun. Jos kuitenkin etsit erityist\u00e4, eleganttia ja l\u00e4mmint\u00e4 tuoksua romanttisille illallisille ja erityistilaisuuksille, t\u00e4m\u00e4 on ehdottomasti jotain sinulle.<\/p>\n<p>Yl\u00e4tuoksu &#8211; Persikka, bergamotti, sitruuna, ylang-ylang ja vihre\u00e4 tuoksu<\/p>\n<p>Keskituoksu &#8211; Jasmiini, ruusu, orvokki, iiris, orris-juuri ja narsissi<\/p>\n<p>Pohjatuoksu &#8211; myski, vanilja, santelipuu, tonkapapu, ambra ja iiris<\/p>\n","protected":false},"excerpt":{"rendered":"<p>Guerlain Samsara on t\u00e4ydellinen valinta jokaiselle, joka pit\u00e4\u00e4 klassisista ummehtuneista ja tyylikk\u00e4ist\u00e4 Guerlain-hajuveist\u00e4, joissa on l\u00e4mmin it\u00e4mainen tuoksu ja selke\u00e4 puumainen luonne. Jean-Paul Guerlain loi t\u00e4m\u00e4n tuoksun vuonna 1989 ja siit\u00e4 l\u00e4htien Samsara on ollut monien naisten ensimm\u00e4inen valinta. Hallitsevia tuoksuja ovat vaniljan, santelipuun ja meripihkan yhdistelm\u00e4 sek\u00e4 aromaattinen narsissi, ylang-ylang ja iiris. Syv\u00e4n l\u00e4mmint\u00e4 [&hellip;]<\/p>\n","protected":false},"featured_media":109684,"comment_status":"open","ping_status":"closed","template":"","meta":{"_trash_the_other_posts":false},"product_brand":[],"product_cat":[999,707,735],"product_tag":[2952],"berocket_brand":[1330],"class_list":{"0":"post-109693","1":"product","2":"type-product","3":"status-publish","4":"has-post-thumbnail","6":"product_cat-kampanjatarjous-naiselle","7":"product_cat-naisten-eau-de-toilette","8":"product_cat-kampanjamme","9":"product_tag-guerlain-samsara-edt","10":"pa_brand-guerlain","11":"pa_variantti-75ml","12":"berocket_brand-guerlain","14":"first","15":"instock","16":"sale","17":"taxable","18":"shipping-taxable","19":"purchasable","20":"product-type-simple"},"_links":{"self":[{"href":"https:\/\/stylingagenten.com\/fi\/wp-json\/wp\/v2\/product\/109693","targetHints":{"allow":["GET"]}}],"collection":[{"href":"https:\/\/stylingagenten.com\/fi\/wp-json\/wp\/v2\/product"}],"about":[{"href":"https:\/\/stylingagenten.com\/fi\/wp-json\/wp\/v2\/types\/product"}],"replies":[{"embeddable":true,"href":"https:\/\/stylingagenten.com\/fi\/wp-json\/wp\/v2\/comments?post=109693"}],"version-history":[{"count":0,"href":"https:\/\/stylingagenten.com\/fi\/wp-json\/wp\/v2\/product\/109693\/revisions"}],"wp:featuredmedia":[{"embeddable":true,"href":"https:\/\/stylingagenten.com\/fi\/wp-json\/wp\/v2\/media\/109684"}],"wp:attachment":[{"href":"https:\/\/stylingagenten.com\/fi\/wp-json\/wp\/v2\/media?parent=109693"}],"wp:term":[{"taxonomy":"product_brand","embeddable":true,"href":"https:\/\/stylingagenten.com\/fi\/wp-json\/wp\/v2\/product_brand?post=109693"},{"taxonomy":"product_cat","embeddable":true,"href":"https:\/\/stylingagenten.com\/fi\/wp-json\/wp\/v2\/product_cat?post=109693"},{"taxonomy":"product_tag","embeddable":true,"href":"https:\/\/stylingagenten.com\/fi\/wp-json\/wp\/v2\/product_tag?post=109693"},{"taxonomy":"berocket_brand","embeddable":true,"href":"https:\/\/stylingagenten.com\/fi\/wp-json\/wp\/v2\/berocket_brand?post=109693"}],"curies":[{"name":"wp","href":"https:\/\/api.w.org\/{rel}","templated":true}]}}