{"id":109682,"date":"2025-05-18T20:53:07","date_gmt":"2025-05-18T20:53:07","guid":{"rendered":"https:\/\/staging2.stylingagenten.com\/fi\/produkt\/marc-jacobs-daisy-pop-edt-50ml\/"},"modified":"2026-03-11T22:03:52","modified_gmt":"2026-03-11T22:03:52","slug":"marc-jacobs-daisy-pop-edt-50ml","status":"publish","type":"product","link":"https:\/\/stylingagenten.com\/fi\/tuote\/marc-jacobs-daisy-pop-edt-50ml\/","title":{"rendered":"Marc Jacobs Daisy Pop Edt 50ml"},"content":{"rendered":"<p>Marc Jacobs Daisy Pop Edt sis\u00e4lt\u00e4\u00e4 raikkaan symfonian pirskahtelevaa greippi\u00e4, jota tasapainottavat eetteriset yuzun ja orvokinlehden s\u00e4vyt. Syd\u00e4mess\u00e4 jasmiinin vivahteet yhdistyv\u00e4t raikkaaseen kumquatiin ja kukkaisiin orvokkiakkordeihin ennen kuin ne ankkuroidaan maanl\u00e4heisell\u00e4 myskill\u00e4 ja puisilla pamplewoodin sek\u00e4 rauhoittavan vaniljan s\u00e4vyill\u00e4. N\u00e4m\u00e4 vivahteet tanssivat yhdess\u00e4 luoden ainutlaatuisen yhdistelm\u00e4n yll\u00e4tt\u00e4vi\u00e4 sitrusaromeja, jotka kimaltelevat.<\/p>\n<p>T\u00e4m\u00e4 yll\u00e4tt\u00e4v\u00e4n hedelm\u00e4inen, mutta silti kukkainen tuoksukimppu, joka tulee rajoitetun er\u00e4n mattapinkiss\u00e4 pullossa, on saanut inspiraationsa Marc Jacobsin muotikokoelmien v\u00e4riblokeista ja selkeist\u00e4 tekstuureista. Huomiota her\u00e4tt\u00e4v\u00e4t, leikkis\u00e4t pullot ovat saaneet aivan uuden mattapinkin v\u00e4rin, jossa on violettia, vihre\u00e4\u00e4 ja punaista, mik\u00e4 antaa korkille yll\u00e4tt\u00e4v\u00e4n twistin!<\/p>\n<p>50ml<\/p>\n","protected":false},"excerpt":{"rendered":"<p>Marc Jacobs Daisy Pop Edt sis\u00e4lt\u00e4\u00e4 raikkaan symfonian pirskahtelevaa greippi\u00e4, jota tasapainottavat eetteriset yuzun ja orvokinlehden s\u00e4vyt. Syd\u00e4mess\u00e4 jasmiinin vivahteet yhdistyv\u00e4t raikkaaseen kumquatiin ja kukkaisiin orvokkiakkordeihin ennen kuin ne ankkuroidaan maanl\u00e4heisell\u00e4 myskill\u00e4 ja puisilla pamplewoodin sek\u00e4 rauhoittavan vaniljan s\u00e4vyill\u00e4. N\u00e4m\u00e4 vivahteet tanssivat yhdess\u00e4 luoden ainutlaatuisen yhdistelm\u00e4n yll\u00e4tt\u00e4vi\u00e4 sitrusaromeja, jotka kimaltelevat. T\u00e4m\u00e4 yll\u00e4tt\u00e4v\u00e4n hedelm\u00e4inen, mutta silti [&hellip;]<\/p>\n","protected":false},"featured_media":109658,"comment_status":"open","ping_status":"closed","template":"","meta":{"_trash_the_other_posts":false},"product_brand":[],"product_cat":[999,707,735],"product_tag":[],"berocket_brand":[1069],"class_list":{"0":"post-109682","1":"product","2":"type-product","3":"status-publish","4":"has-post-thumbnail","6":"product_cat-kampanjatarjous-naiselle","7":"product_cat-naisten-eau-de-toilette","8":"product_cat-kampanjamme","9":"pa_brand-marc-jacobs","10":"berocket_brand-marc-jacobs","12":"first","13":"instock","14":"sale","15":"taxable","16":"shipping-taxable","17":"purchasable","18":"product-type-simple"},"_links":{"self":[{"href":"https:\/\/stylingagenten.com\/fi\/wp-json\/wp\/v2\/product\/109682","targetHints":{"allow":["GET"]}}],"collection":[{"href":"https:\/\/stylingagenten.com\/fi\/wp-json\/wp\/v2\/product"}],"about":[{"href":"https:\/\/stylingagenten.com\/fi\/wp-json\/wp\/v2\/types\/product"}],"replies":[{"embeddable":true,"href":"https:\/\/stylingagenten.com\/fi\/wp-json\/wp\/v2\/comments?post=109682"}],"version-history":[{"count":0,"href":"https:\/\/stylingagenten.com\/fi\/wp-json\/wp\/v2\/product\/109682\/revisions"}],"wp:featuredmedia":[{"embeddable":true,"href":"https:\/\/stylingagenten.com\/fi\/wp-json\/wp\/v2\/media\/109658"}],"wp:attachment":[{"href":"https:\/\/stylingagenten.com\/fi\/wp-json\/wp\/v2\/media?parent=109682"}],"wp:term":[{"taxonomy":"product_brand","embeddable":true,"href":"https:\/\/stylingagenten.com\/fi\/wp-json\/wp\/v2\/product_brand?post=109682"},{"taxonomy":"product_cat","embeddable":true,"href":"https:\/\/stylingagenten.com\/fi\/wp-json\/wp\/v2\/product_cat?post=109682"},{"taxonomy":"product_tag","embeddable":true,"href":"https:\/\/stylingagenten.com\/fi\/wp-json\/wp\/v2\/product_tag?post=109682"},{"taxonomy":"berocket_brand","embeddable":true,"href":"https:\/\/stylingagenten.com\/fi\/wp-json\/wp\/v2\/berocket_brand?post=109682"}],"curies":[{"name":"wp","href":"https:\/\/api.w.org\/{rel}","templated":true}]}}