{"id":109675,"date":"2025-05-18T20:53:06","date_gmt":"2025-05-18T20:53:06","guid":{"rendered":"https:\/\/staging2.stylingagenten.com\/fi\/produkt\/lattafa-yara-edp-100ml\/"},"modified":"2026-03-30T02:18:33","modified_gmt":"2026-03-30T02:18:33","slug":"lattafa-yara-edp-100ml","status":"publish","type":"product","link":"https:\/\/stylingagenten.com\/fi\/tuote\/lattafa-yara-edp-100ml\/","title":{"rendered":"Lattafa Yara Edp 100ml"},"content":{"rendered":"<p>Palkitse itsesi tuoksulla, joka saa sinut tuntemaan itsesi s\u00e4teilev\u00e4ksi miss\u00e4 ikin\u00e4 oletkin! Lattafa Yara on naisille suunniteltu Eau de Parfum, joka symboloi ylellisyytt\u00e4 ja eksklusiivisuutta, ja jopa kaikkein vaativimmatkin ovat enemm\u00e4n kuin tyytyv\u00e4isi\u00e4 sen hienostuneeseen tuoksuun.<\/p>\n<p>P\u00e4\u00e4tuoksut: Heliotropi, Mandarin, Orkidea<br \/>\n<br \/>Syd\u00e4ntuoksut: Kukat, Trooppiset hedelm\u00e4t<br \/>\n<br \/>Pohjatuoksut: Vanilja, Santelipuu, Myski<\/p>\n<p>100ml<\/p>\n","protected":false},"excerpt":{"rendered":"<p>Palkitse itsesi tuoksulla, joka saa sinut tuntemaan itsesi s\u00e4teilev\u00e4ksi miss\u00e4 ikin\u00e4 oletkin! Lattafa Yara on naisille suunniteltu Eau de Parfum, joka symboloi ylellisyytt\u00e4 ja eksklusiivisuutta, ja jopa kaikkein vaativimmatkin ovat enemm\u00e4n kuin tyytyv\u00e4isi\u00e4 sen hienostuneeseen tuoksuun. P\u00e4\u00e4tuoksut: Heliotropi, Mandarin, Orkidea Syd\u00e4ntuoksut: Kukat, Trooppiset hedelm\u00e4t Pohjatuoksut: Vanilja, Santelipuu, Myski 100ml<\/p>\n","protected":false},"featured_media":109668,"comment_status":"open","ping_status":"closed","template":"","meta":{"_trash_the_other_posts":false},"product_brand":[],"product_cat":[999,706,735],"product_tag":[],"berocket_brand":[1414],"class_list":{"0":"post-109675","1":"product","2":"type-product","3":"status-publish","4":"has-post-thumbnail","6":"product_cat-kampanjatarjous-naiselle","7":"product_cat-naisten-eau-de-parfum","8":"product_cat-kampanjamme","9":"pa_brand-lattafa","10":"berocket_brand-lattafa","12":"first","13":"instock","14":"sale","15":"taxable","16":"shipping-taxable","17":"purchasable","18":"product-type-simple"},"_links":{"self":[{"href":"https:\/\/stylingagenten.com\/fi\/wp-json\/wp\/v2\/product\/109675","targetHints":{"allow":["GET"]}}],"collection":[{"href":"https:\/\/stylingagenten.com\/fi\/wp-json\/wp\/v2\/product"}],"about":[{"href":"https:\/\/stylingagenten.com\/fi\/wp-json\/wp\/v2\/types\/product"}],"replies":[{"embeddable":true,"href":"https:\/\/stylingagenten.com\/fi\/wp-json\/wp\/v2\/comments?post=109675"}],"version-history":[{"count":0,"href":"https:\/\/stylingagenten.com\/fi\/wp-json\/wp\/v2\/product\/109675\/revisions"}],"wp:featuredmedia":[{"embeddable":true,"href":"https:\/\/stylingagenten.com\/fi\/wp-json\/wp\/v2\/media\/109668"}],"wp:attachment":[{"href":"https:\/\/stylingagenten.com\/fi\/wp-json\/wp\/v2\/media?parent=109675"}],"wp:term":[{"taxonomy":"product_brand","embeddable":true,"href":"https:\/\/stylingagenten.com\/fi\/wp-json\/wp\/v2\/product_brand?post=109675"},{"taxonomy":"product_cat","embeddable":true,"href":"https:\/\/stylingagenten.com\/fi\/wp-json\/wp\/v2\/product_cat?post=109675"},{"taxonomy":"product_tag","embeddable":true,"href":"https:\/\/stylingagenten.com\/fi\/wp-json\/wp\/v2\/product_tag?post=109675"},{"taxonomy":"berocket_brand","embeddable":true,"href":"https:\/\/stylingagenten.com\/fi\/wp-json\/wp\/v2\/berocket_brand?post=109675"}],"curies":[{"name":"wp","href":"https:\/\/api.w.org\/{rel}","templated":true}]}}