{"id":109649,"date":"2025-05-18T20:53:01","date_gmt":"2025-05-18T20:53:01","guid":{"rendered":"https:\/\/staging2.stylingagenten.com\/fi\/produkt\/gucci-rush-edt-75ml\/"},"modified":"2026-04-09T21:38:46","modified_gmt":"2026-04-09T21:38:46","slug":"gucci-rush-edt-75ml","status":"publish","type":"product","link":"https:\/\/stylingagenten.com\/fi\/tuote\/gucci-rush-edt-75ml\/","title":{"rendered":"Gucci Rush Edt 75ml"},"content":{"rendered":"<p>Koe pirskahteleva tuoksumatka Gucci Rush edt 75ml -tuoksun kanssa! T\u00e4m\u00e4 energinen ja leikkis\u00e4 hajuvesi hurmaa hedelm\u00e4isill\u00e4 persikan ja mansikan vivahteilla, jotka tanssivat yhdess\u00e4 jasmiinin kukkaisten s\u00e4vyjen kanssa. T\u00e4ydellinen itsevarmalle yksil\u00f6lle, joka haluaa erottua ja j\u00e4tt\u00e4\u00e4 unohtumattoman vaikutelman!<\/p>\n<p>Huippunuotit: Mehukas persikka, kalifornialainen gardenia ja afrikkalainen freesia.<br \/>\n<br \/>Syd\u00e4nnuotit: Mausteinen korianteri, Damaskoksen ruusu ja romanttinen jasmiini.<br \/>\n<br \/>Pohjanuotit: Ylellinen patchouli, luonnollinen vanilja ja maanl\u00e4heinen vetiver.<\/p>\n<p>75ml<\/p>\n","protected":false},"excerpt":{"rendered":"<p>Koe pirskahteleva tuoksumatka Gucci Rush edt 75ml -tuoksun kanssa! T\u00e4m\u00e4 energinen ja leikkis\u00e4 hajuvesi hurmaa hedelm\u00e4isill\u00e4 persikan ja mansikan vivahteilla, jotka tanssivat yhdess\u00e4 jasmiinin kukkaisten s\u00e4vyjen kanssa. T\u00e4ydellinen itsevarmalle yksil\u00f6lle, joka haluaa erottua ja j\u00e4tt\u00e4\u00e4 unohtumattoman vaikutelman! Huippunuotit: Mehukas persikka, kalifornialainen gardenia ja afrikkalainen freesia. Syd\u00e4nnuotit: Mausteinen korianteri, Damaskoksen ruusu ja romanttinen jasmiini. Pohjanuotit: Ylellinen [&hellip;]<\/p>\n","protected":false},"featured_media":109642,"comment_status":"open","ping_status":"closed","template":"","meta":{"_trash_the_other_posts":false},"product_brand":[],"product_cat":[707],"product_tag":[2947],"berocket_brand":[1329],"class_list":{"0":"post-109649","1":"product","2":"type-product","3":"status-publish","4":"has-post-thumbnail","6":"product_cat-naisten-eau-de-toilette","7":"product_tag-gucci-rush-edt","8":"pa_brand-gucci","9":"pa_variantti-75ml","10":"berocket_brand-gucci","12":"first","13":"outofstock","14":"sale","15":"taxable","16":"shipping-taxable","17":"purchasable","18":"product-type-simple"},"_links":{"self":[{"href":"https:\/\/stylingagenten.com\/fi\/wp-json\/wp\/v2\/product\/109649","targetHints":{"allow":["GET"]}}],"collection":[{"href":"https:\/\/stylingagenten.com\/fi\/wp-json\/wp\/v2\/product"}],"about":[{"href":"https:\/\/stylingagenten.com\/fi\/wp-json\/wp\/v2\/types\/product"}],"replies":[{"embeddable":true,"href":"https:\/\/stylingagenten.com\/fi\/wp-json\/wp\/v2\/comments?post=109649"}],"version-history":[{"count":0,"href":"https:\/\/stylingagenten.com\/fi\/wp-json\/wp\/v2\/product\/109649\/revisions"}],"wp:featuredmedia":[{"embeddable":true,"href":"https:\/\/stylingagenten.com\/fi\/wp-json\/wp\/v2\/media\/109642"}],"wp:attachment":[{"href":"https:\/\/stylingagenten.com\/fi\/wp-json\/wp\/v2\/media?parent=109649"}],"wp:term":[{"taxonomy":"product_brand","embeddable":true,"href":"https:\/\/stylingagenten.com\/fi\/wp-json\/wp\/v2\/product_brand?post=109649"},{"taxonomy":"product_cat","embeddable":true,"href":"https:\/\/stylingagenten.com\/fi\/wp-json\/wp\/v2\/product_cat?post=109649"},{"taxonomy":"product_tag","embeddable":true,"href":"https:\/\/stylingagenten.com\/fi\/wp-json\/wp\/v2\/product_tag?post=109649"},{"taxonomy":"berocket_brand","embeddable":true,"href":"https:\/\/stylingagenten.com\/fi\/wp-json\/wp\/v2\/berocket_brand?post=109649"}],"curies":[{"name":"wp","href":"https:\/\/api.w.org\/{rel}","templated":true}]}}