{"id":109646,"date":"2025-05-18T20:53:01","date_gmt":"2025-05-18T20:53:01","guid":{"rendered":"https:\/\/staging2.stylingagenten.com\/fi\/produkt\/lattafa-yara-moi-edp-100ml\/"},"modified":"2026-04-07T14:07:28","modified_gmt":"2026-04-07T14:07:28","slug":"lattafa-yara-moi-edp-100ml","status":"publish","type":"product","link":"https:\/\/stylingagenten.com\/fi\/tuote\/lattafa-yara-moi-edp-100ml\/","title":{"rendered":"Lattafa Yara Moi Edp 100ml"},"content":{"rendered":"<p>Sinun ei en\u00e4\u00e4 tarvitse piilottaa persoonallisuutesi intohimoista puolta. Lattafa Yara Moi on naisille tarkoitettu Eau de Parfum, t\u00e4ynn\u00e4 j\u00e4nnityst\u00e4, halua ja provokaatiota, joka luo ymp\u00e4rillesi aistillisen ilmapiirin.<\/p>\n<p>Yl\u00e4vivahteet: Jasmiini, Persikka<br \/>\n<br \/>Syd\u00e4nvivahteet: Karamelli, Meripihka<br \/>\n<br \/>Pohjavivahteet: Santelipuu, Vanilja, Patchouli<\/p>\n<p>100ml<\/p>\n","protected":false},"excerpt":{"rendered":"<p>Sinun ei en\u00e4\u00e4 tarvitse piilottaa persoonallisuutesi intohimoista puolta. Lattafa Yara Moi on naisille tarkoitettu Eau de Parfum, t\u00e4ynn\u00e4 j\u00e4nnityst\u00e4, halua ja provokaatiota, joka luo ymp\u00e4rillesi aistillisen ilmapiirin. Yl\u00e4vivahteet: Jasmiini, Persikka Syd\u00e4nvivahteet: Karamelli, Meripihka Pohjavivahteet: Santelipuu, Vanilja, Patchouli 100ml<\/p>\n","protected":false},"featured_media":109640,"comment_status":"open","ping_status":"closed","template":"","meta":{"_trash_the_other_posts":false},"product_brand":[],"product_cat":[999,706,735],"product_tag":[],"berocket_brand":[1414],"class_list":{"0":"post-109646","1":"product","2":"type-product","3":"status-publish","4":"has-post-thumbnail","6":"product_cat-kampanjatarjous-naiselle","7":"product_cat-naisten-eau-de-parfum","8":"product_cat-kampanjamme","9":"pa_brand-lattafa","10":"berocket_brand-lattafa","12":"first","13":"instock","14":"sale","15":"taxable","16":"shipping-taxable","17":"purchasable","18":"product-type-simple"},"_links":{"self":[{"href":"https:\/\/stylingagenten.com\/fi\/wp-json\/wp\/v2\/product\/109646","targetHints":{"allow":["GET"]}}],"collection":[{"href":"https:\/\/stylingagenten.com\/fi\/wp-json\/wp\/v2\/product"}],"about":[{"href":"https:\/\/stylingagenten.com\/fi\/wp-json\/wp\/v2\/types\/product"}],"replies":[{"embeddable":true,"href":"https:\/\/stylingagenten.com\/fi\/wp-json\/wp\/v2\/comments?post=109646"}],"version-history":[{"count":0,"href":"https:\/\/stylingagenten.com\/fi\/wp-json\/wp\/v2\/product\/109646\/revisions"}],"wp:featuredmedia":[{"embeddable":true,"href":"https:\/\/stylingagenten.com\/fi\/wp-json\/wp\/v2\/media\/109640"}],"wp:attachment":[{"href":"https:\/\/stylingagenten.com\/fi\/wp-json\/wp\/v2\/media?parent=109646"}],"wp:term":[{"taxonomy":"product_brand","embeddable":true,"href":"https:\/\/stylingagenten.com\/fi\/wp-json\/wp\/v2\/product_brand?post=109646"},{"taxonomy":"product_cat","embeddable":true,"href":"https:\/\/stylingagenten.com\/fi\/wp-json\/wp\/v2\/product_cat?post=109646"},{"taxonomy":"product_tag","embeddable":true,"href":"https:\/\/stylingagenten.com\/fi\/wp-json\/wp\/v2\/product_tag?post=109646"},{"taxonomy":"berocket_brand","embeddable":true,"href":"https:\/\/stylingagenten.com\/fi\/wp-json\/wp\/v2\/berocket_brand?post=109646"}],"curies":[{"name":"wp","href":"https:\/\/api.w.org\/{rel}","templated":true}]}}