{"id":109636,"date":"2025-05-18T20:52:59","date_gmt":"2025-05-18T20:52:59","guid":{"rendered":"https:\/\/staging2.stylingagenten.com\/fi\/produkt\/elizabeth-arden-white-tea-edp-50ml\/"},"modified":"2026-03-22T08:07:30","modified_gmt":"2026-03-22T08:07:30","slug":"elizabeth-arden-white-tea-edp-50ml","status":"publish","type":"product","link":"https:\/\/stylingagenten.com\/fi\/tuote\/elizabeth-arden-white-tea-edp-50ml\/","title":{"rendered":"Elizabeth Arden White Tea Edp 50ml"},"content":{"rendered":"<p>Elizabeth Arden White Tea juhlistaa el\u00e4m\u00e4n iloa. Ota hetki itsellesi ja nauti siit\u00e4 seuraavasta henkil\u00f6kohtaisesta pohdinnasta. Hengit\u00e4 syv\u00e4\u00e4n, anna rauhan ymp\u00e4r\u00f6id\u00e4 sinua ja nauti hetkest\u00e4. White Tea kutsuu sinut osallistumaan ymp\u00e4r\u00f6iv\u00e4n kauneuden kokemiseen joka p\u00e4iv\u00e4.<\/p>\n<p>Alkuper\u00e4isen White Tea Eau de Toilette -tuoksun luojien Elizabeth Ardenin esittelee uuden tuoksun White Tea Eau de Parfum. Raikas kukkaistuoksu, jonka pehme\u00e4 l\u00e4mp\u00f6 j\u00e4\u00e4 iholle kuin halauksen. Kehitetty sensorisella innovaatiolla VivaScentz\u2122 -teknologian muodossa, t\u00e4m\u00e4 eau de parfum her\u00e4tt\u00e4\u00e4 syvemm\u00e4n hyvinvoinnin tunteen k\u00e4ytt\u00e4j\u00e4ss\u00e4.<\/p>\n<p>Toppituoksut: Italialainen mandariini, Merituuli-akkordi, Salvia<br \/>\n<br \/>Syd\u00e4ntuoksut: Valkoinen tee-akkordi, Mate Absoluutti, Ruusuvett\u00e4, Jasminkukka<br \/>\n<br \/>Pohjatuoksut: Eettisesti tuotettu Tonkapapu Absoluutti, Muskotti, Meripihkapuu<\/p>\n<p>50ml<\/p>\n","protected":false},"excerpt":{"rendered":"<p>Elizabeth Arden White Tea juhlistaa el\u00e4m\u00e4n iloa. Ota hetki itsellesi ja nauti siit\u00e4 seuraavasta henkil\u00f6kohtaisesta pohdinnasta. Hengit\u00e4 syv\u00e4\u00e4n, anna rauhan ymp\u00e4r\u00f6id\u00e4 sinua ja nauti hetkest\u00e4. White Tea kutsuu sinut osallistumaan ymp\u00e4r\u00f6iv\u00e4n kauneuden kokemiseen joka p\u00e4iv\u00e4. Alkuper\u00e4isen White Tea Eau de Toilette -tuoksun luojien Elizabeth Ardenin esittelee uuden tuoksun White Tea Eau de Parfum. Raikas kukkaistuoksu, [&hellip;]<\/p>\n","protected":false},"featured_media":109634,"comment_status":"open","ping_status":"closed","template":"","meta":{"_trash_the_other_posts":false},"product_brand":[],"product_cat":[999,706,735],"product_tag":[2874],"berocket_brand":[1303],"class_list":{"0":"post-109636","1":"product","2":"type-product","3":"status-publish","4":"has-post-thumbnail","6":"product_cat-kampanjatarjous-naiselle","7":"product_cat-naisten-eau-de-parfum","8":"product_cat-kampanjamme","9":"product_tag-elizabeth-arden-white-tea-edp","10":"pa_brand-elizabeth-arden","11":"pa_variantti-50ml","12":"berocket_brand-elizabeth-arden","14":"first","15":"outofstock","16":"sale","17":"taxable","18":"shipping-taxable","19":"purchasable","20":"product-type-simple"},"_links":{"self":[{"href":"https:\/\/stylingagenten.com\/fi\/wp-json\/wp\/v2\/product\/109636","targetHints":{"allow":["GET"]}}],"collection":[{"href":"https:\/\/stylingagenten.com\/fi\/wp-json\/wp\/v2\/product"}],"about":[{"href":"https:\/\/stylingagenten.com\/fi\/wp-json\/wp\/v2\/types\/product"}],"replies":[{"embeddable":true,"href":"https:\/\/stylingagenten.com\/fi\/wp-json\/wp\/v2\/comments?post=109636"}],"version-history":[{"count":0,"href":"https:\/\/stylingagenten.com\/fi\/wp-json\/wp\/v2\/product\/109636\/revisions"}],"wp:featuredmedia":[{"embeddable":true,"href":"https:\/\/stylingagenten.com\/fi\/wp-json\/wp\/v2\/media\/109634"}],"wp:attachment":[{"href":"https:\/\/stylingagenten.com\/fi\/wp-json\/wp\/v2\/media?parent=109636"}],"wp:term":[{"taxonomy":"product_brand","embeddable":true,"href":"https:\/\/stylingagenten.com\/fi\/wp-json\/wp\/v2\/product_brand?post=109636"},{"taxonomy":"product_cat","embeddable":true,"href":"https:\/\/stylingagenten.com\/fi\/wp-json\/wp\/v2\/product_cat?post=109636"},{"taxonomy":"product_tag","embeddable":true,"href":"https:\/\/stylingagenten.com\/fi\/wp-json\/wp\/v2\/product_tag?post=109636"},{"taxonomy":"berocket_brand","embeddable":true,"href":"https:\/\/stylingagenten.com\/fi\/wp-json\/wp\/v2\/berocket_brand?post=109636"}],"curies":[{"name":"wp","href":"https:\/\/api.w.org\/{rel}","templated":true}]}}