{"id":109633,"date":"2025-05-18T20:52:58","date_gmt":"2025-05-18T20:52:58","guid":{"rendered":"https:\/\/staging2.stylingagenten.com\/fi\/produkt\/lattafa-oud-mood-reminiscence-edp-100ml\/"},"modified":"2026-03-11T21:48:37","modified_gmt":"2026-03-11T21:48:37","slug":"lattafa-oud-mood-reminiscence-edp-100ml","status":"publish","type":"product","link":"https:\/\/stylingagenten.com\/fi\/tuote\/lattafa-oud-mood-reminiscence-edp-100ml\/","title":{"rendered":"Lattafa Oud Mood Reminiscence Edp 100ml"},"content":{"rendered":"<p>Miesten Eau de Parfum, Lattafa Oud Mood Reminiscence, auttaa sinua l\u00f6yt\u00e4m\u00e4\u00e4n sis\u00e4isen maskuliinisuutesi, voimasi ja rohkeutesi. Tuoksu yll\u00e4tt\u00e4\u00e4 maskuliinisuudellaan ja korostaa t\u00e4ydellisesti luonteenpiirteit\u00e4si kaikissa tilanteissa.<\/p>\n<p>Yl\u00e4vivahteet: Bergamotti, Omena, Ananas<br \/>\n<br \/>Syd\u00e4nvivahteet: Ruusu, Patchouli, Koivu, Jasmiini<br \/>\n<br \/>Pohjavivahteet: Oravanmarja, Myski, Meripihka, Vanilja<\/p>\n<p>100ml<\/p>\n","protected":false},"excerpt":{"rendered":"<p>Miesten Eau de Parfum, Lattafa Oud Mood Reminiscence, auttaa sinua l\u00f6yt\u00e4m\u00e4\u00e4n sis\u00e4isen maskuliinisuutesi, voimasi ja rohkeutesi. Tuoksu yll\u00e4tt\u00e4\u00e4 maskuliinisuudellaan ja korostaa t\u00e4ydellisesti luonteenpiirteit\u00e4si kaikissa tilanteissa. Yl\u00e4vivahteet: Bergamotti, Omena, Ananas Syd\u00e4nvivahteet: Ruusu, Patchouli, Koivu, Jasmiini Pohjavivahteet: Oravanmarja, Myski, Meripihka, Vanilja 100ml<\/p>\n","protected":false},"featured_media":109629,"comment_status":"open","ping_status":"closed","template":"","meta":{"_trash_the_other_posts":false},"product_brand":[],"product_cat":[708,999,735],"product_tag":[],"berocket_brand":[1414],"class_list":{"0":"post-109633","1":"product","2":"type-product","3":"status-publish","4":"has-post-thumbnail","6":"product_cat-eau-de-parfum-miesten","7":"product_cat-kampanjatarjous-naiselle","8":"product_cat-kampanjamme","9":"pa_brand-lattafa","10":"berocket_brand-lattafa","12":"first","13":"instock","14":"sale","15":"taxable","16":"shipping-taxable","17":"purchasable","18":"product-type-simple"},"_links":{"self":[{"href":"https:\/\/stylingagenten.com\/fi\/wp-json\/wp\/v2\/product\/109633","targetHints":{"allow":["GET"]}}],"collection":[{"href":"https:\/\/stylingagenten.com\/fi\/wp-json\/wp\/v2\/product"}],"about":[{"href":"https:\/\/stylingagenten.com\/fi\/wp-json\/wp\/v2\/types\/product"}],"replies":[{"embeddable":true,"href":"https:\/\/stylingagenten.com\/fi\/wp-json\/wp\/v2\/comments?post=109633"}],"version-history":[{"count":0,"href":"https:\/\/stylingagenten.com\/fi\/wp-json\/wp\/v2\/product\/109633\/revisions"}],"wp:featuredmedia":[{"embeddable":true,"href":"https:\/\/stylingagenten.com\/fi\/wp-json\/wp\/v2\/media\/109629"}],"wp:attachment":[{"href":"https:\/\/stylingagenten.com\/fi\/wp-json\/wp\/v2\/media?parent=109633"}],"wp:term":[{"taxonomy":"product_brand","embeddable":true,"href":"https:\/\/stylingagenten.com\/fi\/wp-json\/wp\/v2\/product_brand?post=109633"},{"taxonomy":"product_cat","embeddable":true,"href":"https:\/\/stylingagenten.com\/fi\/wp-json\/wp\/v2\/product_cat?post=109633"},{"taxonomy":"product_tag","embeddable":true,"href":"https:\/\/stylingagenten.com\/fi\/wp-json\/wp\/v2\/product_tag?post=109633"},{"taxonomy":"berocket_brand","embeddable":true,"href":"https:\/\/stylingagenten.com\/fi\/wp-json\/wp\/v2\/berocket_brand?post=109633"}],"curies":[{"name":"wp","href":"https:\/\/api.w.org\/{rel}","templated":true}]}}