{"id":109631,"date":"2025-05-18T20:52:57","date_gmt":"2025-05-18T20:52:57","guid":{"rendered":"https:\/\/staging2.stylingagenten.com\/fi\/produkt\/lattafa-adeeb-edp-100ml\/"},"modified":"2026-03-16T21:37:30","modified_gmt":"2026-03-16T21:37:30","slug":"lattafa-adeeb-edp-100ml","status":"publish","type":"product","link":"https:\/\/stylingagenten.com\/fi\/tuote\/lattafa-adeeb-edp-100ml\/","title":{"rendered":"Lattafa Adeeb Edp 100ml"},"content":{"rendered":"<p>Unohda s\u00e4\u00e4nn\u00f6t, rajat ja rajoitukset. Eau de Parfum Unisex Lattafa Adeeb on t\u00e4ydellinen kaikille, jotka eiv\u00e4t pelk\u00e4\u00e4 erottua joukosta.<\/p>\n<p>Yl\u00e4vivahteet: Kaneli, Vanilja, Tupakka<br \/>\n<br \/>Syd\u00e4nvivahteet: Mausteet, Savuiset vivahteet, Timjami, Neilikka, Yrttivivahteet, Agarpuu<br \/>\n<br \/>Pohjavivahteet: Setripuu, Santelipuu, Musta meripihka, Patchouli, Myski<\/p>\n<p>100ml<\/p>\n","protected":false},"excerpt":{"rendered":"<p>Unohda s\u00e4\u00e4nn\u00f6t, rajat ja rajoitukset. Eau de Parfum Unisex Lattafa Adeeb on t\u00e4ydellinen kaikille, jotka eiv\u00e4t pelk\u00e4\u00e4 erottua joukosta. Yl\u00e4vivahteet: Kaneli, Vanilja, Tupakka Syd\u00e4nvivahteet: Mausteet, Savuiset vivahteet, Timjami, Neilikka, Yrttivivahteet, Agarpuu Pohjavivahteet: Setripuu, Santelipuu, Musta meripihka, Patchouli, Myski 100ml<\/p>\n","protected":false},"featured_media":109628,"comment_status":"open","ping_status":"closed","template":"","meta":{"_trash_the_other_posts":false},"product_brand":[],"product_cat":[729,999,735],"product_tag":[],"berocket_brand":[1414],"class_list":{"0":"post-109631","1":"product","2":"type-product","3":"status-publish","4":"has-post-thumbnail","6":"product_cat-eau-de-parfum-unisex","7":"product_cat-kampanjatarjous-naiselle","8":"product_cat-kampanjamme","9":"pa_brand-lattafa","10":"berocket_brand-lattafa","12":"first","13":"instock","14":"sale","15":"taxable","16":"shipping-taxable","17":"purchasable","18":"product-type-simple"},"_links":{"self":[{"href":"https:\/\/stylingagenten.com\/fi\/wp-json\/wp\/v2\/product\/109631","targetHints":{"allow":["GET"]}}],"collection":[{"href":"https:\/\/stylingagenten.com\/fi\/wp-json\/wp\/v2\/product"}],"about":[{"href":"https:\/\/stylingagenten.com\/fi\/wp-json\/wp\/v2\/types\/product"}],"replies":[{"embeddable":true,"href":"https:\/\/stylingagenten.com\/fi\/wp-json\/wp\/v2\/comments?post=109631"}],"version-history":[{"count":0,"href":"https:\/\/stylingagenten.com\/fi\/wp-json\/wp\/v2\/product\/109631\/revisions"}],"wp:featuredmedia":[{"embeddable":true,"href":"https:\/\/stylingagenten.com\/fi\/wp-json\/wp\/v2\/media\/109628"}],"wp:attachment":[{"href":"https:\/\/stylingagenten.com\/fi\/wp-json\/wp\/v2\/media?parent=109631"}],"wp:term":[{"taxonomy":"product_brand","embeddable":true,"href":"https:\/\/stylingagenten.com\/fi\/wp-json\/wp\/v2\/product_brand?post=109631"},{"taxonomy":"product_cat","embeddable":true,"href":"https:\/\/stylingagenten.com\/fi\/wp-json\/wp\/v2\/product_cat?post=109631"},{"taxonomy":"product_tag","embeddable":true,"href":"https:\/\/stylingagenten.com\/fi\/wp-json\/wp\/v2\/product_tag?post=109631"},{"taxonomy":"berocket_brand","embeddable":true,"href":"https:\/\/stylingagenten.com\/fi\/wp-json\/wp\/v2\/berocket_brand?post=109631"}],"curies":[{"name":"wp","href":"https:\/\/api.w.org\/{rel}","templated":true}]}}