{"id":109627,"date":"2025-05-18T20:52:56","date_gmt":"2025-05-18T20:52:56","guid":{"rendered":"https:\/\/staging2.stylingagenten.com\/fi\/produkt\/lattafa-velvet-rose-edp-100ml\/"},"modified":"2026-04-03T18:28:36","modified_gmt":"2026-04-03T18:28:36","slug":"lattafa-velvet-rose-edp-100ml","status":"publish","type":"product","link":"https:\/\/stylingagenten.com\/fi\/tuote\/lattafa-velvet-rose-edp-100ml\/","title":{"rendered":"Lattafa Velvet Rose Edp 100ml"},"content":{"rendered":"<p>Hemmottele itse\u00e4si tuoksulla, joka saa sinut tuntemaan itsesi s\u00e4ihkys\u00e4ksi, miss\u00e4 tahansa oletkin. Lattafa VelvetRose on Eau de Parfum naisille, joka symboloi luksusta ja eksklusiivisuutta, ja jopa vaativimmatkin ovat enemm\u00e4n kuin tyytyv\u00e4isi\u00e4 sen hienostuneeseen tuoksukoostumukseen.<\/p>\n<p>Alkutuoksu: Patchouli, Ruusu<br \/>\n<br \/>Syd\u00e4ntuoksu: Labdanum, Myski<br \/>\n<br \/>Pohjatuoksu: Meripihka, Myski<\/p>\n<p>100ml<\/p>\n","protected":false},"excerpt":{"rendered":"<p>Hemmottele itse\u00e4si tuoksulla, joka saa sinut tuntemaan itsesi s\u00e4ihkys\u00e4ksi, miss\u00e4 tahansa oletkin. Lattafa VelvetRose on Eau de Parfum naisille, joka symboloi luksusta ja eksklusiivisuutta, ja jopa vaativimmatkin ovat enemm\u00e4n kuin tyytyv\u00e4isi\u00e4 sen hienostuneeseen tuoksukoostumukseen. Alkutuoksu: Patchouli, Ruusu Syd\u00e4ntuoksu: Labdanum, Myski Pohjatuoksu: Meripihka, Myski 100ml<\/p>\n","protected":false},"featured_media":109622,"comment_status":"open","ping_status":"closed","template":"","meta":{"_trash_the_other_posts":false},"product_brand":[],"product_cat":[999,706,735],"product_tag":[],"berocket_brand":[1414],"class_list":{"0":"post-109627","1":"product","2":"type-product","3":"status-publish","4":"has-post-thumbnail","6":"product_cat-kampanjatarjous-naiselle","7":"product_cat-naisten-eau-de-parfum","8":"product_cat-kampanjamme","9":"pa_brand-lattafa","10":"berocket_brand-lattafa","12":"first","13":"instock","14":"sale","15":"taxable","16":"shipping-taxable","17":"purchasable","18":"product-type-simple"},"_links":{"self":[{"href":"https:\/\/stylingagenten.com\/fi\/wp-json\/wp\/v2\/product\/109627","targetHints":{"allow":["GET"]}}],"collection":[{"href":"https:\/\/stylingagenten.com\/fi\/wp-json\/wp\/v2\/product"}],"about":[{"href":"https:\/\/stylingagenten.com\/fi\/wp-json\/wp\/v2\/types\/product"}],"replies":[{"embeddable":true,"href":"https:\/\/stylingagenten.com\/fi\/wp-json\/wp\/v2\/comments?post=109627"}],"version-history":[{"count":0,"href":"https:\/\/stylingagenten.com\/fi\/wp-json\/wp\/v2\/product\/109627\/revisions"}],"wp:featuredmedia":[{"embeddable":true,"href":"https:\/\/stylingagenten.com\/fi\/wp-json\/wp\/v2\/media\/109622"}],"wp:attachment":[{"href":"https:\/\/stylingagenten.com\/fi\/wp-json\/wp\/v2\/media?parent=109627"}],"wp:term":[{"taxonomy":"product_brand","embeddable":true,"href":"https:\/\/stylingagenten.com\/fi\/wp-json\/wp\/v2\/product_brand?post=109627"},{"taxonomy":"product_cat","embeddable":true,"href":"https:\/\/stylingagenten.com\/fi\/wp-json\/wp\/v2\/product_cat?post=109627"},{"taxonomy":"product_tag","embeddable":true,"href":"https:\/\/stylingagenten.com\/fi\/wp-json\/wp\/v2\/product_tag?post=109627"},{"taxonomy":"berocket_brand","embeddable":true,"href":"https:\/\/stylingagenten.com\/fi\/wp-json\/wp\/v2\/berocket_brand?post=109627"}],"curies":[{"name":"wp","href":"https:\/\/api.w.org\/{rel}","templated":true}]}}