{"id":109626,"date":"2025-05-18T20:52:56","date_gmt":"2025-05-18T20:52:56","guid":{"rendered":"https:\/\/staging2.stylingagenten.com\/fi\/produkt\/lattafa-asdaaf-ameerat-al-arab-edp-100ml\/"},"modified":"2026-04-07T12:18:29","modified_gmt":"2026-04-07T12:18:29","slug":"lattafa-asdaaf-ameerat-al-arab-edp-100ml","status":"publish","type":"product","link":"https:\/\/stylingagenten.com\/fi\/tuote\/lattafa-asdaaf-ameerat-al-arab-edp-100ml\/","title":{"rendered":"Lattafa Asdaaf Ameerat Al Arab Edp 100ml"},"content":{"rendered":"<p>Koe eksoottinen ja kukkainen aromi. Asdaaf Ameerat Al Arab eau de parfum naisille on vieh\u00e4tt\u00e4v\u00e4 tuoksu, joka varmasti j\u00e4tt\u00e4\u00e4 pysyv\u00e4n vaikutuksen. Se on herk\u00e4n kukkainen ja it\u00e4mainen, mik\u00e4 tekee siit\u00e4 t\u00e4ydellisen p\u00e4ivitt\u00e4iseen k\u00e4ytt\u00f6\u00f6n tai erityisiin tilaisuuksiin. T\u00e4m\u00e4 tuoksu on t\u00e4ydellinen naisille, jotka rakastavat vangita ymp\u00e4rist\u00f6ns\u00e4 huomion.<\/p>\n<p>Tuoksunuotit: Greippi, Appelsiini, Jasmiini, Valkoinen myski, Meripihka, Santelipuu, Tonkapavut<\/p>\n<p>100ml<\/p>\n","protected":false},"excerpt":{"rendered":"<p>Koe eksoottinen ja kukkainen aromi. Asdaaf Ameerat Al Arab eau de parfum naisille on vieh\u00e4tt\u00e4v\u00e4 tuoksu, joka varmasti j\u00e4tt\u00e4\u00e4 pysyv\u00e4n vaikutuksen. Se on herk\u00e4n kukkainen ja it\u00e4mainen, mik\u00e4 tekee siit\u00e4 t\u00e4ydellisen p\u00e4ivitt\u00e4iseen k\u00e4ytt\u00f6\u00f6n tai erityisiin tilaisuuksiin. T\u00e4m\u00e4 tuoksu on t\u00e4ydellinen naisille, jotka rakastavat vangita ymp\u00e4rist\u00f6ns\u00e4 huomion. Tuoksunuotit: Greippi, Appelsiini, Jasmiini, Valkoinen myski, Meripihka, Santelipuu, Tonkapavut [&hellip;]<\/p>\n","protected":false},"featured_media":109620,"comment_status":"open","ping_status":"closed","template":"","meta":{"_trash_the_other_posts":false},"product_brand":[],"product_cat":[999,706,735],"product_tag":[],"berocket_brand":[1414],"class_list":{"0":"post-109626","1":"product","2":"type-product","3":"status-publish","4":"has-post-thumbnail","6":"product_cat-kampanjatarjous-naiselle","7":"product_cat-naisten-eau-de-parfum","8":"product_cat-kampanjamme","9":"pa_brand-lattafa","10":"berocket_brand-lattafa","12":"first","13":"outofstock","14":"sale","15":"taxable","16":"shipping-taxable","17":"purchasable","18":"product-type-simple"},"_links":{"self":[{"href":"https:\/\/stylingagenten.com\/fi\/wp-json\/wp\/v2\/product\/109626","targetHints":{"allow":["GET"]}}],"collection":[{"href":"https:\/\/stylingagenten.com\/fi\/wp-json\/wp\/v2\/product"}],"about":[{"href":"https:\/\/stylingagenten.com\/fi\/wp-json\/wp\/v2\/types\/product"}],"replies":[{"embeddable":true,"href":"https:\/\/stylingagenten.com\/fi\/wp-json\/wp\/v2\/comments?post=109626"}],"version-history":[{"count":0,"href":"https:\/\/stylingagenten.com\/fi\/wp-json\/wp\/v2\/product\/109626\/revisions"}],"wp:featuredmedia":[{"embeddable":true,"href":"https:\/\/stylingagenten.com\/fi\/wp-json\/wp\/v2\/media\/109620"}],"wp:attachment":[{"href":"https:\/\/stylingagenten.com\/fi\/wp-json\/wp\/v2\/media?parent=109626"}],"wp:term":[{"taxonomy":"product_brand","embeddable":true,"href":"https:\/\/stylingagenten.com\/fi\/wp-json\/wp\/v2\/product_brand?post=109626"},{"taxonomy":"product_cat","embeddable":true,"href":"https:\/\/stylingagenten.com\/fi\/wp-json\/wp\/v2\/product_cat?post=109626"},{"taxonomy":"product_tag","embeddable":true,"href":"https:\/\/stylingagenten.com\/fi\/wp-json\/wp\/v2\/product_tag?post=109626"},{"taxonomy":"berocket_brand","embeddable":true,"href":"https:\/\/stylingagenten.com\/fi\/wp-json\/wp\/v2\/berocket_brand?post=109626"}],"curies":[{"name":"wp","href":"https:\/\/api.w.org\/{rel}","templated":true}]}}