{"id":109611,"date":"2025-05-18T20:52:53","date_gmt":"2025-05-18T20:52:53","guid":{"rendered":"https:\/\/staging2.stylingagenten.com\/fi\/produkt\/lattafa-badee-al-oud-amethyst-edp-100ml\/"},"modified":"2026-04-13T13:38:41","modified_gmt":"2026-04-13T13:38:41","slug":"lattafa-badee-al-oud-amethyst-edp-100ml","status":"publish","type":"product","link":"https:\/\/stylingagenten.com\/fi\/tuote\/lattafa-badee-al-oud-amethyst-edp-100ml\/","title":{"rendered":"Lattafa Bade&#8217;e Al Oud Amethyst Edp 100ml"},"content":{"rendered":"<p>K\u00e4\u00e4riydy tuoksuun, joka sulautuu kehoosi ja muuttuu uudeksi allekirjoituksesi. Eau de Parfum Lattafa Badee Al Oud Ametyst tulee valloittamaan sinut heti ensimm\u00e4isest\u00e4 tuoksusta, eik\u00e4 se koskaan lakkaa yll\u00e4tt\u00e4m\u00e4st\u00e4 sinua.<\/p>\n<p>Alkutuoksu: Ruusapippuri, Bergamotti<br \/>\n<br \/>Syd\u00e4ntuoksu: Damaskoksen ruusu, Bulgaria ruusu, Jasmiini<br \/>\n<br \/>Pohjatuoksu: Agarwood savua, Meripihka, Vanilja<\/p>\n<p>100ml<\/p>\n","protected":false},"excerpt":{"rendered":"<p>K\u00e4\u00e4riydy tuoksuun, joka sulautuu kehoosi ja muuttuu uudeksi allekirjoituksesi. Eau de Parfum Lattafa Badee Al Oud Ametyst tulee valloittamaan sinut heti ensimm\u00e4isest\u00e4 tuoksusta, eik\u00e4 se koskaan lakkaa yll\u00e4tt\u00e4m\u00e4st\u00e4 sinua. Alkutuoksu: Ruusapippuri, Bergamotti Syd\u00e4ntuoksu: Damaskoksen ruusu, Bulgaria ruusu, Jasmiini Pohjatuoksu: Agarwood savua, Meripihka, Vanilja 100ml<\/p>\n","protected":false},"featured_media":109607,"comment_status":"open","ping_status":"closed","template":"","meta":{"_trash_the_other_posts":false},"product_brand":[],"product_cat":[706],"product_tag":[],"berocket_brand":[1414],"class_list":{"0":"post-109611","1":"product","2":"type-product","3":"status-publish","4":"has-post-thumbnail","6":"product_cat-naisten-eau-de-parfum","7":"pa_brand-lattafa","8":"berocket_brand-lattafa","10":"first","11":"instock","12":"sale","13":"taxable","14":"shipping-taxable","15":"purchasable","16":"product-type-simple"},"_links":{"self":[{"href":"https:\/\/stylingagenten.com\/fi\/wp-json\/wp\/v2\/product\/109611","targetHints":{"allow":["GET"]}}],"collection":[{"href":"https:\/\/stylingagenten.com\/fi\/wp-json\/wp\/v2\/product"}],"about":[{"href":"https:\/\/stylingagenten.com\/fi\/wp-json\/wp\/v2\/types\/product"}],"replies":[{"embeddable":true,"href":"https:\/\/stylingagenten.com\/fi\/wp-json\/wp\/v2\/comments?post=109611"}],"version-history":[{"count":0,"href":"https:\/\/stylingagenten.com\/fi\/wp-json\/wp\/v2\/product\/109611\/revisions"}],"wp:featuredmedia":[{"embeddable":true,"href":"https:\/\/stylingagenten.com\/fi\/wp-json\/wp\/v2\/media\/109607"}],"wp:attachment":[{"href":"https:\/\/stylingagenten.com\/fi\/wp-json\/wp\/v2\/media?parent=109611"}],"wp:term":[{"taxonomy":"product_brand","embeddable":true,"href":"https:\/\/stylingagenten.com\/fi\/wp-json\/wp\/v2\/product_brand?post=109611"},{"taxonomy":"product_cat","embeddable":true,"href":"https:\/\/stylingagenten.com\/fi\/wp-json\/wp\/v2\/product_cat?post=109611"},{"taxonomy":"product_tag","embeddable":true,"href":"https:\/\/stylingagenten.com\/fi\/wp-json\/wp\/v2\/product_tag?post=109611"},{"taxonomy":"berocket_brand","embeddable":true,"href":"https:\/\/stylingagenten.com\/fi\/wp-json\/wp\/v2\/berocket_brand?post=109611"}],"curies":[{"name":"wp","href":"https:\/\/api.w.org\/{rel}","templated":true}]}}