{"id":109605,"date":"2025-05-18T20:52:51","date_gmt":"2025-05-18T20:52:51","guid":{"rendered":"https:\/\/staging2.stylingagenten.com\/fi\/produkt\/calvin-klein-beauty-edp-50ml\/"},"modified":"2026-02-04T21:14:47","modified_gmt":"2026-02-04T21:14:47","slug":"calvin-klein-beauty-edp-50ml","status":"publish","type":"product","link":"https:\/\/stylingagenten.com\/fi\/tuote\/calvin-klein-beauty-edp-50ml\/","title":{"rendered":"Calvin Klein Beauty Edp 50ml"},"content":{"rendered":"<p>Calvin Klein Beauty on tuoksu, joka paljastaa sis\u00e4isen kauneutesi ja j\u00e4tt\u00e4\u00e4 mieleenpainuvan vaikutelman. Tuoksun on luonut Sophie Labbe, ja se ilmaisee glamouria ja itseluottamusta.<\/p>\n<p><strong>Tuoksutuoksu:<\/strong> lilja, ambretin siemen, jasmiini ja setripuu.<\/p>\n","protected":false},"excerpt":{"rendered":"<p>Calvin Klein Beauty on tuoksu, joka paljastaa sis\u00e4isen kauneutesi ja j\u00e4tt\u00e4\u00e4 mieleenpainuvan vaikutelman. Tuoksun on luonut Sophie Labbe, ja se ilmaisee glamouria ja itseluottamusta. Tuoksutuoksu: lilja, ambretin siemen, jasmiini ja setripuu.<\/p>\n","protected":false},"featured_media":109599,"comment_status":"open","ping_status":"closed","template":"","meta":{"_trash_the_other_posts":false},"product_brand":[],"product_cat":[788,706],"product_tag":[2631],"berocket_brand":[1014],"class_list":{"0":"post-109605","1":"product","2":"type-product","3":"status-publish","4":"has-post-thumbnail","6":"product_cat-calvin-klein-beauty","7":"product_cat-naisten-eau-de-parfum","8":"product_tag-calvin-klein-beauty-edp","9":"pa_brand-calvin-klein","10":"pa_variantti-50ml","11":"berocket_brand-calvin-klein","13":"first","14":"outofstock","15":"sale","16":"taxable","17":"shipping-taxable","18":"purchasable","19":"product-type-simple"},"_links":{"self":[{"href":"https:\/\/stylingagenten.com\/fi\/wp-json\/wp\/v2\/product\/109605","targetHints":{"allow":["GET"]}}],"collection":[{"href":"https:\/\/stylingagenten.com\/fi\/wp-json\/wp\/v2\/product"}],"about":[{"href":"https:\/\/stylingagenten.com\/fi\/wp-json\/wp\/v2\/types\/product"}],"replies":[{"embeddable":true,"href":"https:\/\/stylingagenten.com\/fi\/wp-json\/wp\/v2\/comments?post=109605"}],"version-history":[{"count":0,"href":"https:\/\/stylingagenten.com\/fi\/wp-json\/wp\/v2\/product\/109605\/revisions"}],"wp:featuredmedia":[{"embeddable":true,"href":"https:\/\/stylingagenten.com\/fi\/wp-json\/wp\/v2\/media\/109599"}],"wp:attachment":[{"href":"https:\/\/stylingagenten.com\/fi\/wp-json\/wp\/v2\/media?parent=109605"}],"wp:term":[{"taxonomy":"product_brand","embeddable":true,"href":"https:\/\/stylingagenten.com\/fi\/wp-json\/wp\/v2\/product_brand?post=109605"},{"taxonomy":"product_cat","embeddable":true,"href":"https:\/\/stylingagenten.com\/fi\/wp-json\/wp\/v2\/product_cat?post=109605"},{"taxonomy":"product_tag","embeddable":true,"href":"https:\/\/stylingagenten.com\/fi\/wp-json\/wp\/v2\/product_tag?post=109605"},{"taxonomy":"berocket_brand","embeddable":true,"href":"https:\/\/stylingagenten.com\/fi\/wp-json\/wp\/v2\/berocket_brand?post=109605"}],"curies":[{"name":"wp","href":"https:\/\/api.w.org\/{rel}","templated":true}]}}