{"id":109602,"date":"2025-05-18T20:52:51","date_gmt":"2025-05-18T20:52:51","guid":{"rendered":"https:\/\/staging2.stylingagenten.com\/fi\/produkt\/jimmy-choo-fever-edp-40ml\/"},"modified":"2026-04-06T17:58:41","modified_gmt":"2026-04-06T17:58:41","slug":"jimmy-choo-fever-edp-40ml","status":"publish","type":"product","link":"https:\/\/stylingagenten.com\/fi\/tuote\/jimmy-choo-fever-edp-40ml\/","title":{"rendered":"Jimmy Choo Fever Edp 40ml"},"content":{"rendered":"<p>Jimmy Choo Fever EdP avautuu ylivoimaisella, mutta samalla ihanasti mehukkaalla makeudella, jossa luumu yhdistyy ruusumaiseen litsiin ja hienovaraisesti kitker\u00e4\u00e4n greippisointuun. Syd\u00e4ntuoksussa heliotropen pehme\u00e4, puuterimainen rakenne sulautuu eksoottiseen vaniljaorkideaan, tehokkaasti kontrastoituna ultranaisellisella jasmiinilla. Lopuksi kermainen santelipuu, balsaminen l\u00e4mmin bentsoe ja mantelinen paahdettu tonkapapu kehitt\u00e4v\u00e4t loputtoman kiehtovuuden ja antavat tuoksulle sen vertaansa vailla olevan samettisen ja eritt\u00e4in viettelev\u00e4n olemuksen.<\/p>\n<p>Yl\u00e4vivat: Mustan luumun nektari, Litsi, Greippi<br \/>\n<br \/>Syd\u00e4ntuoksut: Heliotrooppi, Vaniljaorkidea, Jasmiini<br \/>\n<br \/>Pohjatuoksut: Paahdetut Tonkapavut, Bentsoe, Santelipuu<\/p>\n<p>40ml<\/p>\n","protected":false},"excerpt":{"rendered":"<p>Jimmy Choo Fever EdP avautuu ylivoimaisella, mutta samalla ihanasti mehukkaalla makeudella, jossa luumu yhdistyy ruusumaiseen litsiin ja hienovaraisesti kitker\u00e4\u00e4n greippisointuun. Syd\u00e4ntuoksussa heliotropen pehme\u00e4, puuterimainen rakenne sulautuu eksoottiseen vaniljaorkideaan, tehokkaasti kontrastoituna ultranaisellisella jasmiinilla. Lopuksi kermainen santelipuu, balsaminen l\u00e4mmin bentsoe ja mantelinen paahdettu tonkapapu kehitt\u00e4v\u00e4t loputtoman kiehtovuuden ja antavat tuoksulle sen vertaansa vailla olevan samettisen ja eritt\u00e4in [&hellip;]<\/p>\n","protected":false},"featured_media":109591,"comment_status":"open","ping_status":"closed","template":"","meta":{"_trash_the_other_posts":false},"product_brand":[],"product_cat":[999,706,735],"product_tag":[],"berocket_brand":[1122],"class_list":{"0":"post-109602","1":"product","2":"type-product","3":"status-publish","4":"has-post-thumbnail","6":"product_cat-kampanjatarjous-naiselle","7":"product_cat-naisten-eau-de-parfum","8":"product_cat-kampanjamme","9":"pa_brand-jimmy-choo","10":"berocket_brand-jimmy-choo","12":"first","13":"instock","14":"sale","15":"taxable","16":"shipping-taxable","17":"purchasable","18":"product-type-simple"},"_links":{"self":[{"href":"https:\/\/stylingagenten.com\/fi\/wp-json\/wp\/v2\/product\/109602","targetHints":{"allow":["GET"]}}],"collection":[{"href":"https:\/\/stylingagenten.com\/fi\/wp-json\/wp\/v2\/product"}],"about":[{"href":"https:\/\/stylingagenten.com\/fi\/wp-json\/wp\/v2\/types\/product"}],"replies":[{"embeddable":true,"href":"https:\/\/stylingagenten.com\/fi\/wp-json\/wp\/v2\/comments?post=109602"}],"version-history":[{"count":0,"href":"https:\/\/stylingagenten.com\/fi\/wp-json\/wp\/v2\/product\/109602\/revisions"}],"wp:featuredmedia":[{"embeddable":true,"href":"https:\/\/stylingagenten.com\/fi\/wp-json\/wp\/v2\/media\/109591"}],"wp:attachment":[{"href":"https:\/\/stylingagenten.com\/fi\/wp-json\/wp\/v2\/media?parent=109602"}],"wp:term":[{"taxonomy":"product_brand","embeddable":true,"href":"https:\/\/stylingagenten.com\/fi\/wp-json\/wp\/v2\/product_brand?post=109602"},{"taxonomy":"product_cat","embeddable":true,"href":"https:\/\/stylingagenten.com\/fi\/wp-json\/wp\/v2\/product_cat?post=109602"},{"taxonomy":"product_tag","embeddable":true,"href":"https:\/\/stylingagenten.com\/fi\/wp-json\/wp\/v2\/product_tag?post=109602"},{"taxonomy":"berocket_brand","embeddable":true,"href":"https:\/\/stylingagenten.com\/fi\/wp-json\/wp\/v2\/berocket_brand?post=109602"}],"curies":[{"name":"wp","href":"https:\/\/api.w.org\/{rel}","templated":true}]}}