{"id":109598,"date":"2025-05-18T20:52:51","date_gmt":"2025-05-18T20:52:51","guid":{"rendered":"https:\/\/staging2.stylingagenten.com\/fi\/produkt\/replay-green-on-me-woman-edp-30ml\/"},"modified":"2026-04-02T13:58:29","modified_gmt":"2026-04-02T13:58:29","slug":"replay-green-on-me-woman-edp-30ml","status":"publish","type":"product","link":"https:\/\/stylingagenten.com\/fi\/tuote\/replay-green-on-me-woman-edp-30ml\/","title":{"rendered":"Replay Green On Me Woman Edp 30ml"},"content":{"rendered":"<p>Replay Green On Me Woman EdP her\u00e4tt\u00e4\u00e4 kasvihuoneen tunnelman varhaisena aamuna. Auringons\u00e4teet alkavat siivil\u00f6ity\u00e4 ikkunoiden l\u00e4pi, jotka ovat yh\u00e4 huuruisia iltap\u00e4iv\u00e4n l\u00e4mm\u00f6st\u00e4. Kukat, yh\u00e4 kasteen kostuttamat, alkavat avautua ja paljastavat varovasti kirkkaat v\u00e4rins\u00e4 samalla, kun ne vapauttavat luonnon viettelev\u00e4n tuoksun.<\/p>\n<p>Yl\u00e4tuoksut: bergamotti, keltainen mandariini, muratti<br \/>\n<br \/>Syd\u00e4ntuoksut: heliotrooppi, appelsiininkukka, vihre\u00e4 omena<br \/>\n<br \/>Pohjatuoksut: vanilja, santelipuu, patchoulinlehdet<\/p>\n<p>30ml<\/p>\n","protected":false},"excerpt":{"rendered":"<p>Replay Green On Me Woman EdP her\u00e4tt\u00e4\u00e4 kasvihuoneen tunnelman varhaisena aamuna. Auringons\u00e4teet alkavat siivil\u00f6ity\u00e4 ikkunoiden l\u00e4pi, jotka ovat yh\u00e4 huuruisia iltap\u00e4iv\u00e4n l\u00e4mm\u00f6st\u00e4. Kukat, yh\u00e4 kasteen kostuttamat, alkavat avautua ja paljastavat varovasti kirkkaat v\u00e4rins\u00e4 samalla, kun ne vapauttavat luonnon viettelev\u00e4n tuoksun. Yl\u00e4tuoksut: bergamotti, keltainen mandariini, muratti Syd\u00e4ntuoksut: heliotrooppi, appelsiininkukka, vihre\u00e4 omena Pohjatuoksut: vanilja, santelipuu, patchoulinlehdet 30ml<\/p>\n","protected":false},"featured_media":109589,"comment_status":"open","ping_status":"closed","template":"","meta":{"_trash_the_other_posts":false},"product_brand":[],"product_cat":[999,706,735],"product_tag":[3898],"berocket_brand":[1120],"class_list":{"0":"post-109598","1":"product","2":"type-product","3":"status-publish","4":"has-post-thumbnail","6":"product_cat-kampanjatarjous-naiselle","7":"product_cat-naisten-eau-de-parfum","8":"product_cat-kampanjamme","9":"product_tag-replay-green-on-me-woman-edp","10":"pa_brand-replay","11":"pa_variantti-30ml","12":"berocket_brand-replay","14":"first","15":"instock","16":"sale","17":"taxable","18":"shipping-taxable","19":"purchasable","20":"product-type-simple"},"_links":{"self":[{"href":"https:\/\/stylingagenten.com\/fi\/wp-json\/wp\/v2\/product\/109598","targetHints":{"allow":["GET"]}}],"collection":[{"href":"https:\/\/stylingagenten.com\/fi\/wp-json\/wp\/v2\/product"}],"about":[{"href":"https:\/\/stylingagenten.com\/fi\/wp-json\/wp\/v2\/types\/product"}],"replies":[{"embeddable":true,"href":"https:\/\/stylingagenten.com\/fi\/wp-json\/wp\/v2\/comments?post=109598"}],"version-history":[{"count":0,"href":"https:\/\/stylingagenten.com\/fi\/wp-json\/wp\/v2\/product\/109598\/revisions"}],"wp:featuredmedia":[{"embeddable":true,"href":"https:\/\/stylingagenten.com\/fi\/wp-json\/wp\/v2\/media\/109589"}],"wp:attachment":[{"href":"https:\/\/stylingagenten.com\/fi\/wp-json\/wp\/v2\/media?parent=109598"}],"wp:term":[{"taxonomy":"product_brand","embeddable":true,"href":"https:\/\/stylingagenten.com\/fi\/wp-json\/wp\/v2\/product_brand?post=109598"},{"taxonomy":"product_cat","embeddable":true,"href":"https:\/\/stylingagenten.com\/fi\/wp-json\/wp\/v2\/product_cat?post=109598"},{"taxonomy":"product_tag","embeddable":true,"href":"https:\/\/stylingagenten.com\/fi\/wp-json\/wp\/v2\/product_tag?post=109598"},{"taxonomy":"berocket_brand","embeddable":true,"href":"https:\/\/stylingagenten.com\/fi\/wp-json\/wp\/v2\/berocket_brand?post=109598"}],"curies":[{"name":"wp","href":"https:\/\/api.w.org\/{rel}","templated":true}]}}