{"id":109568,"date":"2025-05-18T20:52:46","date_gmt":"2025-05-18T20:52:46","guid":{"rendered":"https:\/\/staging2.stylingagenten.com\/fi\/produkt\/hugo-boss-boss-the-scent-magnetic-for-her-edp-30ml\/"},"modified":"2026-04-07T07:08:46","modified_gmt":"2026-04-07T07:08:46","slug":"hugo-boss-boss-the-scent-magnetic-for-her-edp-30ml","status":"publish","type":"product","link":"https:\/\/stylingagenten.com\/fi\/tuote\/hugo-boss-boss-the-scent-magnetic-for-her-edp-30ml\/","title":{"rendered":"Hugo Boss Boss The Scent Magnetic for Her Edp 30ml"},"content":{"rendered":"<p>Koe viettelysten voima BOSS The Scent Magnetic Eau de Parfum -naisten tuoksulla, intensiivinen tulkinta alkuper\u00e4isest\u00e4 BOSS The Scentist\u00e4, joka hurmaa aistit.<\/p>\n<p>Houkuttelevat huiput osmanthus-kukasta tehostuvat t\u00e4ss\u00e4 naisten tuoksussa antaen sille voimakkaan sensuaalisuuden. Syd\u00e4ntuoksun samettinen ambrettasiemen hypnotisoi aistit, ja yhdess\u00e4 valkoisen muskuksen kanssa pohjalla, BOSS The Scent saa ainutlaatuisen magnetisminsa.<\/p>\n<p>30ml<\/p>\n","protected":false},"excerpt":{"rendered":"<p>Koe viettelysten voima BOSS The Scent Magnetic Eau de Parfum -naisten tuoksulla, intensiivinen tulkinta alkuper\u00e4isest\u00e4 BOSS The Scentist\u00e4, joka hurmaa aistit. Houkuttelevat huiput osmanthus-kukasta tehostuvat t\u00e4ss\u00e4 naisten tuoksussa antaen sille voimakkaan sensuaalisuuden. Syd\u00e4ntuoksun samettinen ambrettasiemen hypnotisoi aistit, ja yhdess\u00e4 valkoisen muskuksen kanssa pohjalla, BOSS The Scent saa ainutlaatuisen magnetisminsa. 30ml<\/p>\n","protected":false},"featured_media":109558,"comment_status":"open","ping_status":"closed","template":"","meta":{"_trash_the_other_posts":false},"product_brand":[],"product_cat":[999,706,735],"product_tag":[],"berocket_brand":[1339],"class_list":{"0":"post-109568","1":"product","2":"type-product","3":"status-publish","4":"has-post-thumbnail","6":"product_cat-kampanjatarjous-naiselle","7":"product_cat-naisten-eau-de-parfum","8":"product_cat-kampanjamme","9":"pa_brand-hugo-boss","10":"berocket_brand-hugo-boss","12":"first","13":"outofstock","14":"sale","15":"taxable","16":"shipping-taxable","17":"purchasable","18":"product-type-simple"},"_links":{"self":[{"href":"https:\/\/stylingagenten.com\/fi\/wp-json\/wp\/v2\/product\/109568","targetHints":{"allow":["GET"]}}],"collection":[{"href":"https:\/\/stylingagenten.com\/fi\/wp-json\/wp\/v2\/product"}],"about":[{"href":"https:\/\/stylingagenten.com\/fi\/wp-json\/wp\/v2\/types\/product"}],"replies":[{"embeddable":true,"href":"https:\/\/stylingagenten.com\/fi\/wp-json\/wp\/v2\/comments?post=109568"}],"version-history":[{"count":0,"href":"https:\/\/stylingagenten.com\/fi\/wp-json\/wp\/v2\/product\/109568\/revisions"}],"wp:featuredmedia":[{"embeddable":true,"href":"https:\/\/stylingagenten.com\/fi\/wp-json\/wp\/v2\/media\/109558"}],"wp:attachment":[{"href":"https:\/\/stylingagenten.com\/fi\/wp-json\/wp\/v2\/media?parent=109568"}],"wp:term":[{"taxonomy":"product_brand","embeddable":true,"href":"https:\/\/stylingagenten.com\/fi\/wp-json\/wp\/v2\/product_brand?post=109568"},{"taxonomy":"product_cat","embeddable":true,"href":"https:\/\/stylingagenten.com\/fi\/wp-json\/wp\/v2\/product_cat?post=109568"},{"taxonomy":"product_tag","embeddable":true,"href":"https:\/\/stylingagenten.com\/fi\/wp-json\/wp\/v2\/product_tag?post=109568"},{"taxonomy":"berocket_brand","embeddable":true,"href":"https:\/\/stylingagenten.com\/fi\/wp-json\/wp\/v2\/berocket_brand?post=109568"}],"curies":[{"name":"wp","href":"https:\/\/api.w.org\/{rel}","templated":true}]}}