{"id":109564,"date":"2025-05-18T20:52:45","date_gmt":"2025-05-18T20:52:45","guid":{"rendered":"https:\/\/staging2.stylingagenten.com\/fi\/produkt\/anna-sui-fantasia-mermaid-edt-75ml\/"},"modified":"2026-03-24T20:56:26","modified_gmt":"2026-03-24T20:56:26","slug":"anna-sui-fantasia-mermaid-edt-75ml","status":"publish","type":"product","link":"https:\/\/stylingagenten.com\/fi\/tuote\/anna-sui-fantasia-mermaid-edt-75ml\/","title":{"rendered":"Anna Sui Fantasia Mermaid Edt 75ml"},"content":{"rendered":"<p>Anna Sui sukeltaa mielikuvitukselliseen vedenalaismaailmaan uudella tuoksulla: Fantasia Mermaid.<br \/>\n<br \/>Fantasia-tuoksun mystisten maiden halki vaeltamisen j\u00e4lkeen on aika jatkaa matkaa kimaltavien merien syvyyksiin. Huoleton ja sensuelli tuoksu, Fantasia Mermaidin merelliset, hedelm\u00e4iset ja kukkaiset s\u00e4vyt her\u00e4tt\u00e4v\u00e4t mysteeri\u00e4, lumousta ja seikkailua.<\/p>\n<p>Huippu-uutteet: Veriapelsiini, Mandariini, Kardemumma<br \/>\n<br \/>Syd\u00e4ntuoksut: Jasmiini, Veden litsi<br \/>\n<br \/>Pohjatuoksut: Vaalea puu, Vanilja, Hunaja, Tonkapapu<\/p>\n<p>75ml<\/p>\n","protected":false},"excerpt":{"rendered":"<p>Anna Sui sukeltaa mielikuvitukselliseen vedenalaismaailmaan uudella tuoksulla: Fantasia Mermaid. Fantasia-tuoksun mystisten maiden halki vaeltamisen j\u00e4lkeen on aika jatkaa matkaa kimaltavien merien syvyyksiin. Huoleton ja sensuelli tuoksu, Fantasia Mermaidin merelliset, hedelm\u00e4iset ja kukkaiset s\u00e4vyt her\u00e4tt\u00e4v\u00e4t mysteeri\u00e4, lumousta ja seikkailua. Huippu-uutteet: Veriapelsiini, Mandariini, Kardemumma Syd\u00e4ntuoksut: Jasmiini, Veden litsi Pohjatuoksut: Vaalea puu, Vanilja, Hunaja, Tonkapapu 75ml<\/p>\n","protected":false},"featured_media":109559,"comment_status":"open","ping_status":"closed","template":"","meta":{"_trash_the_other_posts":false},"product_brand":[],"product_cat":[999,707,735],"product_tag":[2372],"berocket_brand":[1247],"class_list":{"0":"post-109564","1":"product","2":"type-product","3":"status-publish","4":"has-post-thumbnail","6":"product_cat-kampanjatarjous-naiselle","7":"product_cat-naisten-eau-de-toilette","8":"product_cat-kampanjamme","9":"product_tag-anna-sui-fantasia-mermaid-edt","10":"pa_brand-anna-sui","11":"pa_variantti-75ml","12":"berocket_brand-anna-sui","14":"first","15":"instock","16":"sale","17":"taxable","18":"shipping-taxable","19":"purchasable","20":"product-type-simple"},"_links":{"self":[{"href":"https:\/\/stylingagenten.com\/fi\/wp-json\/wp\/v2\/product\/109564","targetHints":{"allow":["GET"]}}],"collection":[{"href":"https:\/\/stylingagenten.com\/fi\/wp-json\/wp\/v2\/product"}],"about":[{"href":"https:\/\/stylingagenten.com\/fi\/wp-json\/wp\/v2\/types\/product"}],"replies":[{"embeddable":true,"href":"https:\/\/stylingagenten.com\/fi\/wp-json\/wp\/v2\/comments?post=109564"}],"version-history":[{"count":0,"href":"https:\/\/stylingagenten.com\/fi\/wp-json\/wp\/v2\/product\/109564\/revisions"}],"wp:featuredmedia":[{"embeddable":true,"href":"https:\/\/stylingagenten.com\/fi\/wp-json\/wp\/v2\/media\/109559"}],"wp:attachment":[{"href":"https:\/\/stylingagenten.com\/fi\/wp-json\/wp\/v2\/media?parent=109564"}],"wp:term":[{"taxonomy":"product_brand","embeddable":true,"href":"https:\/\/stylingagenten.com\/fi\/wp-json\/wp\/v2\/product_brand?post=109564"},{"taxonomy":"product_cat","embeddable":true,"href":"https:\/\/stylingagenten.com\/fi\/wp-json\/wp\/v2\/product_cat?post=109564"},{"taxonomy":"product_tag","embeddable":true,"href":"https:\/\/stylingagenten.com\/fi\/wp-json\/wp\/v2\/product_tag?post=109564"},{"taxonomy":"berocket_brand","embeddable":true,"href":"https:\/\/stylingagenten.com\/fi\/wp-json\/wp\/v2\/berocket_brand?post=109564"}],"curies":[{"name":"wp","href":"https:\/\/api.w.org\/{rel}","templated":true}]}}