{"id":109557,"date":"2025-05-18T20:52:43","date_gmt":"2025-05-18T20:52:43","guid":{"rendered":"https:\/\/staging2.stylingagenten.com\/fi\/produkt\/coty-laimant-edt-50ml\/"},"modified":"2026-04-12T15:28:55","modified_gmt":"2026-04-12T15:28:55","slug":"coty-laimant-edt-50ml","status":"publish","type":"product","link":"https:\/\/stylingagenten.com\/fi\/tuote\/coty-laimant-edt-50ml\/","title":{"rendered":"Coty L&#8217;Aimant Edt 50ml"},"content":{"rendered":"<p>Coty L&#8217;Aimant Edt -parfyymin nimi, joka k\u00e4\u00e4nnettyn\u00e4 ranskasta tarkoittaa &#8221;Magnet,&#8221; on elegantti tuoksu, joka avautuu aldehyden, nerolin, persikan ja bergamotin ylinuoteilla; syd\u00e4nnuoteilla ylang-ylangia, ruusua, jasmiinia, geraniumia ja orkideaa; ja pohjanuoteilla myski\u00e4, vaniljaa, santelipuuta, tonkab\u00f6\u00f6n\u00e4\u00e4, vetiveri\u00e4 ja Virginiasypressi\u00e4.<\/p>\n<p>50 ml<\/p>\n","protected":false},"excerpt":{"rendered":"<p>Coty L&#8217;Aimant Edt -parfyymin nimi, joka k\u00e4\u00e4nnettyn\u00e4 ranskasta tarkoittaa &#8221;Magnet,&#8221; on elegantti tuoksu, joka avautuu aldehyden, nerolin, persikan ja bergamotin ylinuoteilla; syd\u00e4nnuoteilla ylang-ylangia, ruusua, jasmiinia, geraniumia ja orkideaa; ja pohjanuoteilla myski\u00e4, vaniljaa, santelipuuta, tonkab\u00f6\u00f6n\u00e4\u00e4, vetiveri\u00e4 ja Virginiasypressi\u00e4. 50 ml<\/p>\n","protected":false},"featured_media":109551,"comment_status":"open","ping_status":"closed","template":"","meta":{"_trash_the_other_posts":false},"product_brand":[],"product_cat":[999,707,735],"product_tag":[],"berocket_brand":[1216],"class_list":{"0":"post-109557","1":"product","2":"type-product","3":"status-publish","4":"has-post-thumbnail","6":"product_cat-kampanjatarjous-naiselle","7":"product_cat-naisten-eau-de-toilette","8":"product_cat-kampanjamme","9":"pa_brand-coty","10":"berocket_brand-coty","12":"first","13":"instock","14":"sale","15":"taxable","16":"shipping-taxable","17":"purchasable","18":"product-type-simple"},"_links":{"self":[{"href":"https:\/\/stylingagenten.com\/fi\/wp-json\/wp\/v2\/product\/109557","targetHints":{"allow":["GET"]}}],"collection":[{"href":"https:\/\/stylingagenten.com\/fi\/wp-json\/wp\/v2\/product"}],"about":[{"href":"https:\/\/stylingagenten.com\/fi\/wp-json\/wp\/v2\/types\/product"}],"replies":[{"embeddable":true,"href":"https:\/\/stylingagenten.com\/fi\/wp-json\/wp\/v2\/comments?post=109557"}],"version-history":[{"count":0,"href":"https:\/\/stylingagenten.com\/fi\/wp-json\/wp\/v2\/product\/109557\/revisions"}],"wp:featuredmedia":[{"embeddable":true,"href":"https:\/\/stylingagenten.com\/fi\/wp-json\/wp\/v2\/media\/109551"}],"wp:attachment":[{"href":"https:\/\/stylingagenten.com\/fi\/wp-json\/wp\/v2\/media?parent=109557"}],"wp:term":[{"taxonomy":"product_brand","embeddable":true,"href":"https:\/\/stylingagenten.com\/fi\/wp-json\/wp\/v2\/product_brand?post=109557"},{"taxonomy":"product_cat","embeddable":true,"href":"https:\/\/stylingagenten.com\/fi\/wp-json\/wp\/v2\/product_cat?post=109557"},{"taxonomy":"product_tag","embeddable":true,"href":"https:\/\/stylingagenten.com\/fi\/wp-json\/wp\/v2\/product_tag?post=109557"},{"taxonomy":"berocket_brand","embeddable":true,"href":"https:\/\/stylingagenten.com\/fi\/wp-json\/wp\/v2\/berocket_brand?post=109557"}],"curies":[{"name":"wp","href":"https:\/\/api.w.org\/{rel}","templated":true}]}}