{"id":109556,"date":"2025-05-18T20:52:43","date_gmt":"2025-05-18T20:52:43","guid":{"rendered":"https:\/\/staging2.stylingagenten.com\/fi\/produkt\/creed-acqua-fiorentina-edp-75ml\/"},"modified":"2026-04-06T09:18:54","modified_gmt":"2026-04-06T09:18:54","slug":"creed-acqua-fiorentina-edp-75ml","status":"publish","type":"product","link":"https:\/\/stylingagenten.com\/fi\/tuote\/creed-acqua-fiorentina-edp-75ml\/","title":{"rendered":"Creed Acqua Fiorentina Edp 75ml"},"content":{"rendered":"<p>Hedelm\u00e4inen Acqua Fiorentina on pehme\u00e4 ja t\u00e4ytel\u00e4inen tuoksu, joka tuoksuu kuin maalaispuutarha keskikes\u00e4ll\u00e4. Herkulliset sitrushedelm\u00e4n yl\u00e4vivahteet sulautuvat mehukkaaseen ytimeen, jossa on ruusua, luumua ja omenaa. Mausteinen yhdistelm\u00e4 Virginian seetripuuta yhdistyy iloiseen valkoiseen myskiin, joka viipyy iholla, kun tuoksu her\u00e4\u00e4 eloon.<\/p>\n<p>Yl\u00e4vivahteet: Luumu, Omena<br \/>\n<br \/>Syd\u00e4nvivahteet: Bergamotti, Sitruuna, P\u00e4\u00e4ryn\u00e4, Ruusu, Sisilialainen Bergamotti<br \/>\n<br \/>Pohjavivahteet: Santelipuu, Virginian Seetripuu, Valkoinen Greippi<\/p>\n<p>75ml<\/p>\n","protected":false},"excerpt":{"rendered":"<p>Hedelm\u00e4inen Acqua Fiorentina on pehme\u00e4 ja t\u00e4ytel\u00e4inen tuoksu, joka tuoksuu kuin maalaispuutarha keskikes\u00e4ll\u00e4. Herkulliset sitrushedelm\u00e4n yl\u00e4vivahteet sulautuvat mehukkaaseen ytimeen, jossa on ruusua, luumua ja omenaa. Mausteinen yhdistelm\u00e4 Virginian seetripuuta yhdistyy iloiseen valkoiseen myskiin, joka viipyy iholla, kun tuoksu her\u00e4\u00e4 eloon. Yl\u00e4vivahteet: Luumu, Omena Syd\u00e4nvivahteet: Bergamotti, Sitruuna, P\u00e4\u00e4ryn\u00e4, Ruusu, Sisilialainen Bergamotti Pohjavivahteet: Santelipuu, Virginian Seetripuu, Valkoinen [&hellip;]<\/p>\n","protected":false},"featured_media":109536,"comment_status":"open","ping_status":"closed","template":"","meta":{"_trash_the_other_posts":false},"product_brand":[],"product_cat":[999,706,735],"product_tag":[2735],"berocket_brand":[1236],"class_list":{"0":"post-109556","1":"product","2":"type-product","3":"status-publish","4":"has-post-thumbnail","6":"product_cat-kampanjatarjous-naiselle","7":"product_cat-naisten-eau-de-parfum","8":"product_cat-kampanjamme","9":"product_tag-creed-acqua-fiorentina-edp","10":"pa_brand-creed","11":"pa_variantti-75ml","12":"berocket_brand-creed","14":"first","15":"instock","16":"sale","17":"taxable","18":"shipping-taxable","19":"purchasable","20":"product-type-simple"},"_links":{"self":[{"href":"https:\/\/stylingagenten.com\/fi\/wp-json\/wp\/v2\/product\/109556","targetHints":{"allow":["GET"]}}],"collection":[{"href":"https:\/\/stylingagenten.com\/fi\/wp-json\/wp\/v2\/product"}],"about":[{"href":"https:\/\/stylingagenten.com\/fi\/wp-json\/wp\/v2\/types\/product"}],"replies":[{"embeddable":true,"href":"https:\/\/stylingagenten.com\/fi\/wp-json\/wp\/v2\/comments?post=109556"}],"version-history":[{"count":0,"href":"https:\/\/stylingagenten.com\/fi\/wp-json\/wp\/v2\/product\/109556\/revisions"}],"wp:featuredmedia":[{"embeddable":true,"href":"https:\/\/stylingagenten.com\/fi\/wp-json\/wp\/v2\/media\/109536"}],"wp:attachment":[{"href":"https:\/\/stylingagenten.com\/fi\/wp-json\/wp\/v2\/media?parent=109556"}],"wp:term":[{"taxonomy":"product_brand","embeddable":true,"href":"https:\/\/stylingagenten.com\/fi\/wp-json\/wp\/v2\/product_brand?post=109556"},{"taxonomy":"product_cat","embeddable":true,"href":"https:\/\/stylingagenten.com\/fi\/wp-json\/wp\/v2\/product_cat?post=109556"},{"taxonomy":"product_tag","embeddable":true,"href":"https:\/\/stylingagenten.com\/fi\/wp-json\/wp\/v2\/product_tag?post=109556"},{"taxonomy":"berocket_brand","embeddable":true,"href":"https:\/\/stylingagenten.com\/fi\/wp-json\/wp\/v2\/berocket_brand?post=109556"}],"curies":[{"name":"wp","href":"https:\/\/api.w.org\/{rel}","templated":true}]}}