{"id":109523,"date":"2025-05-18T20:52:38","date_gmt":"2025-05-18T20:52:38","guid":{"rendered":"https:\/\/staging2.stylingagenten.com\/fi\/produkt\/creed-spring-flower-edp-75ml\/"},"modified":"2026-04-13T11:48:34","modified_gmt":"2026-04-13T11:48:34","slug":"creed-spring-flower-edp-75ml","status":"publish","type":"product","link":"https:\/\/stylingagenten.com\/fi\/tuote\/creed-spring-flower-edp-75ml\/","title":{"rendered":"Creed Spring Flower Edp 75ml"},"content":{"rendered":"<p>Creed Spring Flower Edp on makea kukkaistuoksu, jossa persikkauute ja hedelm\u00e4t sulautuvat vaivattomasti yhteen jasmiinin ja valkoisten kukkien vivahteiden kanssa, vieden sinut kukkaismatkalle tyypilliseen englantilaiseen puutarhaan t\u00e4ydellisen\u00e4 kev\u00e4taamuna. Amberin ja myskin tuoksu seuraa syd\u00e4ntuoksuja, lis\u00e4ten syvyytt\u00e4 ja rauhallisuutta, jolloin jokainen vivahde p\u00e4\u00e4see oikeuksiinsa.<\/p>\n<p>Yl\u00e4vivahteet: Omena, Persikka<br \/>\n<br \/>Syd\u00e4nvivahteet: Ruusu, Jasmiini<br \/>\n<br \/>Pohjavivahteet: Myski, Ambroxan<\/p>\n<p>75ml<\/p>\n","protected":false},"excerpt":{"rendered":"<p>Creed Spring Flower Edp on makea kukkaistuoksu, jossa persikkauute ja hedelm\u00e4t sulautuvat vaivattomasti yhteen jasmiinin ja valkoisten kukkien vivahteiden kanssa, vieden sinut kukkaismatkalle tyypilliseen englantilaiseen puutarhaan t\u00e4ydellisen\u00e4 kev\u00e4taamuna. Amberin ja myskin tuoksu seuraa syd\u00e4ntuoksuja, lis\u00e4ten syvyytt\u00e4 ja rauhallisuutta, jolloin jokainen vivahde p\u00e4\u00e4see oikeuksiinsa. Yl\u00e4vivahteet: Omena, Persikka Syd\u00e4nvivahteet: Ruusu, Jasmiini Pohjavivahteet: Myski, Ambroxan 75ml<\/p>\n","protected":false},"featured_media":109518,"comment_status":"open","ping_status":"closed","template":"","meta":{"_trash_the_other_posts":false},"product_brand":[],"product_cat":[999,706,735],"product_tag":[],"berocket_brand":[1236],"class_list":{"0":"post-109523","1":"product","2":"type-product","3":"status-publish","4":"has-post-thumbnail","6":"product_cat-kampanjatarjous-naiselle","7":"product_cat-naisten-eau-de-parfum","8":"product_cat-kampanjamme","9":"pa_brand-creed","10":"berocket_brand-creed","12":"first","13":"outofstock","14":"sale","15":"taxable","16":"shipping-taxable","17":"purchasable","18":"product-type-simple"},"_links":{"self":[{"href":"https:\/\/stylingagenten.com\/fi\/wp-json\/wp\/v2\/product\/109523","targetHints":{"allow":["GET"]}}],"collection":[{"href":"https:\/\/stylingagenten.com\/fi\/wp-json\/wp\/v2\/product"}],"about":[{"href":"https:\/\/stylingagenten.com\/fi\/wp-json\/wp\/v2\/types\/product"}],"replies":[{"embeddable":true,"href":"https:\/\/stylingagenten.com\/fi\/wp-json\/wp\/v2\/comments?post=109523"}],"version-history":[{"count":0,"href":"https:\/\/stylingagenten.com\/fi\/wp-json\/wp\/v2\/product\/109523\/revisions"}],"wp:featuredmedia":[{"embeddable":true,"href":"https:\/\/stylingagenten.com\/fi\/wp-json\/wp\/v2\/media\/109518"}],"wp:attachment":[{"href":"https:\/\/stylingagenten.com\/fi\/wp-json\/wp\/v2\/media?parent=109523"}],"wp:term":[{"taxonomy":"product_brand","embeddable":true,"href":"https:\/\/stylingagenten.com\/fi\/wp-json\/wp\/v2\/product_brand?post=109523"},{"taxonomy":"product_cat","embeddable":true,"href":"https:\/\/stylingagenten.com\/fi\/wp-json\/wp\/v2\/product_cat?post=109523"},{"taxonomy":"product_tag","embeddable":true,"href":"https:\/\/stylingagenten.com\/fi\/wp-json\/wp\/v2\/product_tag?post=109523"},{"taxonomy":"berocket_brand","embeddable":true,"href":"https:\/\/stylingagenten.com\/fi\/wp-json\/wp\/v2\/berocket_brand?post=109523"}],"curies":[{"name":"wp","href":"https:\/\/api.w.org\/{rel}","templated":true}]}}