{"id":109513,"date":"2025-05-18T20:52:34","date_gmt":"2025-05-18T20:52:34","guid":{"rendered":"https:\/\/staging2.stylingagenten.com\/fi\/produkt\/escada-santorini-sunrise-edt-10ml\/"},"modified":"2026-04-06T14:58:47","modified_gmt":"2026-04-06T14:58:47","slug":"escada-santorini-sunrise-edt-10ml","status":"publish","type":"product","link":"https:\/\/stylingagenten.com\/fi\/tuote\/escada-santorini-sunrise-edt-10ml\/","title":{"rendered":"Escada Santorini Sunrise Edt 10ml"},"content":{"rendered":"<p>Oletko valmis matkalle kauniille Santorinin saarelle Kreikassa?<\/p>\n<p>Unelmoi itsesi t\u00e4h\u00e4n valkoiseen ja siniseen paratiisiin uuden Escada Santorini Sunrise Eau de Toilette Limited Edition -naisten tuoksun avulla. T\u00e4m\u00e4 tuoksu avautuu virkist\u00e4vill\u00e4 nuoteilla mehukasta mandariinia ja bergamottisorbettia, joita korostaa s\u00e4teilev\u00e4 jasmiini. V\u00e4rik\u00e4s r\u00e4j\u00e4hdys roseepippuria tekee t\u00e4st\u00e4 raikkaasta tuoksusta erityisen s\u00e4ihkyv\u00e4n ja houkuttelevan.<\/p>\n<p>Escada Santorini Sunrise on suora lippu Kreikan saarten jalokivelle, Santorinille, jossa meren syv\u00e4t aallot ja naiselliset bougainvillea-kukat ovat inspiroineet kaunista pulloa. Pakkaus on saanut innoituksensa aidosta kreikkalaisesta arkkitehtuurista auringonnousun aikaan.<\/p>\n<p>T\u00e4m\u00e4n rajatun er\u00e4n Escada-tuoksun ovat suunnitelleet parfym\u00f6\u00f6rit Myl\u00e8ne Alran ja Benoist Lapouza kunnianosoituksena Kreikan luonnolle. Myl\u00e8ne Alran tutki syvi\u00e4 nuotteja maanl\u00e4heisell\u00e4 viimeistelyll\u00e4, kun taas Benoist Lapouza k\u00e4ytti ainesosia, jotka saivat h\u00e4net tuntemaan l\u00e4heisyytt\u00e4 luontoon. Escada Santorini Sunrise on t\u00e4ysin vegaaninen tuoksu, josta tulee kes\u00e4n unohtumattomin tuoksusi, kunnioittaen samalla luontoa.<\/p>\n<p>Rollerball-pullo \u2013 10ml<\/p>\n","protected":false},"excerpt":{"rendered":"<p>Oletko valmis matkalle kauniille Santorinin saarelle Kreikassa? Unelmoi itsesi t\u00e4h\u00e4n valkoiseen ja siniseen paratiisiin uuden Escada Santorini Sunrise Eau de Toilette Limited Edition -naisten tuoksun avulla. T\u00e4m\u00e4 tuoksu avautuu virkist\u00e4vill\u00e4 nuoteilla mehukasta mandariinia ja bergamottisorbettia, joita korostaa s\u00e4teilev\u00e4 jasmiini. V\u00e4rik\u00e4s r\u00e4j\u00e4hdys roseepippuria tekee t\u00e4st\u00e4 raikkaasta tuoksusta erityisen s\u00e4ihkyv\u00e4n ja houkuttelevan. Escada Santorini Sunrise on suora [&hellip;]<\/p>\n","protected":false},"featured_media":109503,"comment_status":"open","ping_status":"closed","template":"","meta":{"_trash_the_other_posts":false},"product_brand":[],"product_cat":[999,707,735],"product_tag":[2893],"berocket_brand":[1306],"class_list":{"0":"post-109513","1":"product","2":"type-product","3":"status-publish","4":"has-post-thumbnail","6":"product_cat-kampanjatarjous-naiselle","7":"product_cat-naisten-eau-de-toilette","8":"product_cat-kampanjamme","9":"product_tag-escada-santorini-sunrise-edt","10":"pa_brand-escada","11":"pa_variantti-10ml","12":"berocket_brand-escada","14":"first","15":"instock","16":"sale","17":"taxable","18":"shipping-taxable","19":"purchasable","20":"product-type-simple"},"_links":{"self":[{"href":"https:\/\/stylingagenten.com\/fi\/wp-json\/wp\/v2\/product\/109513","targetHints":{"allow":["GET"]}}],"collection":[{"href":"https:\/\/stylingagenten.com\/fi\/wp-json\/wp\/v2\/product"}],"about":[{"href":"https:\/\/stylingagenten.com\/fi\/wp-json\/wp\/v2\/types\/product"}],"replies":[{"embeddable":true,"href":"https:\/\/stylingagenten.com\/fi\/wp-json\/wp\/v2\/comments?post=109513"}],"version-history":[{"count":0,"href":"https:\/\/stylingagenten.com\/fi\/wp-json\/wp\/v2\/product\/109513\/revisions"}],"wp:featuredmedia":[{"embeddable":true,"href":"https:\/\/stylingagenten.com\/fi\/wp-json\/wp\/v2\/media\/109503"}],"wp:attachment":[{"href":"https:\/\/stylingagenten.com\/fi\/wp-json\/wp\/v2\/media?parent=109513"}],"wp:term":[{"taxonomy":"product_brand","embeddable":true,"href":"https:\/\/stylingagenten.com\/fi\/wp-json\/wp\/v2\/product_brand?post=109513"},{"taxonomy":"product_cat","embeddable":true,"href":"https:\/\/stylingagenten.com\/fi\/wp-json\/wp\/v2\/product_cat?post=109513"},{"taxonomy":"product_tag","embeddable":true,"href":"https:\/\/stylingagenten.com\/fi\/wp-json\/wp\/v2\/product_tag?post=109513"},{"taxonomy":"berocket_brand","embeddable":true,"href":"https:\/\/stylingagenten.com\/fi\/wp-json\/wp\/v2\/berocket_brand?post=109513"}],"curies":[{"name":"wp","href":"https:\/\/api.w.org\/{rel}","templated":true}]}}