{"id":109498,"date":"2025-05-18T20:52:33","date_gmt":"2025-05-18T20:52:33","guid":{"rendered":"https:\/\/staging2.stylingagenten.com\/fi\/produkt\/creed-fleurissimo-edp-75ml\/"},"modified":"2026-03-11T22:05:20","modified_gmt":"2026-03-11T22:05:20","slug":"creed-fleurissimo-edp-75ml","status":"publish","type":"product","link":"https:\/\/stylingagenten.com\/fi\/tuote\/creed-fleurissimo-edp-75ml\/","title":{"rendered":"Creed Fleurissimo Edp 75ml"},"content":{"rendered":"<p>Creed Fleurissimo Edp luotiin legendaariselle Grace Kellylle h\u00e4nen h\u00e4\u00e4p\u00e4iv\u00e4\u00e4ns\u00e4 varten lahjaksi h\u00e4nen tulevalta aviomiehelt\u00e4\u00e4n, Monacon prinssi Rainierilta. Kuvaus h\u00e4nen morsiuskimpustaan. Romanttinen ja kaunis&#8230;<\/p>\n<p>Yl\u00e4vivahteet: Bergamotti, Orvokinlehti<br \/>\n<br \/>Syd\u00e4nvivahteet: Bulgarialainen Ruusu, Tuberose, Ylang-Ylang<br \/>\n<br \/>Pohjavivahteet: Iris Florentina, Harmaa Meripihka<\/p>\n<p>75ml<\/p>\n","protected":false},"excerpt":{"rendered":"<p>Creed Fleurissimo Edp luotiin legendaariselle Grace Kellylle h\u00e4nen h\u00e4\u00e4p\u00e4iv\u00e4\u00e4ns\u00e4 varten lahjaksi h\u00e4nen tulevalta aviomiehelt\u00e4\u00e4n, Monacon prinssi Rainierilta. Kuvaus h\u00e4nen morsiuskimpustaan. Romanttinen ja kaunis&#8230; Yl\u00e4vivahteet: Bergamotti, Orvokinlehti Syd\u00e4nvivahteet: Bulgarialainen Ruusu, Tuberose, Ylang-Ylang Pohjavivahteet: Iris Florentina, Harmaa Meripihka 75ml<\/p>\n","protected":false},"featured_media":109490,"comment_status":"open","ping_status":"closed","template":"","meta":{"_trash_the_other_posts":false},"product_brand":[],"product_cat":[999,706,735],"product_tag":[],"berocket_brand":[1236],"class_list":{"0":"post-109498","1":"product","2":"type-product","3":"status-publish","4":"has-post-thumbnail","6":"product_cat-kampanjatarjous-naiselle","7":"product_cat-naisten-eau-de-parfum","8":"product_cat-kampanjamme","9":"pa_brand-creed","10":"berocket_brand-creed","12":"first","13":"instock","14":"sale","15":"taxable","16":"shipping-taxable","17":"purchasable","18":"product-type-simple"},"_links":{"self":[{"href":"https:\/\/stylingagenten.com\/fi\/wp-json\/wp\/v2\/product\/109498","targetHints":{"allow":["GET"]}}],"collection":[{"href":"https:\/\/stylingagenten.com\/fi\/wp-json\/wp\/v2\/product"}],"about":[{"href":"https:\/\/stylingagenten.com\/fi\/wp-json\/wp\/v2\/types\/product"}],"replies":[{"embeddable":true,"href":"https:\/\/stylingagenten.com\/fi\/wp-json\/wp\/v2\/comments?post=109498"}],"version-history":[{"count":0,"href":"https:\/\/stylingagenten.com\/fi\/wp-json\/wp\/v2\/product\/109498\/revisions"}],"wp:featuredmedia":[{"embeddable":true,"href":"https:\/\/stylingagenten.com\/fi\/wp-json\/wp\/v2\/media\/109490"}],"wp:attachment":[{"href":"https:\/\/stylingagenten.com\/fi\/wp-json\/wp\/v2\/media?parent=109498"}],"wp:term":[{"taxonomy":"product_brand","embeddable":true,"href":"https:\/\/stylingagenten.com\/fi\/wp-json\/wp\/v2\/product_brand?post=109498"},{"taxonomy":"product_cat","embeddable":true,"href":"https:\/\/stylingagenten.com\/fi\/wp-json\/wp\/v2\/product_cat?post=109498"},{"taxonomy":"product_tag","embeddable":true,"href":"https:\/\/stylingagenten.com\/fi\/wp-json\/wp\/v2\/product_tag?post=109498"},{"taxonomy":"berocket_brand","embeddable":true,"href":"https:\/\/stylingagenten.com\/fi\/wp-json\/wp\/v2\/berocket_brand?post=109498"}],"curies":[{"name":"wp","href":"https:\/\/api.w.org\/{rel}","templated":true}]}}