{"id":109489,"date":"2025-05-18T20:52:31","date_gmt":"2025-05-18T20:52:31","guid":{"rendered":"https:\/\/staging2.stylingagenten.com\/fi\/produkt\/marc-jacobs-perfect-intense-edp-10ml\/"},"modified":"2026-03-27T13:08:52","modified_gmt":"2026-03-27T13:08:52","slug":"marc-jacobs-perfect-intense-edp-10ml","status":"publish","type":"product","link":"https:\/\/stylingagenten.com\/fi\/tuote\/marc-jacobs-perfect-intense-edp-10ml\/","title":{"rendered":"Marc Jacobs Perfect Intense Edp 10ml"},"content":{"rendered":"<p>T\u00e4ytel\u00e4inen. Kultainen. Rohkea.<\/p>\n<p>Ylist\u00e4 kauneutta olla aito, peloton ja #PerfectAsIAm uudella Marc Jacobsin naisten tuoksulla, Perfect Intense Eau de Parfum.<\/p>\n<p>Kuten suosittu alkuper\u00e4istuoksu Perfect, my\u00f6s Perfect Intense on saanut inspiraationsa Marc Jacobsin henkil\u00f6kohtaisesta motosta &#8221;olen t\u00e4ydellinen juuri sellaisena kuin olen,&#8221; jota symboloi h\u00e4nen ranteeseensa tatuoitu &#8221;perfect&#8221;.<\/p>\n<p>Perfect Intense kuuluu kukkaistuoksujen perheeseen ja avautuu s\u00e4teilevill\u00e4 narsissin ja valkoisen y\u00f6jasmiinin nuoteilla. Kultaiset paahdetut mantelit kohtaavat santelipuun ja luovat l\u00e4mpim\u00e4n, pehme\u00e4n tuoksuel\u00e4myksen. T\u00e4ytel\u00e4inen, leikkis\u00e4 tuoksu, joka kest\u00e4\u00e4 pitk\u00e4\u00e4n iholla ja sopii kaikille naisille.<\/p>\n<p>Tuoksukategoria: Comfort floral<br \/>\n<br \/>Yl\u00e4vietteet: Paahdetut mantelit, roseepippuri<br \/>\n<br \/>Syd\u00e4ntuoksut: Sitrusuute, jasmiini sambac<br \/>\n<br \/>Pohjatuoksut: Seesami\u00f6ljy, santelipuu, cashmeran<\/p>\n<p>10ml<\/p>\n","protected":false},"excerpt":{"rendered":"<p>T\u00e4ytel\u00e4inen. Kultainen. Rohkea. Ylist\u00e4 kauneutta olla aito, peloton ja #PerfectAsIAm uudella Marc Jacobsin naisten tuoksulla, Perfect Intense Eau de Parfum. Kuten suosittu alkuper\u00e4istuoksu Perfect, my\u00f6s Perfect Intense on saanut inspiraationsa Marc Jacobsin henkil\u00f6kohtaisesta motosta &#8221;olen t\u00e4ydellinen juuri sellaisena kuin olen,&#8221; jota symboloi h\u00e4nen ranteeseensa tatuoitu &#8221;perfect&#8221;. Perfect Intense kuuluu kukkaistuoksujen perheeseen ja avautuu s\u00e4teilevill\u00e4 narsissin [&hellip;]<\/p>\n","protected":false},"featured_media":109479,"comment_status":"open","ping_status":"closed","template":"","meta":{"_trash_the_other_posts":false},"product_brand":[],"product_cat":[999,706,735],"product_tag":[3390],"berocket_brand":[1069],"class_list":{"0":"post-109489","1":"product","2":"type-product","3":"status-publish","4":"has-post-thumbnail","6":"product_cat-kampanjatarjous-naiselle","7":"product_cat-naisten-eau-de-parfum","8":"product_cat-kampanjamme","9":"product_tag-marc-jacobs-perfect-intense-edp","10":"pa_brand-marc-jacobs","11":"pa_variantti-10ml","12":"berocket_brand-marc-jacobs","14":"first","15":"instock","16":"sale","17":"taxable","18":"shipping-taxable","19":"purchasable","20":"product-type-simple"},"_links":{"self":[{"href":"https:\/\/stylingagenten.com\/fi\/wp-json\/wp\/v2\/product\/109489","targetHints":{"allow":["GET"]}}],"collection":[{"href":"https:\/\/stylingagenten.com\/fi\/wp-json\/wp\/v2\/product"}],"about":[{"href":"https:\/\/stylingagenten.com\/fi\/wp-json\/wp\/v2\/types\/product"}],"replies":[{"embeddable":true,"href":"https:\/\/stylingagenten.com\/fi\/wp-json\/wp\/v2\/comments?post=109489"}],"version-history":[{"count":0,"href":"https:\/\/stylingagenten.com\/fi\/wp-json\/wp\/v2\/product\/109489\/revisions"}],"wp:featuredmedia":[{"embeddable":true,"href":"https:\/\/stylingagenten.com\/fi\/wp-json\/wp\/v2\/media\/109479"}],"wp:attachment":[{"href":"https:\/\/stylingagenten.com\/fi\/wp-json\/wp\/v2\/media?parent=109489"}],"wp:term":[{"taxonomy":"product_brand","embeddable":true,"href":"https:\/\/stylingagenten.com\/fi\/wp-json\/wp\/v2\/product_brand?post=109489"},{"taxonomy":"product_cat","embeddable":true,"href":"https:\/\/stylingagenten.com\/fi\/wp-json\/wp\/v2\/product_cat?post=109489"},{"taxonomy":"product_tag","embeddable":true,"href":"https:\/\/stylingagenten.com\/fi\/wp-json\/wp\/v2\/product_tag?post=109489"},{"taxonomy":"berocket_brand","embeddable":true,"href":"https:\/\/stylingagenten.com\/fi\/wp-json\/wp\/v2\/berocket_brand?post=109489"}],"curies":[{"name":"wp","href":"https:\/\/api.w.org\/{rel}","templated":true}]}}