{"id":109487,"date":"2025-05-18T20:52:30","date_gmt":"2025-05-18T20:52:30","guid":{"rendered":"https:\/\/staging2.stylingagenten.com\/fi\/produkt\/dolce-gabbana-q-by-dolcegabbana-edp-100ml\/"},"modified":"2026-04-13T05:48:33","modified_gmt":"2026-04-13T05:48:33","slug":"dolce-gabbana-q-by-dolcegabbana-edp-100ml","status":"publish","type":"product","link":"https:\/\/stylingagenten.com\/fi\/tuote\/dolce-gabbana-q-by-dolcegabbana-edp-100ml\/","title":{"rendered":"Dolce &amp; Gabbana Q by Dolce&amp;Gabbana Edp 100ml"},"content":{"rendered":"<p>Q by Dolce &amp; Gabbana on tuoksu, jossa on hedelm\u00e4isi\u00e4 ja kukkaisia vivahteita, rikastettuna voimakkaalla, puumaisella pohjalla. Sisilialaisten sitruunoiden raikas maku yhdistettyn\u00e4 kirsikan makean ja happaman vastakohtaan antaa parfyymin hienostuneen mutta rohkean tuoksun.<\/p>\n<p>Korkki on muotoiltu kuninkaalliseksi kultaiseksi kruunuksi, jota korostaa kirsikanpunainen s\u00e4vy. Into, rakkaus ja energia inspiroivat tuoksun suunnittelua. Tuoksu on s\u00e4il\u00f6tty vankkaan, hennon vaaleanpunaiseen lasipulloon.<\/p>\n<p>Dolce &amp; Gabbana Q Eau de Parfum: magneettinen ja intohimoinen koostumus naisille.<\/p>\n<p>Tuoksu avautuu kimaltavilla sitrusvivahteilla, joissa yhdistyv\u00e4t sisilialainen sitruuna ja veriappelsiini sek\u00e4 herk\u00e4t jasmiininlehdet. Dolce &amp; Gabbana Q Eau de Parfum -tuoksun syd\u00e4mess\u00e4 on makea ja rapea kirsikkavivahde, jota houkuttelee kermaisen pehme\u00e4 heliotrooppi. Setripuun, kristallimyskin ja pehme\u00e4n myskin vivahteet tuovat kukkaistuoksuun intensiivisen ja voimakkaan s\u00e4v\u00e4yksen.<\/p>\n<p>100 ml<\/p>\n","protected":false},"excerpt":{"rendered":"<p>Q by Dolce &amp; Gabbana on tuoksu, jossa on hedelm\u00e4isi\u00e4 ja kukkaisia vivahteita, rikastettuna voimakkaalla, puumaisella pohjalla. Sisilialaisten sitruunoiden raikas maku yhdistettyn\u00e4 kirsikan makean ja happaman vastakohtaan antaa parfyymin hienostuneen mutta rohkean tuoksun. Korkki on muotoiltu kuninkaalliseksi kultaiseksi kruunuksi, jota korostaa kirsikanpunainen s\u00e4vy. Into, rakkaus ja energia inspiroivat tuoksun suunnittelua. Tuoksu on s\u00e4il\u00f6tty vankkaan, hennon [&hellip;]<\/p>\n","protected":false},"featured_media":109476,"comment_status":"open","ping_status":"closed","template":"","meta":{"_trash_the_other_posts":false},"product_brand":[],"product_cat":[999,706,735],"product_tag":[2837],"berocket_brand":[1292],"class_list":{"0":"post-109487","1":"product","2":"type-product","3":"status-publish","4":"has-post-thumbnail","6":"product_cat-kampanjatarjous-naiselle","7":"product_cat-naisten-eau-de-parfum","8":"product_cat-kampanjamme","9":"product_tag-dolce-gabbana-q-by-dolcegabbana-edp","10":"pa_brand-dolce-gabbana","11":"pa_variantti-100ml","12":"berocket_brand-dolce-gabbana","14":"first","15":"instock","16":"sale","17":"taxable","18":"shipping-taxable","19":"purchasable","20":"product-type-simple"},"_links":{"self":[{"href":"https:\/\/stylingagenten.com\/fi\/wp-json\/wp\/v2\/product\/109487","targetHints":{"allow":["GET"]}}],"collection":[{"href":"https:\/\/stylingagenten.com\/fi\/wp-json\/wp\/v2\/product"}],"about":[{"href":"https:\/\/stylingagenten.com\/fi\/wp-json\/wp\/v2\/types\/product"}],"replies":[{"embeddable":true,"href":"https:\/\/stylingagenten.com\/fi\/wp-json\/wp\/v2\/comments?post=109487"}],"version-history":[{"count":0,"href":"https:\/\/stylingagenten.com\/fi\/wp-json\/wp\/v2\/product\/109487\/revisions"}],"wp:featuredmedia":[{"embeddable":true,"href":"https:\/\/stylingagenten.com\/fi\/wp-json\/wp\/v2\/media\/109476"}],"wp:attachment":[{"href":"https:\/\/stylingagenten.com\/fi\/wp-json\/wp\/v2\/media?parent=109487"}],"wp:term":[{"taxonomy":"product_brand","embeddable":true,"href":"https:\/\/stylingagenten.com\/fi\/wp-json\/wp\/v2\/product_brand?post=109487"},{"taxonomy":"product_cat","embeddable":true,"href":"https:\/\/stylingagenten.com\/fi\/wp-json\/wp\/v2\/product_cat?post=109487"},{"taxonomy":"product_tag","embeddable":true,"href":"https:\/\/stylingagenten.com\/fi\/wp-json\/wp\/v2\/product_tag?post=109487"},{"taxonomy":"berocket_brand","embeddable":true,"href":"https:\/\/stylingagenten.com\/fi\/wp-json\/wp\/v2\/berocket_brand?post=109487"}],"curies":[{"name":"wp","href":"https:\/\/api.w.org\/{rel}","templated":true}]}}