{"id":109474,"date":"2025-05-18T20:52:28","date_gmt":"2025-05-18T20:52:28","guid":{"rendered":"https:\/\/staging2.stylingagenten.com\/fi\/produkt\/gucci-bamboo-edp-75ml\/"},"modified":"2026-04-08T15:31:18","modified_gmt":"2026-04-08T15:31:18","slug":"gucci-bamboo-edp-75ml","status":"publish","type":"product","link":"https:\/\/stylingagenten.com\/fi\/tuote\/gucci-bamboo-edp-75ml\/","title":{"rendered":"Gucci Bamboo Edp 75ml"},"content":{"rendered":"<p>Gucci Bamboo EdP on hienostunut puumainen, kukkainen tuoksu modernille, monipuoliselle naiselle. Se on yht\u00e4 aikaa pehme\u00e4 ja intensiivinen, s\u00e4teillen sek\u00e4 voimaa ett\u00e4 naisellisuutta.<\/p>\n<p>Puumaiset ja l\u00e4mpim\u00e4t tuoksunuotit soivat tuoksun syd\u00e4mess\u00e4 ja pohjassa. T\u00e4ytel\u00e4inen santelipuu, huumaava Tahitin vanilja ja harmaan ambran ainutlaatuiset vivahteet luovat t\u00e4ydent\u00e4v\u00e4n kontrastin eksoottisten kukkaisten tuoksunuottien naisellisuudelle. N\u00e4ihin kuuluvat pehme\u00e4 Casablancanlilja, herkk\u00e4 appelsiininkukka ja hienostunut ylang ylang \u2013 voimakas ja sulava. Bambu kukoistaa \u00e4\u00e4rimm\u00e4isiss\u00e4 olosuhteissa, kest\u00e4\u00e4 hurrikaanien voimat ja omaa luonnollisen voiman. Se on hoikka, elegantti ja kohoaa kaiken muun kasvillisuuden yl\u00e4puolelle. Moderni Gucci-nainen jakaa bambun ominaisuudet. H\u00e4n tasapainottaa voiman ja itsevarmuuden synnynn\u00e4isen naisellisuuden ja tasapainon kanssa.<\/p>\n<p>Yl\u00e4vivat: Sitrus &amp; appelsiininkukka<br \/>\n<br \/>Syd\u00e4ntuoksut: Ylang ylang, Casablancanlilja, jasmiini &amp; ter\u00e4lehdet<br \/>\n<br \/>Pohjatuoksut: Tahitin vanilja &amp; santelipuu<\/p>\n<p>75 ml<\/p>\n","protected":false},"excerpt":{"rendered":"<p>Gucci Bamboo EdP on hienostunut puumainen, kukkainen tuoksu modernille, monipuoliselle naiselle. Se on yht\u00e4 aikaa pehme\u00e4 ja intensiivinen, s\u00e4teillen sek\u00e4 voimaa ett\u00e4 naisellisuutta. Puumaiset ja l\u00e4mpim\u00e4t tuoksunuotit soivat tuoksun syd\u00e4mess\u00e4 ja pohjassa. T\u00e4ytel\u00e4inen santelipuu, huumaava Tahitin vanilja ja harmaan ambran ainutlaatuiset vivahteet luovat t\u00e4ydent\u00e4v\u00e4n kontrastin eksoottisten kukkaisten tuoksunuottien naisellisuudelle. N\u00e4ihin kuuluvat pehme\u00e4 Casablancanlilja, herkk\u00e4 appelsiininkukka [&hellip;]<\/p>\n","protected":false},"featured_media":109470,"comment_status":"open","ping_status":"closed","template":"","meta":{"_trash_the_other_posts":false},"product_brand":[],"product_cat":[999,706,735],"product_tag":[2933],"berocket_brand":[1329],"class_list":{"0":"post-109474","1":"product","2":"type-product","3":"status-publish","4":"has-post-thumbnail","6":"product_cat-kampanjatarjous-naiselle","7":"product_cat-naisten-eau-de-parfum","8":"product_cat-kampanjamme","9":"product_tag-gucci-bamboo-edp","10":"pa_brand-gucci","11":"pa_variantti-75ml","12":"berocket_brand-gucci","14":"first","15":"instock","16":"sale","17":"taxable","18":"shipping-taxable","19":"purchasable","20":"product-type-simple"},"_links":{"self":[{"href":"https:\/\/stylingagenten.com\/fi\/wp-json\/wp\/v2\/product\/109474","targetHints":{"allow":["GET"]}}],"collection":[{"href":"https:\/\/stylingagenten.com\/fi\/wp-json\/wp\/v2\/product"}],"about":[{"href":"https:\/\/stylingagenten.com\/fi\/wp-json\/wp\/v2\/types\/product"}],"replies":[{"embeddable":true,"href":"https:\/\/stylingagenten.com\/fi\/wp-json\/wp\/v2\/comments?post=109474"}],"version-history":[{"count":0,"href":"https:\/\/stylingagenten.com\/fi\/wp-json\/wp\/v2\/product\/109474\/revisions"}],"wp:featuredmedia":[{"embeddable":true,"href":"https:\/\/stylingagenten.com\/fi\/wp-json\/wp\/v2\/media\/109470"}],"wp:attachment":[{"href":"https:\/\/stylingagenten.com\/fi\/wp-json\/wp\/v2\/media?parent=109474"}],"wp:term":[{"taxonomy":"product_brand","embeddable":true,"href":"https:\/\/stylingagenten.com\/fi\/wp-json\/wp\/v2\/product_brand?post=109474"},{"taxonomy":"product_cat","embeddable":true,"href":"https:\/\/stylingagenten.com\/fi\/wp-json\/wp\/v2\/product_cat?post=109474"},{"taxonomy":"product_tag","embeddable":true,"href":"https:\/\/stylingagenten.com\/fi\/wp-json\/wp\/v2\/product_tag?post=109474"},{"taxonomy":"berocket_brand","embeddable":true,"href":"https:\/\/stylingagenten.com\/fi\/wp-json\/wp\/v2\/berocket_brand?post=109474"}],"curies":[{"name":"wp","href":"https:\/\/api.w.org\/{rel}","templated":true}]}}