{"id":109469,"date":"2025-05-18T20:52:27","date_gmt":"2025-05-18T20:52:27","guid":{"rendered":"https:\/\/staging2.stylingagenten.com\/fi\/produkt\/dolce-gabbana-q-by-dolcegabbana-intense-edp-50ml\/"},"modified":"2026-03-11T22:04:54","modified_gmt":"2026-03-11T22:04:54","slug":"dolce-gabbana-q-by-dolcegabbana-intense-edp-50ml","status":"publish","type":"product","link":"https:\/\/stylingagenten.com\/fi\/tuote\/dolce-gabbana-q-by-dolcegabbana-intense-edp-50ml\/","title":{"rendered":"Dolce &amp; Gabbana Q by Dolce&amp;Gabbana Intense Edp 50ml"},"content":{"rendered":"<p>Dolce &amp; Gabbana Q -parfyymi saa entist\u00e4kin vangitsevamman ja voimakkaamman luonteen uusimmassa tuoksussa, Eau de Parfum Intense. Se yhdist\u00e4\u00e4 tumman kirsikan l\u00e4mpim\u00e4n olemuksen j\u00e4nnitt\u00e4v\u00e4\u00e4n heliotrooppisyd\u00e4meen, mutta sen todellinen luonne paljastuu vastustamattoman sensuellissa meripihkapohjassa.<\/p>\n<p>DESIGN<\/p>\n<p>Uuden tuoksun pullo heijastaa alkuper\u00e4ist\u00e4 Q by Dolce &amp; Gabbana -pulloa; korkki esitt\u00e4\u00e4 kuninkaallista kruunua punaisena ja kultaisena, ja lasi on rohkean kirsikanv\u00e4rinen.<\/p>\n<p>Tuoksu avautuu l\u00e4mpim\u00e4ll\u00e4 ja syv\u00e4ll\u00e4 tumman kirsikan vivahteella. Q by Dolce &amp; Gabbana Eau de Parfum Intensen syd\u00e4mess\u00e4 on j\u00e4nnitt\u00e4v\u00e4 heliotroopin vivahde. Meripihkainen s\u00e4vy tuo tuoksuun sensuellin kosketuksen.<\/p>\n<p>Tumma kirsikka: L\u00e4mmin ja syv\u00e4.<\/p>\n<p>Heliotrooppi: Naisellinen ja j\u00e4nnitt\u00e4v\u00e4.<\/p>\n<p>Meripihka: Magneettinen ja sensuelli.<\/p>\n<p>50 ml<\/p>\n","protected":false},"excerpt":{"rendered":"<p>Dolce &amp; Gabbana Q -parfyymi saa entist\u00e4kin vangitsevamman ja voimakkaamman luonteen uusimmassa tuoksussa, Eau de Parfum Intense. Se yhdist\u00e4\u00e4 tumman kirsikan l\u00e4mpim\u00e4n olemuksen j\u00e4nnitt\u00e4v\u00e4\u00e4n heliotrooppisyd\u00e4meen, mutta sen todellinen luonne paljastuu vastustamattoman sensuellissa meripihkapohjassa. DESIGN Uuden tuoksun pullo heijastaa alkuper\u00e4ist\u00e4 Q by Dolce &amp; Gabbana -pulloa; korkki esitt\u00e4\u00e4 kuninkaallista kruunua punaisena ja kultaisena, ja lasi on [&hellip;]<\/p>\n","protected":false},"featured_media":109450,"comment_status":"open","ping_status":"closed","template":"","meta":{"_trash_the_other_posts":false},"product_brand":[],"product_cat":[999,706,735],"product_tag":[2838],"berocket_brand":[1292],"class_list":{"0":"post-109469","1":"product","2":"type-product","3":"status-publish","4":"has-post-thumbnail","6":"product_cat-kampanjatarjous-naiselle","7":"product_cat-naisten-eau-de-parfum","8":"product_cat-kampanjamme","9":"product_tag-dolce-gabbana-q-by-dolcegabbana-intense-edp","10":"pa_brand-dolce-gabbana","11":"pa_variantti-50ml","12":"berocket_brand-dolce-gabbana","14":"first","15":"instock","16":"sale","17":"taxable","18":"shipping-taxable","19":"purchasable","20":"product-type-simple"},"_links":{"self":[{"href":"https:\/\/stylingagenten.com\/fi\/wp-json\/wp\/v2\/product\/109469","targetHints":{"allow":["GET"]}}],"collection":[{"href":"https:\/\/stylingagenten.com\/fi\/wp-json\/wp\/v2\/product"}],"about":[{"href":"https:\/\/stylingagenten.com\/fi\/wp-json\/wp\/v2\/types\/product"}],"replies":[{"embeddable":true,"href":"https:\/\/stylingagenten.com\/fi\/wp-json\/wp\/v2\/comments?post=109469"}],"version-history":[{"count":0,"href":"https:\/\/stylingagenten.com\/fi\/wp-json\/wp\/v2\/product\/109469\/revisions"}],"wp:featuredmedia":[{"embeddable":true,"href":"https:\/\/stylingagenten.com\/fi\/wp-json\/wp\/v2\/media\/109450"}],"wp:attachment":[{"href":"https:\/\/stylingagenten.com\/fi\/wp-json\/wp\/v2\/media?parent=109469"}],"wp:term":[{"taxonomy":"product_brand","embeddable":true,"href":"https:\/\/stylingagenten.com\/fi\/wp-json\/wp\/v2\/product_brand?post=109469"},{"taxonomy":"product_cat","embeddable":true,"href":"https:\/\/stylingagenten.com\/fi\/wp-json\/wp\/v2\/product_cat?post=109469"},{"taxonomy":"product_tag","embeddable":true,"href":"https:\/\/stylingagenten.com\/fi\/wp-json\/wp\/v2\/product_tag?post=109469"},{"taxonomy":"berocket_brand","embeddable":true,"href":"https:\/\/stylingagenten.com\/fi\/wp-json\/wp\/v2\/berocket_brand?post=109469"}],"curies":[{"name":"wp","href":"https:\/\/api.w.org\/{rel}","templated":true}]}}