{"id":109462,"date":"2025-05-18T20:52:26","date_gmt":"2025-05-18T20:52:26","guid":{"rendered":"https:\/\/staging2.stylingagenten.com\/fi\/produkt\/hugo-boss-alive-intense-edp-30ml\/"},"modified":"2026-04-14T14:08:39","modified_gmt":"2026-04-14T14:08:39","slug":"hugo-boss-alive-intense-edp-30ml","status":"publish","type":"product","link":"https:\/\/stylingagenten.com\/fi\/tuote\/hugo-boss-alive-intense-edp-30ml\/","title":{"rendered":"Hugo Boss Alive Intense Edp 30ml"},"content":{"rendered":"<p>Hugo Boss Alive Intense EDP &#8211; Feminiininen ja voimakas Hugo Boss -hajuvesi, joka heijastaa BOSS-naisen rohkeutta ja intensiivist\u00e4 el\u00e4m\u00e4niloa.<\/p>\n<p>Boss Alive Intense on vastustamaton puumainen ja hedelm\u00e4inen hajuvesi, joka on luotu rohkealle naiselle; h\u00e4nelle, joka ei pelk\u00e4\u00e4 ottaa riskej\u00e4 ja rakastaa haastaa itsens\u00e4. Uusi Eau de Parfum, joka avautuu vadelman r\u00e4j\u00e4hdyksell\u00e4, tuoden t\u00e4lle tuoksulle s\u00e4ihkett\u00e4 ja koukuttavan alun p\u00e4iv\u00e4lle.<\/p>\n<p>Erityiset vadelman nuotit huokuvat positiivista energiaa, kun taas voimakas puinen pohja vetiverista heijastaa BOSS-naisen itsevarmuutta. Sensuelli benzoin j\u00e4tt\u00e4\u00e4 iholle pehme\u00e4n ja makean tuoksuj\u00e4ljen \u2013 t\u00e4ydellinen allekirjoitus t\u00e4lle feminiiniselle Eau de Parfumille.<\/p>\n<p>30 ml<\/p>\n","protected":false},"excerpt":{"rendered":"<p>Hugo Boss Alive Intense EDP &#8211; Feminiininen ja voimakas Hugo Boss -hajuvesi, joka heijastaa BOSS-naisen rohkeutta ja intensiivist\u00e4 el\u00e4m\u00e4niloa. Boss Alive Intense on vastustamaton puumainen ja hedelm\u00e4inen hajuvesi, joka on luotu rohkealle naiselle; h\u00e4nelle, joka ei pelk\u00e4\u00e4 ottaa riskej\u00e4 ja rakastaa haastaa itsens\u00e4. Uusi Eau de Parfum, joka avautuu vadelman r\u00e4j\u00e4hdyksell\u00e4, tuoden t\u00e4lle tuoksulle s\u00e4ihkett\u00e4 [&hellip;]<\/p>\n","protected":false},"featured_media":109443,"comment_status":"open","ping_status":"closed","template":"","meta":{"_trash_the_other_posts":false},"product_brand":[],"product_cat":[999,706,735],"product_tag":[],"berocket_brand":[1339],"class_list":{"0":"post-109462","1":"product","2":"type-product","3":"status-publish","4":"has-post-thumbnail","6":"product_cat-kampanjatarjous-naiselle","7":"product_cat-naisten-eau-de-parfum","8":"product_cat-kampanjamme","9":"pa_brand-hugo-boss","10":"berocket_brand-hugo-boss","12":"first","13":"instock","14":"sale","15":"taxable","16":"shipping-taxable","17":"purchasable","18":"product-type-simple"},"_links":{"self":[{"href":"https:\/\/stylingagenten.com\/fi\/wp-json\/wp\/v2\/product\/109462","targetHints":{"allow":["GET"]}}],"collection":[{"href":"https:\/\/stylingagenten.com\/fi\/wp-json\/wp\/v2\/product"}],"about":[{"href":"https:\/\/stylingagenten.com\/fi\/wp-json\/wp\/v2\/types\/product"}],"replies":[{"embeddable":true,"href":"https:\/\/stylingagenten.com\/fi\/wp-json\/wp\/v2\/comments?post=109462"}],"version-history":[{"count":1,"href":"https:\/\/stylingagenten.com\/fi\/wp-json\/wp\/v2\/product\/109462\/revisions"}],"predecessor-version":[{"id":443171,"href":"https:\/\/stylingagenten.com\/fi\/wp-json\/wp\/v2\/product\/109462\/revisions\/443171"}],"wp:featuredmedia":[{"embeddable":true,"href":"https:\/\/stylingagenten.com\/fi\/wp-json\/wp\/v2\/media\/109443"}],"wp:attachment":[{"href":"https:\/\/stylingagenten.com\/fi\/wp-json\/wp\/v2\/media?parent=109462"}],"wp:term":[{"taxonomy":"product_brand","embeddable":true,"href":"https:\/\/stylingagenten.com\/fi\/wp-json\/wp\/v2\/product_brand?post=109462"},{"taxonomy":"product_cat","embeddable":true,"href":"https:\/\/stylingagenten.com\/fi\/wp-json\/wp\/v2\/product_cat?post=109462"},{"taxonomy":"product_tag","embeddable":true,"href":"https:\/\/stylingagenten.com\/fi\/wp-json\/wp\/v2\/product_tag?post=109462"},{"taxonomy":"berocket_brand","embeddable":true,"href":"https:\/\/stylingagenten.com\/fi\/wp-json\/wp\/v2\/berocket_brand?post=109462"}],"curies":[{"name":"wp","href":"https:\/\/api.w.org\/{rel}","templated":true}]}}