{"id":109458,"date":"2025-05-18T20:52:26","date_gmt":"2025-05-18T20:52:26","guid":{"rendered":"https:\/\/staging2.stylingagenten.com\/fi\/produkt\/marc-jacobs-daisy-ever-so-fresh-edp-125ml\/"},"modified":"2026-04-09T07:18:34","modified_gmt":"2026-04-09T07:18:34","slug":"marc-jacobs-daisy-ever-so-fresh-edp-125ml","status":"publish","type":"product","link":"https:\/\/stylingagenten.com\/fi\/tuote\/marc-jacobs-daisy-ever-so-fresh-edp-125ml\/","title":{"rendered":"Marc Jacobs Daisy Ever So Fresh Edp 125ml"},"content":{"rendered":"<p>Kirkas. El\u00e4v\u00e4. Energisoiva. Esittelemme Daisy Ever So Freshin, Marc Jacobsin ikonisen Daisy-kokoelman uusimman tuoksun. Daisy Ever So Fresh on pitk\u00e4kestoinen tuoksu, jossa on aurinkoinen kimppu mehukkaita sitrusnuotteja, jotka yhdess\u00e4 s\u00e4ihkiv\u00e4n ruusuveden kanssa tuovat mieleen kukkatuoksujen tuulahduksen. Kashmirpuu tuo tuoksuun ilmavan mutta energisen l\u00e4mm\u00f6n. Harmoniset nuotit luovat lumoavan vaikutelman ja tuoksun, joka kest\u00e4\u00e4 pitk\u00e4\u00e4n. Sen nuorekas vieh\u00e4tys inspiroi k\u00e4ytt\u00e4j\u00e4\u00e4 rohkeasti olemaan spontaani.<\/p>\n<p>125ml<\/p>\n","protected":false},"excerpt":{"rendered":"<p>Kirkas. El\u00e4v\u00e4. Energisoiva. Esittelemme Daisy Ever So Freshin, Marc Jacobsin ikonisen Daisy-kokoelman uusimman tuoksun. Daisy Ever So Fresh on pitk\u00e4kestoinen tuoksu, jossa on aurinkoinen kimppu mehukkaita sitrusnuotteja, jotka yhdess\u00e4 s\u00e4ihkiv\u00e4n ruusuveden kanssa tuovat mieleen kukkatuoksujen tuulahduksen. Kashmirpuu tuo tuoksuun ilmavan mutta energisen l\u00e4mm\u00f6n. Harmoniset nuotit luovat lumoavan vaikutelman ja tuoksun, joka kest\u00e4\u00e4 pitk\u00e4\u00e4n. Sen nuorekas [&hellip;]<\/p>\n","protected":false},"featured_media":109439,"comment_status":"open","ping_status":"closed","template":"","meta":{"_trash_the_other_posts":false},"product_brand":[],"product_cat":[999,706,735],"product_tag":[3383],"berocket_brand":[1069],"class_list":{"0":"post-109458","1":"product","2":"type-product","3":"status-publish","4":"has-post-thumbnail","6":"product_cat-kampanjatarjous-naiselle","7":"product_cat-naisten-eau-de-parfum","8":"product_cat-kampanjamme","9":"product_tag-marc-jacobs-daisy-ever-so-fresh-edp","10":"pa_brand-marc-jacobs","11":"pa_variantti-125ml","12":"berocket_brand-marc-jacobs","14":"first","15":"instock","16":"sale","17":"taxable","18":"shipping-taxable","19":"purchasable","20":"product-type-simple"},"_links":{"self":[{"href":"https:\/\/stylingagenten.com\/fi\/wp-json\/wp\/v2\/product\/109458","targetHints":{"allow":["GET"]}}],"collection":[{"href":"https:\/\/stylingagenten.com\/fi\/wp-json\/wp\/v2\/product"}],"about":[{"href":"https:\/\/stylingagenten.com\/fi\/wp-json\/wp\/v2\/types\/product"}],"replies":[{"embeddable":true,"href":"https:\/\/stylingagenten.com\/fi\/wp-json\/wp\/v2\/comments?post=109458"}],"version-history":[{"count":0,"href":"https:\/\/stylingagenten.com\/fi\/wp-json\/wp\/v2\/product\/109458\/revisions"}],"wp:featuredmedia":[{"embeddable":true,"href":"https:\/\/stylingagenten.com\/fi\/wp-json\/wp\/v2\/media\/109439"}],"wp:attachment":[{"href":"https:\/\/stylingagenten.com\/fi\/wp-json\/wp\/v2\/media?parent=109458"}],"wp:term":[{"taxonomy":"product_brand","embeddable":true,"href":"https:\/\/stylingagenten.com\/fi\/wp-json\/wp\/v2\/product_brand?post=109458"},{"taxonomy":"product_cat","embeddable":true,"href":"https:\/\/stylingagenten.com\/fi\/wp-json\/wp\/v2\/product_cat?post=109458"},{"taxonomy":"product_tag","embeddable":true,"href":"https:\/\/stylingagenten.com\/fi\/wp-json\/wp\/v2\/product_tag?post=109458"},{"taxonomy":"berocket_brand","embeddable":true,"href":"https:\/\/stylingagenten.com\/fi\/wp-json\/wp\/v2\/berocket_brand?post=109458"}],"curies":[{"name":"wp","href":"https:\/\/api.w.org\/{rel}","templated":true}]}}