{"id":109434,"date":"2025-05-18T20:52:21","date_gmt":"2025-05-18T20:52:21","guid":{"rendered":"https:\/\/staging2.stylingagenten.com\/fi\/produkt\/guess-seductive-for-her-edt-125ml\/"},"modified":"2026-03-13T13:57:35","modified_gmt":"2026-03-13T13:57:35","slug":"guess-seductive-for-her-edt-125ml","status":"publish","type":"product","link":"https:\/\/stylingagenten.com\/fi\/tuote\/guess-seductive-for-her-edt-125ml\/","title":{"rendered":"Guess Seductive For Her Edt 125ml"},"content":{"rendered":"<p>Guess Seductive EDT antaa sinulle itsevarmuuden, joka tarvitset ollaksesi aina askeleen edell\u00e4. Sen hedelm\u00e4iset kukkavoittoiset s\u00e4vyt korostavat t\u00e4ydellisesti naisellisuuttasi ja ainutlaatuista vieh\u00e4tysvoimaasi, tehden siit\u00e4 mahdotonta kenellek\u00e4\u00e4n vastustaa sinua.<\/p>\n<p>P\u00e4\u00e4llimm\u00e4iset s\u00e4vyt: Bergamotti, Mustaherukka, P\u00e4\u00e4ryn\u00e4<\/p>\n<p>Syd\u00e4men s\u00e4vyt: Jasmiini, Appelsiininkukkakukka, Irisjuuri<\/p>\n<p>Pohjas\u00e4vyt: Salmiakki, Vanilja<\/p>\n<p>125 ml<\/p>\n","protected":false},"excerpt":{"rendered":"<p>Guess Seductive EDT antaa sinulle itsevarmuuden, joka tarvitset ollaksesi aina askeleen edell\u00e4. Sen hedelm\u00e4iset kukkavoittoiset s\u00e4vyt korostavat t\u00e4ydellisesti naisellisuuttasi ja ainutlaatuista vieh\u00e4tysvoimaasi, tehden siit\u00e4 mahdotonta kenellek\u00e4\u00e4n vastustaa sinua. P\u00e4\u00e4llimm\u00e4iset s\u00e4vyt: Bergamotti, Mustaherukka, P\u00e4\u00e4ryn\u00e4 Syd\u00e4men s\u00e4vyt: Jasmiini, Appelsiininkukkakukka, Irisjuuri Pohjas\u00e4vyt: Salmiakki, Vanilja 125 ml<\/p>\n","protected":false},"featured_media":109431,"comment_status":"open","ping_status":"closed","template":"","meta":{"_trash_the_other_posts":false},"product_brand":[],"product_cat":[999,707,735],"product_tag":[2960],"berocket_brand":[1331],"class_list":{"0":"post-109434","1":"product","2":"type-product","3":"status-publish","4":"has-post-thumbnail","6":"product_cat-kampanjatarjous-naiselle","7":"product_cat-naisten-eau-de-toilette","8":"product_cat-kampanjamme","9":"product_tag-guess-seductive-for-her-edt","10":"pa_brand-guess","11":"pa_variantti-125ml","12":"berocket_brand-guess","14":"first","15":"instock","16":"sale","17":"taxable","18":"shipping-taxable","19":"purchasable","20":"product-type-simple"},"_links":{"self":[{"href":"https:\/\/stylingagenten.com\/fi\/wp-json\/wp\/v2\/product\/109434","targetHints":{"allow":["GET"]}}],"collection":[{"href":"https:\/\/stylingagenten.com\/fi\/wp-json\/wp\/v2\/product"}],"about":[{"href":"https:\/\/stylingagenten.com\/fi\/wp-json\/wp\/v2\/types\/product"}],"replies":[{"embeddable":true,"href":"https:\/\/stylingagenten.com\/fi\/wp-json\/wp\/v2\/comments?post=109434"}],"version-history":[{"count":0,"href":"https:\/\/stylingagenten.com\/fi\/wp-json\/wp\/v2\/product\/109434\/revisions"}],"wp:featuredmedia":[{"embeddable":true,"href":"https:\/\/stylingagenten.com\/fi\/wp-json\/wp\/v2\/media\/109431"}],"wp:attachment":[{"href":"https:\/\/stylingagenten.com\/fi\/wp-json\/wp\/v2\/media?parent=109434"}],"wp:term":[{"taxonomy":"product_brand","embeddable":true,"href":"https:\/\/stylingagenten.com\/fi\/wp-json\/wp\/v2\/product_brand?post=109434"},{"taxonomy":"product_cat","embeddable":true,"href":"https:\/\/stylingagenten.com\/fi\/wp-json\/wp\/v2\/product_cat?post=109434"},{"taxonomy":"product_tag","embeddable":true,"href":"https:\/\/stylingagenten.com\/fi\/wp-json\/wp\/v2\/product_tag?post=109434"},{"taxonomy":"berocket_brand","embeddable":true,"href":"https:\/\/stylingagenten.com\/fi\/wp-json\/wp\/v2\/berocket_brand?post=109434"}],"curies":[{"name":"wp","href":"https:\/\/api.w.org\/{rel}","templated":true}]}}