{"id":109401,"date":"2025-05-18T20:52:15","date_gmt":"2025-05-18T20:52:15","guid":{"rendered":"https:\/\/staging2.stylingagenten.com\/fi\/produkt\/coach-edp-50ml\/"},"modified":"2026-03-11T22:00:07","modified_gmt":"2026-03-11T22:00:07","slug":"coach-edp-50ml","status":"publish","type":"product","link":"https:\/\/stylingagenten.com\/fi\/tuote\/coach-edp-50ml\/","title":{"rendered":"Coach Edp 50ml"},"content":{"rendered":"<p>COACH esittelee ajattoman ja universaalin luomuksen modernille naiselle, jolla on luonteenpiirteit\u00e4 ja aitoutta sek\u00e4 luonnollista eleganssia. Viile\u00e4 urbaani asenne, joka on saanut inspiraationsa New Yorkin energiasta ja COACH-br\u00e4ndin klassisista ikoneista. COACH Eau de Parfum on hedelm\u00e4inen ja kukkainen tuoksu, t\u00e4ynn\u00e4 kontrasteja \u2013 pirte\u00e4 ja s\u00e4ihke\u00e4, mutta kuitenkin sensuelli ja naisellinen. Tuoksussa on vadelmalehden, turkkilaisen ruusun ja mokkanahkan muskuksen s\u00e4vyj\u00e4.<\/p>\n<p>50 ml<\/p>\n","protected":false},"excerpt":{"rendered":"<p>COACH esittelee ajattoman ja universaalin luomuksen modernille naiselle, jolla on luonteenpiirteit\u00e4 ja aitoutta sek\u00e4 luonnollista eleganssia. Viile\u00e4 urbaani asenne, joka on saanut inspiraationsa New Yorkin energiasta ja COACH-br\u00e4ndin klassisista ikoneista. COACH Eau de Parfum on hedelm\u00e4inen ja kukkainen tuoksu, t\u00e4ynn\u00e4 kontrasteja \u2013 pirte\u00e4 ja s\u00e4ihke\u00e4, mutta kuitenkin sensuelli ja naisellinen. Tuoksussa on vadelmalehden, turkkilaisen ruusun [&hellip;]<\/p>\n","protected":false},"featured_media":109391,"comment_status":"open","ping_status":"closed","template":"","meta":{"_trash_the_other_posts":false},"product_brand":[],"product_cat":[999,706,735],"product_tag":[2730],"berocket_brand":[1991],"class_list":{"0":"post-109401","1":"product","2":"type-product","3":"status-publish","4":"has-post-thumbnail","6":"product_cat-kampanjatarjous-naiselle","7":"product_cat-naisten-eau-de-parfum","8":"product_cat-kampanjamme","9":"product_tag-coach-edp","10":"pa_brand-coach","11":"pa_variantti-50ml","12":"berocket_brand-coach","14":"first","15":"instock","16":"sale","17":"taxable","18":"shipping-taxable","19":"purchasable","20":"product-type-simple"},"_links":{"self":[{"href":"https:\/\/stylingagenten.com\/fi\/wp-json\/wp\/v2\/product\/109401","targetHints":{"allow":["GET"]}}],"collection":[{"href":"https:\/\/stylingagenten.com\/fi\/wp-json\/wp\/v2\/product"}],"about":[{"href":"https:\/\/stylingagenten.com\/fi\/wp-json\/wp\/v2\/types\/product"}],"replies":[{"embeddable":true,"href":"https:\/\/stylingagenten.com\/fi\/wp-json\/wp\/v2\/comments?post=109401"}],"version-history":[{"count":0,"href":"https:\/\/stylingagenten.com\/fi\/wp-json\/wp\/v2\/product\/109401\/revisions"}],"wp:featuredmedia":[{"embeddable":true,"href":"https:\/\/stylingagenten.com\/fi\/wp-json\/wp\/v2\/media\/109391"}],"wp:attachment":[{"href":"https:\/\/stylingagenten.com\/fi\/wp-json\/wp\/v2\/media?parent=109401"}],"wp:term":[{"taxonomy":"product_brand","embeddable":true,"href":"https:\/\/stylingagenten.com\/fi\/wp-json\/wp\/v2\/product_brand?post=109401"},{"taxonomy":"product_cat","embeddable":true,"href":"https:\/\/stylingagenten.com\/fi\/wp-json\/wp\/v2\/product_cat?post=109401"},{"taxonomy":"product_tag","embeddable":true,"href":"https:\/\/stylingagenten.com\/fi\/wp-json\/wp\/v2\/product_tag?post=109401"},{"taxonomy":"berocket_brand","embeddable":true,"href":"https:\/\/stylingagenten.com\/fi\/wp-json\/wp\/v2\/berocket_brand?post=109401"}],"curies":[{"name":"wp","href":"https:\/\/api.w.org\/{rel}","templated":true}]}}