{"id":109380,"date":"2025-05-18T20:52:09","date_gmt":"2025-05-18T20:52:09","guid":{"rendered":"https:\/\/staging2.stylingagenten.com\/fi\/produkt\/burberry-my-burberry-edp-90ml\/"},"modified":"2026-03-24T15:31:28","modified_gmt":"2026-03-24T15:31:28","slug":"burberry-my-burberry-edp-90ml","status":"publish","type":"product","link":"https:\/\/stylingagenten.com\/fi\/tuote\/burberry-my-burberry-edp-90ml\/","title":{"rendered":"Burberry My Burberry Edp 90ml"},"content":{"rendered":"<p>Burberry My Burberry EdP luo uudelleen Lontoon puistojen ja puutarhojen ihanan tuoksun sateen j\u00e4lkeen. Moderni, l\u00e4mmin kukkaistuoksu, jossa on ripaus twisti\u00e4. Yl\u00e4vivahteina ovat bergamotti ja pelargoni, kun taas syd\u00e4ntuoksussa hurmaa freesia. Pohjatuoksu k\u00e4tkee sis\u00e4\u00e4ns\u00e4 aistillisia vivahteita patsulista sek\u00e4 centifolia- ja damaskonruusuista. Pullon ymp\u00e4rill\u00e4 oleva rusetti on valmistettu samasta materiaalista kuin Burberryn klassinen trenssitakki.<\/p>\n<p>90ml<\/p>\n","protected":false},"excerpt":{"rendered":"<p>Burberry My Burberry EdP luo uudelleen Lontoon puistojen ja puutarhojen ihanan tuoksun sateen j\u00e4lkeen. Moderni, l\u00e4mmin kukkaistuoksu, jossa on ripaus twisti\u00e4. Yl\u00e4vivahteina ovat bergamotti ja pelargoni, kun taas syd\u00e4ntuoksussa hurmaa freesia. Pohjatuoksu k\u00e4tkee sis\u00e4\u00e4ns\u00e4 aistillisia vivahteita patsulista sek\u00e4 centifolia- ja damaskonruusuista. Pullon ymp\u00e4rill\u00e4 oleva rusetti on valmistettu samasta materiaalista kuin Burberryn klassinen trenssitakki. 90ml<\/p>\n","protected":false},"featured_media":109366,"comment_status":"open","ping_status":"closed","template":"","meta":{"_trash_the_other_posts":false},"product_brand":[],"product_cat":[706],"product_tag":[2611],"berocket_brand":[1017],"class_list":{"0":"post-109380","1":"product","2":"type-product","3":"status-publish","4":"has-post-thumbnail","6":"product_cat-naisten-eau-de-parfum","7":"product_tag-burberry-my-burberry-edp","8":"pa_brand-burberry","9":"pa_variantti-90ml","10":"berocket_brand-burberry","12":"first","13":"instock","14":"sale","15":"taxable","16":"shipping-taxable","17":"purchasable","18":"product-type-simple"},"_links":{"self":[{"href":"https:\/\/stylingagenten.com\/fi\/wp-json\/wp\/v2\/product\/109380","targetHints":{"allow":["GET"]}}],"collection":[{"href":"https:\/\/stylingagenten.com\/fi\/wp-json\/wp\/v2\/product"}],"about":[{"href":"https:\/\/stylingagenten.com\/fi\/wp-json\/wp\/v2\/types\/product"}],"replies":[{"embeddable":true,"href":"https:\/\/stylingagenten.com\/fi\/wp-json\/wp\/v2\/comments?post=109380"}],"version-history":[{"count":0,"href":"https:\/\/stylingagenten.com\/fi\/wp-json\/wp\/v2\/product\/109380\/revisions"}],"wp:featuredmedia":[{"embeddable":true,"href":"https:\/\/stylingagenten.com\/fi\/wp-json\/wp\/v2\/media\/109366"}],"wp:attachment":[{"href":"https:\/\/stylingagenten.com\/fi\/wp-json\/wp\/v2\/media?parent=109380"}],"wp:term":[{"taxonomy":"product_brand","embeddable":true,"href":"https:\/\/stylingagenten.com\/fi\/wp-json\/wp\/v2\/product_brand?post=109380"},{"taxonomy":"product_cat","embeddable":true,"href":"https:\/\/stylingagenten.com\/fi\/wp-json\/wp\/v2\/product_cat?post=109380"},{"taxonomy":"product_tag","embeddable":true,"href":"https:\/\/stylingagenten.com\/fi\/wp-json\/wp\/v2\/product_tag?post=109380"},{"taxonomy":"berocket_brand","embeddable":true,"href":"https:\/\/stylingagenten.com\/fi\/wp-json\/wp\/v2\/berocket_brand?post=109380"}],"curies":[{"name":"wp","href":"https:\/\/api.w.org\/{rel}","templated":true}]}}