{"id":109374,"date":"2025-05-18T20:52:08","date_gmt":"2025-05-18T20:52:08","guid":{"rendered":"https:\/\/staging2.stylingagenten.com\/fi\/produkt\/vera-wang-embrace-french-lavender-tuberose-edt-30ml\/"},"modified":"2026-04-12T15:38:28","modified_gmt":"2026-04-12T15:38:28","slug":"vera-wang-embrace-french-lavender-tuberose-edt-30ml","status":"publish","type":"product","link":"https:\/\/stylingagenten.com\/fi\/tuote\/vera-wang-embrace-french-lavender-tuberose-edt-30ml\/","title":{"rendered":"Vera Wang Embrace French Lavender &amp; Tuberose Edt 30ml"},"content":{"rendered":"<p>Moderni kokoelma tuoksunuotteja, jotka on inspiroitu romantiikan ja l\u00e4heisen intiimiyden tunteesta. Vera Wang Embrace French Lavender &amp; Tuberose on unelmamainen, kukkainen ja hedelm\u00e4inen tuoksu. J\u00e4nnitt\u00e4v\u00e4 r\u00e4j\u00e4hdys kuplivasta mandariinista, vieh\u00e4tt\u00e4vist\u00e4 tuberoosinuoteista, ranskalaisesta lavendelista ja vastustamattomasta kaakaopavuista ja vaniljasta kumpuavasta l\u00e4mm\u00f6st\u00e4.<\/p>\n<p>30ml<\/p>\n","protected":false},"excerpt":{"rendered":"<p>Moderni kokoelma tuoksunuotteja, jotka on inspiroitu romantiikan ja l\u00e4heisen intiimiyden tunteesta. Vera Wang Embrace French Lavender &amp; Tuberose on unelmamainen, kukkainen ja hedelm\u00e4inen tuoksu. J\u00e4nnitt\u00e4v\u00e4 r\u00e4j\u00e4hdys kuplivasta mandariinista, vieh\u00e4tt\u00e4vist\u00e4 tuberoosinuoteista, ranskalaisesta lavendelista ja vastustamattomasta kaakaopavuista ja vaniljasta kumpuavasta l\u00e4mm\u00f6st\u00e4. 30ml<\/p>\n","protected":false},"featured_media":109361,"comment_status":"open","ping_status":"closed","template":"","meta":{"_trash_the_other_posts":false},"product_brand":[],"product_cat":[999,707,735],"product_tag":[],"berocket_brand":[1078],"class_list":{"0":"post-109374","1":"product","2":"type-product","3":"status-publish","4":"has-post-thumbnail","6":"product_cat-kampanjatarjous-naiselle","7":"product_cat-naisten-eau-de-toilette","8":"product_cat-kampanjamme","9":"pa_brand-vera-wang","10":"berocket_brand-vera-wang","12":"first","13":"instock","14":"sale","15":"taxable","16":"shipping-taxable","17":"purchasable","18":"product-type-simple"},"_links":{"self":[{"href":"https:\/\/stylingagenten.com\/fi\/wp-json\/wp\/v2\/product\/109374","targetHints":{"allow":["GET"]}}],"collection":[{"href":"https:\/\/stylingagenten.com\/fi\/wp-json\/wp\/v2\/product"}],"about":[{"href":"https:\/\/stylingagenten.com\/fi\/wp-json\/wp\/v2\/types\/product"}],"replies":[{"embeddable":true,"href":"https:\/\/stylingagenten.com\/fi\/wp-json\/wp\/v2\/comments?post=109374"}],"version-history":[{"count":0,"href":"https:\/\/stylingagenten.com\/fi\/wp-json\/wp\/v2\/product\/109374\/revisions"}],"wp:featuredmedia":[{"embeddable":true,"href":"https:\/\/stylingagenten.com\/fi\/wp-json\/wp\/v2\/media\/109361"}],"wp:attachment":[{"href":"https:\/\/stylingagenten.com\/fi\/wp-json\/wp\/v2\/media?parent=109374"}],"wp:term":[{"taxonomy":"product_brand","embeddable":true,"href":"https:\/\/stylingagenten.com\/fi\/wp-json\/wp\/v2\/product_brand?post=109374"},{"taxonomy":"product_cat","embeddable":true,"href":"https:\/\/stylingagenten.com\/fi\/wp-json\/wp\/v2\/product_cat?post=109374"},{"taxonomy":"product_tag","embeddable":true,"href":"https:\/\/stylingagenten.com\/fi\/wp-json\/wp\/v2\/product_tag?post=109374"},{"taxonomy":"berocket_brand","embeddable":true,"href":"https:\/\/stylingagenten.com\/fi\/wp-json\/wp\/v2\/berocket_brand?post=109374"}],"curies":[{"name":"wp","href":"https:\/\/api.w.org\/{rel}","templated":true}]}}