{"id":109365,"date":"2025-05-18T20:52:07","date_gmt":"2025-05-18T20:52:07","guid":{"rendered":"https:\/\/staging2.stylingagenten.com\/fi\/produkt\/armaf-club-de-nuit-woman-edp-105ml\/"},"modified":"2026-04-06T08:48:29","modified_gmt":"2026-04-06T08:48:29","slug":"armaf-club-de-nuit-woman-edp-105ml","status":"publish","type":"product","link":"https:\/\/stylingagenten.com\/fi\/tuote\/armaf-club-de-nuit-woman-edp-105ml\/","title":{"rendered":"Armaf Club De Nuit Woman Edp 105ml"},"content":{"rendered":"<p>Rakastu aidosti sensuelliin feminiiniseen tuoksuun, joka hurmaa sinut ruusujen puuterimaisella tuoksulla ja litsin raikkaalla trooppisella aromilla. Armaf Club de Nuit Woman on eau de parfum, joka ilment\u00e4\u00e4 ajattoman t\u00e4ydellisyyden ja herkkyyden yhdistelm\u00e4\u00e4 eleganttien tuoksujen r\u00e4j\u00e4hdyksen kautta \u2013 samaan aikaan sek\u00e4 hienostunut ett\u00e4 viettelev\u00e4. Club de Nuit Woman on lumoava tuoksu, joka tuo ripauksen vieh\u00e4tysvoimaa kaikkeen mit\u00e4 teet.<\/p>\n<p>Alkutuoksu: Appelsiini, Persikka, Sitruuna, Kardemumma<br \/>Syd\u00e4ntuoksu: Ruusu, Litsi, Pelargoni, Jasmiini<br \/>Pohjatuoksu: Vetiver, Vanilja, Patchouli, Myski<\/p>\n<p>105ml<\/p>\n","protected":false},"excerpt":{"rendered":"<p>Rakastu aidosti sensuelliin feminiiniseen tuoksuun, joka hurmaa sinut ruusujen puuterimaisella tuoksulla ja litsin raikkaalla trooppisella aromilla. Armaf Club de Nuit Woman on eau de parfum, joka ilment\u00e4\u00e4 ajattoman t\u00e4ydellisyyden ja herkkyyden yhdistelm\u00e4\u00e4 eleganttien tuoksujen r\u00e4j\u00e4hdyksen kautta \u2013 samaan aikaan sek\u00e4 hienostunut ett\u00e4 viettelev\u00e4. Club de Nuit Woman on lumoava tuoksu, joka tuo ripauksen vieh\u00e4tysvoimaa kaikkeen [&hellip;]<\/p>\n","protected":false},"featured_media":109360,"comment_status":"open","ping_status":"closed","template":"","meta":{"_trash_the_other_posts":false},"product_brand":[],"product_cat":[999,706,735],"product_tag":[],"berocket_brand":[1989],"class_list":{"0":"post-109365","1":"product","2":"type-product","3":"status-publish","4":"has-post-thumbnail","6":"product_cat-kampanjatarjous-naiselle","7":"product_cat-naisten-eau-de-parfum","8":"product_cat-kampanjamme","9":"pa_brand-armaf","10":"berocket_brand-armaf","12":"first","13":"instock","14":"sale","15":"taxable","16":"shipping-taxable","17":"purchasable","18":"product-type-simple"},"_links":{"self":[{"href":"https:\/\/stylingagenten.com\/fi\/wp-json\/wp\/v2\/product\/109365","targetHints":{"allow":["GET"]}}],"collection":[{"href":"https:\/\/stylingagenten.com\/fi\/wp-json\/wp\/v2\/product"}],"about":[{"href":"https:\/\/stylingagenten.com\/fi\/wp-json\/wp\/v2\/types\/product"}],"replies":[{"embeddable":true,"href":"https:\/\/stylingagenten.com\/fi\/wp-json\/wp\/v2\/comments?post=109365"}],"version-history":[{"count":0,"href":"https:\/\/stylingagenten.com\/fi\/wp-json\/wp\/v2\/product\/109365\/revisions"}],"wp:featuredmedia":[{"embeddable":true,"href":"https:\/\/stylingagenten.com\/fi\/wp-json\/wp\/v2\/media\/109360"}],"wp:attachment":[{"href":"https:\/\/stylingagenten.com\/fi\/wp-json\/wp\/v2\/media?parent=109365"}],"wp:term":[{"taxonomy":"product_brand","embeddable":true,"href":"https:\/\/stylingagenten.com\/fi\/wp-json\/wp\/v2\/product_brand?post=109365"},{"taxonomy":"product_cat","embeddable":true,"href":"https:\/\/stylingagenten.com\/fi\/wp-json\/wp\/v2\/product_cat?post=109365"},{"taxonomy":"product_tag","embeddable":true,"href":"https:\/\/stylingagenten.com\/fi\/wp-json\/wp\/v2\/product_tag?post=109365"},{"taxonomy":"berocket_brand","embeddable":true,"href":"https:\/\/stylingagenten.com\/fi\/wp-json\/wp\/v2\/berocket_brand?post=109365"}],"curies":[{"name":"wp","href":"https:\/\/api.w.org\/{rel}","templated":true}]}}