{"id":109353,"date":"2025-05-18T20:52:04","date_gmt":"2025-05-18T20:52:04","guid":{"rendered":"https:\/\/staging2.stylingagenten.com\/fi\/produkt\/gucci-guilty-pour-femme-intense-edp-50ml\/"},"modified":"2026-03-11T22:04:56","modified_gmt":"2026-03-11T22:04:56","slug":"gucci-guilty-pour-femme-intense-edp-50ml","status":"publish","type":"product","link":"https:\/\/stylingagenten.com\/fi\/tuote\/gucci-guilty-pour-femme-intense-edp-50ml\/","title":{"rendered":"Gucci Guilty Pour Femme Intense Edp 50ml"},"content":{"rendered":"<p>#ForeverGuilty-universumi jatkaa vapaan intohimon tavoittelua Gucci Guilty Pour Femme Eau de Parfum Intense for Women -tuoksulla. T\u00e4m\u00e4 Gucci-parfyymi on uudelleentulkinta klassisesta Gucci Guilty For Her -tuoksusta, ja t\u00e4m\u00e4 uusi versio on viel\u00e4kin intensiivisempi ja viettelev\u00e4mpi.<\/p>\n<p>T\u00e4m\u00e4 naisten tuoksu symboloi yhteytt\u00e4 kaikkien ihmisten v\u00e4lill\u00e4, jotka haluavat ilmaista rakkautensa vapaasti ilman yhteiskunnan s\u00e4\u00e4nt\u00f6j\u00e4 ja m\u00e4\u00e4ritelmi\u00e4. Upea uusi lis\u00e4ys Gucci Guilty -tuoteperheen naisten tuoksuihin.<\/p>\n<p>Guccin uusi Eau de Parfum Intense For Her on l\u00e4mmin kukkaistuoksu, jossa on puisia vivahteita \u2013 kaunis tulkinta Gucci Guilty For Her -tuoksun ytimest\u00e4. Kirkas mandora-sitruksen ja mehukkaan litsin tuoksu sulautuu orvokkiin, luoden modernin ensivaikutelman. Syd\u00e4ntuoksun kaunis ylang-ylangin ja tuberoosan kimppu korostuu sensuellilla ja tummalla luumulla. Pohjatuoksun voimakkaat puunuotit, kuten patsuli ja vetiver, yhdistyv\u00e4t vaniljaan, luoden rohkean ja naisellisen j\u00e4ljen, joka kest\u00e4\u00e4 pitk\u00e4\u00e4n.<\/p>\n<p>50 ml<\/p>\n","protected":false},"excerpt":{"rendered":"<p>#ForeverGuilty-universumi jatkaa vapaan intohimon tavoittelua Gucci Guilty Pour Femme Eau de Parfum Intense for Women -tuoksulla. T\u00e4m\u00e4 Gucci-parfyymi on uudelleentulkinta klassisesta Gucci Guilty For Her -tuoksusta, ja t\u00e4m\u00e4 uusi versio on viel\u00e4kin intensiivisempi ja viettelev\u00e4mpi. T\u00e4m\u00e4 naisten tuoksu symboloi yhteytt\u00e4 kaikkien ihmisten v\u00e4lill\u00e4, jotka haluavat ilmaista rakkautensa vapaasti ilman yhteiskunnan s\u00e4\u00e4nt\u00f6j\u00e4 ja m\u00e4\u00e4ritelmi\u00e4. Upea uusi [&hellip;]<\/p>\n","protected":false},"featured_media":109334,"comment_status":"open","ping_status":"closed","template":"","meta":{"_trash_the_other_posts":false},"product_brand":[],"product_cat":[999,706,735],"product_tag":[],"berocket_brand":[1329],"class_list":{"0":"post-109353","1":"product","2":"type-product","3":"status-publish","4":"has-post-thumbnail","6":"product_cat-kampanjatarjous-naiselle","7":"product_cat-naisten-eau-de-parfum","8":"product_cat-kampanjamme","9":"pa_brand-gucci","10":"berocket_brand-gucci","12":"first","13":"instock","14":"sale","15":"taxable","16":"shipping-taxable","17":"purchasable","18":"product-type-simple"},"_links":{"self":[{"href":"https:\/\/stylingagenten.com\/fi\/wp-json\/wp\/v2\/product\/109353","targetHints":{"allow":["GET"]}}],"collection":[{"href":"https:\/\/stylingagenten.com\/fi\/wp-json\/wp\/v2\/product"}],"about":[{"href":"https:\/\/stylingagenten.com\/fi\/wp-json\/wp\/v2\/types\/product"}],"replies":[{"embeddable":true,"href":"https:\/\/stylingagenten.com\/fi\/wp-json\/wp\/v2\/comments?post=109353"}],"version-history":[{"count":0,"href":"https:\/\/stylingagenten.com\/fi\/wp-json\/wp\/v2\/product\/109353\/revisions"}],"wp:featuredmedia":[{"embeddable":true,"href":"https:\/\/stylingagenten.com\/fi\/wp-json\/wp\/v2\/media\/109334"}],"wp:attachment":[{"href":"https:\/\/stylingagenten.com\/fi\/wp-json\/wp\/v2\/media?parent=109353"}],"wp:term":[{"taxonomy":"product_brand","embeddable":true,"href":"https:\/\/stylingagenten.com\/fi\/wp-json\/wp\/v2\/product_brand?post=109353"},{"taxonomy":"product_cat","embeddable":true,"href":"https:\/\/stylingagenten.com\/fi\/wp-json\/wp\/v2\/product_cat?post=109353"},{"taxonomy":"product_tag","embeddable":true,"href":"https:\/\/stylingagenten.com\/fi\/wp-json\/wp\/v2\/product_tag?post=109353"},{"taxonomy":"berocket_brand","embeddable":true,"href":"https:\/\/stylingagenten.com\/fi\/wp-json\/wp\/v2\/berocket_brand?post=109353"}],"curies":[{"name":"wp","href":"https:\/\/api.w.org\/{rel}","templated":true}]}}