{"id":109352,"date":"2025-05-18T20:52:04","date_gmt":"2025-05-18T20:52:04","guid":{"rendered":"https:\/\/staging2.stylingagenten.com\/fi\/produkt\/gucci-flora-gorgeous-magnolia-edp-50ml\/"},"modified":"2026-04-14T19:58:39","modified_gmt":"2026-04-14T19:58:39","slug":"gucci-flora-gorgeous-magnolia-edp-50ml","status":"publish","type":"product","link":"https:\/\/stylingagenten.com\/fi\/tuote\/gucci-flora-gorgeous-magnolia-edp-50ml\/","title":{"rendered":"Gucci Flora Gorgeous Magnolia Edp 50ml"},"content":{"rendered":"<p>Gucci Flora Gorgeous Magnolia Eau de Parfum naisille on Gucci-tuoksusarjan kolmas osa #FloraFantasy-kokoelmassa ja kutsu vapauttaa mielikuvituksesi itsevarmuudella. Magnoliaesenssin, kastekirsikan ja patsuli-esenssin pehme\u00e4t ja sensuellit tuoksut kuljettavat sinut s\u00e4teilev\u00e4n kukkaisen voiman maailmaan ja luovat Eau de Parfum -tuoksun itsevarmoille naisille.<\/p>\n<p>Pullo, joka on koristeltu lumoavalla kukkakuviolla ja kiehtovalla violetin s\u00e4vyll\u00e4, symboloi rajatonta potentiaalia sis\u00e4ll\u00e4si. T\u00e4m\u00e4 ihastuttava tuoksu on horjumaton liittolainen Flora-naiselle, joka haluaa tutkia kaikki mahdollisuudet \u2013 ainutlaatuinen kimppu t\u00e4ynn\u00e4 iloista kukkaista voimaa, joka muistuttaa sinua luottamaan itseesi ja vapauttamaan mielikuvituksesi.<\/p>\n<p>Yl\u00e4vivat: Kastekirsikka ja Kookos<br \/>Syd\u00e4ntuoksut: Magnolia, Jasmiini Sambac ja Muskottisalvia<br \/>Pohjatuoksut: Myski, Patsuli ja Vaalea Puu<\/p>\n<p>50ml<\/p>\n","protected":false},"excerpt":{"rendered":"<p>Gucci Flora Gorgeous Magnolia Eau de Parfum naisille on Gucci-tuoksusarjan kolmas osa #FloraFantasy-kokoelmassa ja kutsu vapauttaa mielikuvituksesi itsevarmuudella. Magnoliaesenssin, kastekirsikan ja patsuli-esenssin pehme\u00e4t ja sensuellit tuoksut kuljettavat sinut s\u00e4teilev\u00e4n kukkaisen voiman maailmaan ja luovat Eau de Parfum -tuoksun itsevarmoille naisille. Pullo, joka on koristeltu lumoavalla kukkakuviolla ja kiehtovalla violetin s\u00e4vyll\u00e4, symboloi rajatonta potentiaalia sis\u00e4ll\u00e4si. T\u00e4m\u00e4 [&hellip;]<\/p>\n","protected":false},"featured_media":109340,"comment_status":"open","ping_status":"closed","template":"","meta":{"_trash_the_other_posts":false},"product_brand":[],"product_cat":[706],"product_tag":[2940],"berocket_brand":[1329],"class_list":{"0":"post-109352","1":"product","2":"type-product","3":"status-publish","4":"has-post-thumbnail","6":"product_cat-naisten-eau-de-parfum","7":"product_tag-gucci-flora-gorgeous-magnolia-edp","8":"pa_brand-gucci","9":"pa_variantti-50ml","10":"berocket_brand-gucci","12":"first","13":"instock","14":"sale","15":"taxable","16":"shipping-taxable","17":"purchasable","18":"product-type-simple"},"_links":{"self":[{"href":"https:\/\/stylingagenten.com\/fi\/wp-json\/wp\/v2\/product\/109352","targetHints":{"allow":["GET"]}}],"collection":[{"href":"https:\/\/stylingagenten.com\/fi\/wp-json\/wp\/v2\/product"}],"about":[{"href":"https:\/\/stylingagenten.com\/fi\/wp-json\/wp\/v2\/types\/product"}],"replies":[{"embeddable":true,"href":"https:\/\/stylingagenten.com\/fi\/wp-json\/wp\/v2\/comments?post=109352"}],"version-history":[{"count":0,"href":"https:\/\/stylingagenten.com\/fi\/wp-json\/wp\/v2\/product\/109352\/revisions"}],"wp:featuredmedia":[{"embeddable":true,"href":"https:\/\/stylingagenten.com\/fi\/wp-json\/wp\/v2\/media\/109340"}],"wp:attachment":[{"href":"https:\/\/stylingagenten.com\/fi\/wp-json\/wp\/v2\/media?parent=109352"}],"wp:term":[{"taxonomy":"product_brand","embeddable":true,"href":"https:\/\/stylingagenten.com\/fi\/wp-json\/wp\/v2\/product_brand?post=109352"},{"taxonomy":"product_cat","embeddable":true,"href":"https:\/\/stylingagenten.com\/fi\/wp-json\/wp\/v2\/product_cat?post=109352"},{"taxonomy":"product_tag","embeddable":true,"href":"https:\/\/stylingagenten.com\/fi\/wp-json\/wp\/v2\/product_tag?post=109352"},{"taxonomy":"berocket_brand","embeddable":true,"href":"https:\/\/stylingagenten.com\/fi\/wp-json\/wp\/v2\/berocket_brand?post=109352"}],"curies":[{"name":"wp","href":"https:\/\/api.w.org\/{rel}","templated":true}]}}