{"id":109347,"date":"2025-05-18T20:52:03","date_gmt":"2025-05-18T20:52:03","guid":{"rendered":"https:\/\/staging2.stylingagenten.com\/fi\/produkt\/gucci-bloom-edt-30ml\/"},"modified":"2026-03-11T22:03:17","modified_gmt":"2026-03-11T22:03:17","slug":"gucci-bloom-edt-30ml","status":"publish","type":"product","link":"https:\/\/stylingagenten.com\/fi\/tuote\/gucci-bloom-edt-30ml\/","title":{"rendered":"Gucci Bloom Edt 30ml"},"content":{"rendered":"<p>Puhkea kukkaan ja n\u00e4yt\u00e4 todellinen itsesi uuden Gucci Bloom Eau de Toiletten avulla. T\u00e4m\u00e4 kukkaistuoksu pysyy uskollisena alkuper\u00e4iselle Bloom-signatuurille ja on inspiroiva matka itsens\u00e4 l\u00f6yt\u00e4miseen, joka perustuu yst\u00e4vyyden voimaan eroavaisuuksista huolimatta.<\/p>\n<p>Uusin lis\u00e4ys Bloom-tuoksuihin on kevyempi ja s\u00e4teilev\u00e4mpi tulkinta Bloom-signatuurista, joka rohkaisee naisia puhkeamaan kukkaan ja tulemaan parhaaksi versioksi itsest\u00e4\u00e4n.<\/p>\n<p>Jasmiinin, tuberoosan ja Rangoon creeperin tunnusomainen trio saa nyt kevyemm\u00e4n auran makean neroli-s\u00e4vyn ansiosta. Kuten tuoksun nimikin kertoo, Gucci Bloom -nainen puhkeaa kukkaan luonnollisesti, ilmeikk\u00e4\u00e4sti ja yksil\u00f6llisesti, antamatta s\u00e4\u00e4nt\u00f6jen ja konventioiden rajoittaa itse\u00e4\u00e4n. Tuoksu on pakattu vaaleanpunaiseen, huurrettuun neli\u00f6nmuotoiseen lasipulloon, joka symboloi sen raikkautta ja elinvoimaisuutta.<\/p>\n<p>Gucci Bloom Eau de Toilette for Women on kunnianosoitus elinvoimaisuudelle ja monipuolisuudelle niille, jotka samaistuvat Guccin moderniin filosofiaan.<\/p>\n<p>30ml<\/p>\n","protected":false},"excerpt":{"rendered":"<p>Puhkea kukkaan ja n\u00e4yt\u00e4 todellinen itsesi uuden Gucci Bloom Eau de Toiletten avulla. T\u00e4m\u00e4 kukkaistuoksu pysyy uskollisena alkuper\u00e4iselle Bloom-signatuurille ja on inspiroiva matka itsens\u00e4 l\u00f6yt\u00e4miseen, joka perustuu yst\u00e4vyyden voimaan eroavaisuuksista huolimatta. Uusin lis\u00e4ys Bloom-tuoksuihin on kevyempi ja s\u00e4teilev\u00e4mpi tulkinta Bloom-signatuurista, joka rohkaisee naisia puhkeamaan kukkaan ja tulemaan parhaaksi versioksi itsest\u00e4\u00e4n. Jasmiinin, tuberoosan ja Rangoon creeperin [&hellip;]<\/p>\n","protected":false},"featured_media":109333,"comment_status":"open","ping_status":"closed","template":"","meta":{"_trash_the_other_posts":false},"product_brand":[],"product_cat":[999,707,735],"product_tag":[2936],"berocket_brand":[1329],"class_list":{"0":"post-109347","1":"product","2":"type-product","3":"status-publish","4":"has-post-thumbnail","6":"product_cat-kampanjatarjous-naiselle","7":"product_cat-naisten-eau-de-toilette","8":"product_cat-kampanjamme","9":"product_tag-gucci-bloom-edt","10":"pa_brand-gucci","11":"pa_variantti-30ml","12":"berocket_brand-gucci","14":"first","15":"instock","16":"sale","17":"taxable","18":"shipping-taxable","19":"purchasable","20":"product-type-simple"},"_links":{"self":[{"href":"https:\/\/stylingagenten.com\/fi\/wp-json\/wp\/v2\/product\/109347","targetHints":{"allow":["GET"]}}],"collection":[{"href":"https:\/\/stylingagenten.com\/fi\/wp-json\/wp\/v2\/product"}],"about":[{"href":"https:\/\/stylingagenten.com\/fi\/wp-json\/wp\/v2\/types\/product"}],"replies":[{"embeddable":true,"href":"https:\/\/stylingagenten.com\/fi\/wp-json\/wp\/v2\/comments?post=109347"}],"version-history":[{"count":0,"href":"https:\/\/stylingagenten.com\/fi\/wp-json\/wp\/v2\/product\/109347\/revisions"}],"wp:featuredmedia":[{"embeddable":true,"href":"https:\/\/stylingagenten.com\/fi\/wp-json\/wp\/v2\/media\/109333"}],"wp:attachment":[{"href":"https:\/\/stylingagenten.com\/fi\/wp-json\/wp\/v2\/media?parent=109347"}],"wp:term":[{"taxonomy":"product_brand","embeddable":true,"href":"https:\/\/stylingagenten.com\/fi\/wp-json\/wp\/v2\/product_brand?post=109347"},{"taxonomy":"product_cat","embeddable":true,"href":"https:\/\/stylingagenten.com\/fi\/wp-json\/wp\/v2\/product_cat?post=109347"},{"taxonomy":"product_tag","embeddable":true,"href":"https:\/\/stylingagenten.com\/fi\/wp-json\/wp\/v2\/product_tag?post=109347"},{"taxonomy":"berocket_brand","embeddable":true,"href":"https:\/\/stylingagenten.com\/fi\/wp-json\/wp\/v2\/berocket_brand?post=109347"}],"curies":[{"name":"wp","href":"https:\/\/api.w.org\/{rel}","templated":true}]}}