{"id":109328,"date":"2025-05-18T20:51:59","date_gmt":"2025-05-18T20:51:59","guid":{"rendered":"https:\/\/staging2.stylingagenten.com\/fi\/produkt\/gucci-flora-gorgeous-gardenia-edp-50ml\/"},"modified":"2026-03-30T13:36:52","modified_gmt":"2026-03-30T13:36:52","slug":"gucci-flora-gorgeous-gardenia-edp-50ml","status":"publish","type":"product","link":"https:\/\/stylingagenten.com\/fi\/tuote\/gucci-flora-gorgeous-gardenia-edp-50ml\/","title":{"rendered":"Gucci Flora Gorgeous Gardenia Edp 50ml"},"content":{"rendered":"<p>L\u00f6yd\u00e4 pirskahteleva fantasiamaailma Gucci Floran kanssa, joka on nyt kehittynyt hurmaavaksi Eau de Parfum -tuoksuksi. Kukkaisen makea Gucci Flora Gorgeous Gardenia lanseerataan uudelleen kampanjassa, jota inspiroi japanilainen anime. Uusi naisten tunnustuoksu, t\u00e4ynn\u00e4 positiivista energiaa.<\/p>\n<p>Tuoksu rakentuu Gardenian ymp\u00e4rille, ikoniseen kukkaan, jonka sanotaan kuuluvan eliksiirien ja maagisten juomien ainesosiin. T\u00e4m\u00e4n legendan ja kukan mystisen voiman innoittamana Gucci lis\u00e4\u00e4 Jasmine absolutea ja raikasta p\u00e4\u00e4ryn\u00e4nkukkaa. Ripaus fariinisokeria viimeistelee tuoksun ja antaa sille herkullisen makeuden.<\/p>\n<p>T\u00e4m\u00e4n uudelleenlanseerauksen my\u00f6t\u00e4 Gucci Flora Gorgeous Gardenia saa uuden pullomuotoilun: lasi on lakattu vaaleanpunaiseksi ja siin\u00e4 on kultainen kaula. Guccin ikoninen Flora-kuosi, taiteilija Vittorio Accorneron luoma v\u00e4rik\u00e4s kukkamaalaus vuodelta 1966, on nyt uudelleenmuotoiltu Alessandro Michelen vision mukaisesti ja koristaa pullon keskiosaa.<\/p>\n<p>Alkutuoksu: P\u00e4\u00e4ryn\u00e4nkukka<br \/>Syd\u00e4ntuoksut: Valkoinen Gardenia, Jasmine absolute<br \/>Pohjatuoksu: Fariinisokeri<\/p>\n<p>50ml<\/p>\n","protected":false},"excerpt":{"rendered":"<p>L\u00f6yd\u00e4 pirskahteleva fantasiamaailma Gucci Floran kanssa, joka on nyt kehittynyt hurmaavaksi Eau de Parfum -tuoksuksi. Kukkaisen makea Gucci Flora Gorgeous Gardenia lanseerataan uudelleen kampanjassa, jota inspiroi japanilainen anime. Uusi naisten tunnustuoksu, t\u00e4ynn\u00e4 positiivista energiaa. Tuoksu rakentuu Gardenian ymp\u00e4rille, ikoniseen kukkaan, jonka sanotaan kuuluvan eliksiirien ja maagisten juomien ainesosiin. T\u00e4m\u00e4n legendan ja kukan mystisen voiman innoittamana [&hellip;]<\/p>\n","protected":false},"featured_media":109311,"comment_status":"open","ping_status":"closed","template":"","meta":{"_trash_the_other_posts":false},"product_brand":[],"product_cat":[706],"product_tag":[2938],"berocket_brand":[1329],"class_list":{"0":"post-109328","1":"product","2":"type-product","3":"status-publish","4":"has-post-thumbnail","6":"product_cat-naisten-eau-de-parfum","7":"product_tag-gucci-flora-gorgeous-gardenia-edp","8":"pa_brand-gucci","9":"pa_variantti-50ml","10":"berocket_brand-gucci","12":"first","13":"instock","14":"sale","15":"taxable","16":"shipping-taxable","17":"purchasable","18":"product-type-simple"},"_links":{"self":[{"href":"https:\/\/stylingagenten.com\/fi\/wp-json\/wp\/v2\/product\/109328","targetHints":{"allow":["GET"]}}],"collection":[{"href":"https:\/\/stylingagenten.com\/fi\/wp-json\/wp\/v2\/product"}],"about":[{"href":"https:\/\/stylingagenten.com\/fi\/wp-json\/wp\/v2\/types\/product"}],"replies":[{"embeddable":true,"href":"https:\/\/stylingagenten.com\/fi\/wp-json\/wp\/v2\/comments?post=109328"}],"version-history":[{"count":0,"href":"https:\/\/stylingagenten.com\/fi\/wp-json\/wp\/v2\/product\/109328\/revisions"}],"wp:featuredmedia":[{"embeddable":true,"href":"https:\/\/stylingagenten.com\/fi\/wp-json\/wp\/v2\/media\/109311"}],"wp:attachment":[{"href":"https:\/\/stylingagenten.com\/fi\/wp-json\/wp\/v2\/media?parent=109328"}],"wp:term":[{"taxonomy":"product_brand","embeddable":true,"href":"https:\/\/stylingagenten.com\/fi\/wp-json\/wp\/v2\/product_brand?post=109328"},{"taxonomy":"product_cat","embeddable":true,"href":"https:\/\/stylingagenten.com\/fi\/wp-json\/wp\/v2\/product_cat?post=109328"},{"taxonomy":"product_tag","embeddable":true,"href":"https:\/\/stylingagenten.com\/fi\/wp-json\/wp\/v2\/product_tag?post=109328"},{"taxonomy":"berocket_brand","embeddable":true,"href":"https:\/\/stylingagenten.com\/fi\/wp-json\/wp\/v2\/berocket_brand?post=109328"}],"curies":[{"name":"wp","href":"https:\/\/api.w.org\/{rel}","templated":true}]}}