{"id":109322,"date":"2025-05-18T20:51:58","date_gmt":"2025-05-18T20:51:58","guid":{"rendered":"https:\/\/staging2.stylingagenten.com\/fi\/produkt\/gucci-guilty-pour-femme-edp-90ml\/"},"modified":"2026-03-11T22:05:11","modified_gmt":"2026-03-11T22:05:11","slug":"gucci-guilty-pour-femme-edp-90ml","status":"publish","type":"product","link":"https:\/\/stylingagenten.com\/fi\/tuote\/gucci-guilty-pour-femme-edp-90ml\/","title":{"rendered":"Gucci Guilty Pour Femme Edp 90ml"},"content":{"rendered":"<p>Gucci Guilty -kokoelma esittelee uuden luvun, jossa alkuper\u00e4inen Pour Femme -tuoksu tuodaan takaisin t\u00e4ytel\u00e4isen\u00e4 eau de parfumina, joka yhdist\u00e4\u00e4 lis\u00e4kukkaisia vivahteita ja vahvistettuja luonnollisia aromeja.<\/p>\n<p>P\u00e4\u00e4llimm\u00e4iset tuoksunuotit: Mandora \u2013 Kyproksella kasvava hedelm\u00e4, jota pehment\u00e4v\u00e4t bergamotti ja ros\u00e9pippuri<br \/>Syd\u00e4ntuoksu: Syreeni kontrastina ruusun ja orvokin s\u00e4vyille, kerrostettuna pelargoni\u00f6ljyll\u00e4, luoden vivahteikkaan sekoituksen.<br \/>Pohjatuoksu: Patsuli yhdistyy meripihkaan pitk\u00e4kestoiseksi tuoksuksi.<\/p>\n<p>90 ml<\/p>\n","protected":false},"excerpt":{"rendered":"<p>Gucci Guilty -kokoelma esittelee uuden luvun, jossa alkuper\u00e4inen Pour Femme -tuoksu tuodaan takaisin t\u00e4ytel\u00e4isen\u00e4 eau de parfumina, joka yhdist\u00e4\u00e4 lis\u00e4kukkaisia vivahteita ja vahvistettuja luonnollisia aromeja. P\u00e4\u00e4llimm\u00e4iset tuoksunuotit: Mandora \u2013 Kyproksella kasvava hedelm\u00e4, jota pehment\u00e4v\u00e4t bergamotti ja ros\u00e9pippuriSyd\u00e4ntuoksu: Syreeni kontrastina ruusun ja orvokin s\u00e4vyille, kerrostettuna pelargoni\u00f6ljyll\u00e4, luoden vivahteikkaan sekoituksen.Pohjatuoksu: Patsuli yhdistyy meripihkaan pitk\u00e4kestoiseksi tuoksuksi. 90 ml<\/p>\n","protected":false},"featured_media":109310,"comment_status":"open","ping_status":"closed","template":"","meta":{"_trash_the_other_posts":false},"product_brand":[],"product_cat":[999,706,735],"product_tag":[2942],"berocket_brand":[1329],"class_list":{"0":"post-109322","1":"product","2":"type-product","3":"status-publish","4":"has-post-thumbnail","6":"product_cat-kampanjatarjous-naiselle","7":"product_cat-naisten-eau-de-parfum","8":"product_cat-kampanjamme","9":"product_tag-gucci-guilty-pour-femme-edp","10":"pa_brand-gucci","11":"pa_variantti-90ml","12":"berocket_brand-gucci","14":"first","15":"instock","16":"sale","17":"taxable","18":"shipping-taxable","19":"purchasable","20":"product-type-simple"},"_links":{"self":[{"href":"https:\/\/stylingagenten.com\/fi\/wp-json\/wp\/v2\/product\/109322","targetHints":{"allow":["GET"]}}],"collection":[{"href":"https:\/\/stylingagenten.com\/fi\/wp-json\/wp\/v2\/product"}],"about":[{"href":"https:\/\/stylingagenten.com\/fi\/wp-json\/wp\/v2\/types\/product"}],"replies":[{"embeddable":true,"href":"https:\/\/stylingagenten.com\/fi\/wp-json\/wp\/v2\/comments?post=109322"}],"version-history":[{"count":0,"href":"https:\/\/stylingagenten.com\/fi\/wp-json\/wp\/v2\/product\/109322\/revisions"}],"wp:featuredmedia":[{"embeddable":true,"href":"https:\/\/stylingagenten.com\/fi\/wp-json\/wp\/v2\/media\/109310"}],"wp:attachment":[{"href":"https:\/\/stylingagenten.com\/fi\/wp-json\/wp\/v2\/media?parent=109322"}],"wp:term":[{"taxonomy":"product_brand","embeddable":true,"href":"https:\/\/stylingagenten.com\/fi\/wp-json\/wp\/v2\/product_brand?post=109322"},{"taxonomy":"product_cat","embeddable":true,"href":"https:\/\/stylingagenten.com\/fi\/wp-json\/wp\/v2\/product_cat?post=109322"},{"taxonomy":"product_tag","embeddable":true,"href":"https:\/\/stylingagenten.com\/fi\/wp-json\/wp\/v2\/product_tag?post=109322"},{"taxonomy":"berocket_brand","embeddable":true,"href":"https:\/\/stylingagenten.com\/fi\/wp-json\/wp\/v2\/berocket_brand?post=109322"}],"curies":[{"name":"wp","href":"https:\/\/api.w.org\/{rel}","templated":true}]}}