{"id":109314,"date":"2025-05-18T20:51:57","date_gmt":"2025-05-18T20:51:57","guid":{"rendered":"https:\/\/staging2.stylingagenten.com\/fi\/produkt\/gucci-bloom-ambrosia-di-fiori-edp-30ml\/"},"modified":"2026-03-11T22:04:10","modified_gmt":"2026-03-11T22:04:10","slug":"gucci-bloom-ambrosia-di-fiori-edp-30ml","status":"publish","type":"product","link":"https:\/\/stylingagenten.com\/fi\/tuote\/gucci-bloom-ambrosia-di-fiori-edp-30ml\/","title":{"rendered":"Gucci Bloom Ambrosia Di Fiori Edp 30ml"},"content":{"rendered":"<p>Gucci Bloom Ambrosia di Fiori on mestariparfym\u00f6\u00f6ri Alberto Morillasin luomus, joka perustuu Alessandro Michelen visioon v\u00e4rikk\u00e4\u00e4st\u00e4 fantasiapuutarhasta.<\/p>\n<p>Koostumus pohjautuu alkuper\u00e4iseen Gucci Bloom Eau de Parfum -tuoksuun ja sen kolmeen harvinaiseen, eksklusiiviseen kukkaisnuottiin \u2013 jasmiinin nuppu\u00f6ljyyn, tuberoosaan ja Rangoon-k\u00f6ynn\u00f6kseen. T\u00e4ss\u00e4 intensiivisemm\u00e4ss\u00e4 tuoksuversiossa s\u00e4teilev\u00e4\u00e4 kukkakimppua t\u00e4ydent\u00e4v\u00e4t kaksi uutta eleganttia ja syv\u00e4n naisellista ainesosaa: iirisjuuri ja damaskonruusu.<\/p>\n<p>30 ml<\/p>\n","protected":false},"excerpt":{"rendered":"<p>Gucci Bloom Ambrosia di Fiori on mestariparfym\u00f6\u00f6ri Alberto Morillasin luomus, joka perustuu Alessandro Michelen visioon v\u00e4rikk\u00e4\u00e4st\u00e4 fantasiapuutarhasta. Koostumus pohjautuu alkuper\u00e4iseen Gucci Bloom Eau de Parfum -tuoksuun ja sen kolmeen harvinaiseen, eksklusiiviseen kukkaisnuottiin \u2013 jasmiinin nuppu\u00f6ljyyn, tuberoosaan ja Rangoon-k\u00f6ynn\u00f6kseen. T\u00e4ss\u00e4 intensiivisemm\u00e4ss\u00e4 tuoksuversiossa s\u00e4teilev\u00e4\u00e4 kukkakimppua t\u00e4ydent\u00e4v\u00e4t kaksi uutta eleganttia ja syv\u00e4n naisellista ainesosaa: iirisjuuri ja damaskonruusu. 30 [&hellip;]<\/p>\n","protected":false},"featured_media":109308,"comment_status":"open","ping_status":"closed","template":"","meta":{"_trash_the_other_posts":false},"product_brand":[],"product_cat":[999,706,735],"product_tag":[],"berocket_brand":[1329],"class_list":{"0":"post-109314","1":"product","2":"type-product","3":"status-publish","4":"has-post-thumbnail","6":"product_cat-kampanjatarjous-naiselle","7":"product_cat-naisten-eau-de-parfum","8":"product_cat-kampanjamme","9":"pa_brand-gucci","10":"berocket_brand-gucci","12":"first","13":"instock","14":"sale","15":"taxable","16":"shipping-taxable","17":"purchasable","18":"product-type-simple"},"_links":{"self":[{"href":"https:\/\/stylingagenten.com\/fi\/wp-json\/wp\/v2\/product\/109314","targetHints":{"allow":["GET"]}}],"collection":[{"href":"https:\/\/stylingagenten.com\/fi\/wp-json\/wp\/v2\/product"}],"about":[{"href":"https:\/\/stylingagenten.com\/fi\/wp-json\/wp\/v2\/types\/product"}],"replies":[{"embeddable":true,"href":"https:\/\/stylingagenten.com\/fi\/wp-json\/wp\/v2\/comments?post=109314"}],"version-history":[{"count":0,"href":"https:\/\/stylingagenten.com\/fi\/wp-json\/wp\/v2\/product\/109314\/revisions"}],"wp:featuredmedia":[{"embeddable":true,"href":"https:\/\/stylingagenten.com\/fi\/wp-json\/wp\/v2\/media\/109308"}],"wp:attachment":[{"href":"https:\/\/stylingagenten.com\/fi\/wp-json\/wp\/v2\/media?parent=109314"}],"wp:term":[{"taxonomy":"product_brand","embeddable":true,"href":"https:\/\/stylingagenten.com\/fi\/wp-json\/wp\/v2\/product_brand?post=109314"},{"taxonomy":"product_cat","embeddable":true,"href":"https:\/\/stylingagenten.com\/fi\/wp-json\/wp\/v2\/product_cat?post=109314"},{"taxonomy":"product_tag","embeddable":true,"href":"https:\/\/stylingagenten.com\/fi\/wp-json\/wp\/v2\/product_tag?post=109314"},{"taxonomy":"berocket_brand","embeddable":true,"href":"https:\/\/stylingagenten.com\/fi\/wp-json\/wp\/v2\/berocket_brand?post=109314"}],"curies":[{"name":"wp","href":"https:\/\/api.w.org\/{rel}","templated":true}]}}