{"id":109302,"date":"2025-05-18T20:51:54","date_gmt":"2025-05-18T20:51:54","guid":{"rendered":"https:\/\/staging2.stylingagenten.com\/fi\/produkt\/gucci-flora-gorgeous-jasmine-edp-50ml\/"},"modified":"2026-03-11T22:05:02","modified_gmt":"2026-03-11T22:05:02","slug":"gucci-flora-gorgeous-jasmine-edp-50ml","status":"publish","type":"product","link":"https:\/\/stylingagenten.com\/fi\/tuote\/gucci-flora-gorgeous-jasmine-edp-50ml\/","title":{"rendered":"Gucci Flora Gorgeous Jasmine Edp 50ml"},"content":{"rendered":"<p>Astu uuteen ulottuvuuteen rajatonta vapautta Gucci Flora Gorgeous Jasmine Eau de Parfum -tuoksun kanssa. Flora Gorgeous Gardenia EdP:n menestyksekk\u00e4\u00e4n lanseerauksen j\u00e4lkeen Gucci esittelee nyt toisen tuoksun eloisaan #FloraFantasy-maailmaansa. T\u00e4ss\u00e4 tuoksussa sensuelli Jasmine Grandiflorum on keski\u00f6ss\u00e4, tehden tuoksusta s\u00e4teilev\u00e4n. Leikkis\u00e4\u00e4 ja positiivista energiaa korostaa entisest\u00e4\u00e4n elegantti turkoosi pullo ja Guccin tunnusomainen Flora by Gucci -kuosi, joka lis\u00e4\u00e4 siihen lumoavaa taikaa.<\/p>\n<p>Alkutuoksut: Mandariini, Magnolia<br \/>Syd\u00e4ntuoksu: Jasmine Grandiflorum<br \/>Pohjatuoksut: Santelipuu, Bentsoiini<\/p>\n<p>50ml<\/p>\n","protected":false},"excerpt":{"rendered":"<p>Astu uuteen ulottuvuuteen rajatonta vapautta Gucci Flora Gorgeous Jasmine Eau de Parfum -tuoksun kanssa. Flora Gorgeous Gardenia EdP:n menestyksekk\u00e4\u00e4n lanseerauksen j\u00e4lkeen Gucci esittelee nyt toisen tuoksun eloisaan #FloraFantasy-maailmaansa. T\u00e4ss\u00e4 tuoksussa sensuelli Jasmine Grandiflorum on keski\u00f6ss\u00e4, tehden tuoksusta s\u00e4teilev\u00e4n. Leikkis\u00e4\u00e4 ja positiivista energiaa korostaa entisest\u00e4\u00e4n elegantti turkoosi pullo ja Guccin tunnusomainen Flora by Gucci -kuosi, joka [&hellip;]<\/p>\n","protected":false},"featured_media":109289,"comment_status":"open","ping_status":"closed","template":"","meta":{"_trash_the_other_posts":false},"product_brand":[],"product_cat":[999,706,735],"product_tag":[2939],"berocket_brand":[1329],"class_list":{"0":"post-109302","1":"product","2":"type-product","3":"status-publish","4":"has-post-thumbnail","6":"product_cat-kampanjatarjous-naiselle","7":"product_cat-naisten-eau-de-parfum","8":"product_cat-kampanjamme","9":"product_tag-gucci-flora-gorgeous-jasmine-edp","10":"pa_brand-gucci","11":"pa_variantti-50ml","12":"berocket_brand-gucci","14":"first","15":"instock","16":"sale","17":"taxable","18":"shipping-taxable","19":"purchasable","20":"product-type-simple"},"_links":{"self":[{"href":"https:\/\/stylingagenten.com\/fi\/wp-json\/wp\/v2\/product\/109302","targetHints":{"allow":["GET"]}}],"collection":[{"href":"https:\/\/stylingagenten.com\/fi\/wp-json\/wp\/v2\/product"}],"about":[{"href":"https:\/\/stylingagenten.com\/fi\/wp-json\/wp\/v2\/types\/product"}],"replies":[{"embeddable":true,"href":"https:\/\/stylingagenten.com\/fi\/wp-json\/wp\/v2\/comments?post=109302"}],"version-history":[{"count":0,"href":"https:\/\/stylingagenten.com\/fi\/wp-json\/wp\/v2\/product\/109302\/revisions"}],"wp:featuredmedia":[{"embeddable":true,"href":"https:\/\/stylingagenten.com\/fi\/wp-json\/wp\/v2\/media\/109289"}],"wp:attachment":[{"href":"https:\/\/stylingagenten.com\/fi\/wp-json\/wp\/v2\/media?parent=109302"}],"wp:term":[{"taxonomy":"product_brand","embeddable":true,"href":"https:\/\/stylingagenten.com\/fi\/wp-json\/wp\/v2\/product_brand?post=109302"},{"taxonomy":"product_cat","embeddable":true,"href":"https:\/\/stylingagenten.com\/fi\/wp-json\/wp\/v2\/product_cat?post=109302"},{"taxonomy":"product_tag","embeddable":true,"href":"https:\/\/stylingagenten.com\/fi\/wp-json\/wp\/v2\/product_tag?post=109302"},{"taxonomy":"berocket_brand","embeddable":true,"href":"https:\/\/stylingagenten.com\/fi\/wp-json\/wp\/v2\/berocket_brand?post=109302"}],"curies":[{"name":"wp","href":"https:\/\/api.w.org\/{rel}","templated":true}]}}