{"id":109300,"date":"2025-05-18T20:51:54","date_gmt":"2025-05-18T20:51:54","guid":{"rendered":"https:\/\/staging2.stylingagenten.com\/fi\/produkt\/liu-jo-lovely-me-edp-100ml\/"},"modified":"2026-04-08T15:31:04","modified_gmt":"2026-04-08T15:31:04","slug":"liu-jo-lovely-me-edp-100ml","status":"publish","type":"product","link":"https:\/\/stylingagenten.com\/fi\/tuote\/liu-jo-lovely-me-edp-100ml\/","title":{"rendered":"Liu Jo Lovely Me Edp 100ml"},"content":{"rendered":"<p>Liu Jo Lovely Me For Women Eau De Parfum on lumoava tuoksu, joka on suunniteltu korostamaan jokaisen naisen luonnollista vieh\u00e4tysvoimaa. T\u00e4m\u00e4 hienostunut hajuvesi on t\u00e4ydellinen kumppani niille, jotka arvostavat eleganssia. Hienovaraisilla, mutta voimakkailla vivahteillaan se ymp\u00e4r\u00f6i kantajansa kiehtovalla auralla ja antaa itsevarmuuden ja tyylikkyyden tunteen.<\/p>\n<p>Yl\u00e4nuotit: Bergamotti, Omena, Vadelma<br \/>Syd\u00e4nnuotit: Jasmiini, Appelsiininkukka, Tuberosa<br \/>Pohjanuotit: Popcorn, Setri, Ambroksaani<\/p>\n<p>100ml<\/p>\n","protected":false},"excerpt":{"rendered":"<p>Liu Jo Lovely Me For Women Eau De Parfum on lumoava tuoksu, joka on suunniteltu korostamaan jokaisen naisen luonnollista vieh\u00e4tysvoimaa. T\u00e4m\u00e4 hienostunut hajuvesi on t\u00e4ydellinen kumppani niille, jotka arvostavat eleganssia. Hienovaraisilla, mutta voimakkailla vivahteillaan se ymp\u00e4r\u00f6i kantajansa kiehtovalla auralla ja antaa itsevarmuuden ja tyylikkyyden tunteen. Yl\u00e4nuotit: Bergamotti, Omena, VadelmaSyd\u00e4nnuotit: Jasmiini, Appelsiininkukka, TuberosaPohjanuotit: Popcorn, Setri, Ambroksaani [&hellip;]<\/p>\n","protected":false},"featured_media":109293,"comment_status":"open","ping_status":"closed","template":"","meta":{"_trash_the_other_posts":false},"product_brand":[],"product_cat":[999,706,735],"product_tag":[3220],"berocket_brand":[1377],"class_list":{"0":"post-109300","1":"product","2":"type-product","3":"status-publish","4":"has-post-thumbnail","6":"product_cat-kampanjatarjous-naiselle","7":"product_cat-naisten-eau-de-parfum","8":"product_cat-kampanjamme","9":"product_tag-liu-jo-lovely-me-edp","10":"pa_brand-liu-jo","11":"pa_variantti-100ml","12":"berocket_brand-liu-jo","14":"first","15":"instock","16":"sale","17":"taxable","18":"shipping-taxable","19":"purchasable","20":"product-type-simple"},"_links":{"self":[{"href":"https:\/\/stylingagenten.com\/fi\/wp-json\/wp\/v2\/product\/109300","targetHints":{"allow":["GET"]}}],"collection":[{"href":"https:\/\/stylingagenten.com\/fi\/wp-json\/wp\/v2\/product"}],"about":[{"href":"https:\/\/stylingagenten.com\/fi\/wp-json\/wp\/v2\/types\/product"}],"replies":[{"embeddable":true,"href":"https:\/\/stylingagenten.com\/fi\/wp-json\/wp\/v2\/comments?post=109300"}],"version-history":[{"count":0,"href":"https:\/\/stylingagenten.com\/fi\/wp-json\/wp\/v2\/product\/109300\/revisions"}],"wp:featuredmedia":[{"embeddable":true,"href":"https:\/\/stylingagenten.com\/fi\/wp-json\/wp\/v2\/media\/109293"}],"wp:attachment":[{"href":"https:\/\/stylingagenten.com\/fi\/wp-json\/wp\/v2\/media?parent=109300"}],"wp:term":[{"taxonomy":"product_brand","embeddable":true,"href":"https:\/\/stylingagenten.com\/fi\/wp-json\/wp\/v2\/product_brand?post=109300"},{"taxonomy":"product_cat","embeddable":true,"href":"https:\/\/stylingagenten.com\/fi\/wp-json\/wp\/v2\/product_cat?post=109300"},{"taxonomy":"product_tag","embeddable":true,"href":"https:\/\/stylingagenten.com\/fi\/wp-json\/wp\/v2\/product_tag?post=109300"},{"taxonomy":"berocket_brand","embeddable":true,"href":"https:\/\/stylingagenten.com\/fi\/wp-json\/wp\/v2\/berocket_brand?post=109300"}],"curies":[{"name":"wp","href":"https:\/\/api.w.org\/{rel}","templated":true}]}}