{"id":109286,"date":"2025-05-18T20:51:51","date_gmt":"2025-05-18T20:51:51","guid":{"rendered":"https:\/\/staging2.stylingagenten.com\/fi\/produkt\/gucci-bamboo-edt-30ml\/"},"modified":"2026-03-31T20:18:39","modified_gmt":"2026-03-31T20:18:39","slug":"gucci-bamboo-edt-30ml","status":"publish","type":"product","link":"https:\/\/stylingagenten.com\/fi\/tuote\/gucci-bamboo-edt-30ml\/","title":{"rendered":"Gucci Bamboo Edt 30ml"},"content":{"rendered":"<p>Gucci Bamboo Eau de Toilette antaa kevyen, raikkaan ja sensuellin vaikutelman. T\u00e4ytel\u00e4iset puun ja kukkien s\u00e4vyt yhdistyv\u00e4t raikkaaseen mandariiniin, mik\u00e4 antaa tuoksulle uuden ulottuvuuden. Gucci Bamboo Eau de Toilette on kevyempi kuin alkuper\u00e4inen tuoksu ja ilment\u00e4\u00e4 Gucci-naisen viettelev\u00e4\u00e4, sensuellia ja romanttista puolta.<\/p>\n<p>Tuoksu avautuu raikkailla, V\u00e4limeren inspiroimilla sitruss\u00e4vyill\u00e4, joita t\u00e4ydent\u00e4\u00e4 appelsiininkukka. Syd\u00e4ntuoksussa herk\u00e4t ylang-ylang ja pehme\u00e4 Casablanca-lilja yhdistyv\u00e4t jasmiiniin luoden naisellisen ja kukkaisen tuoksun, joka muistuttaa kasteisia ter\u00e4lehti\u00e4. Tuoksu p\u00e4\u00e4ttyy pehme\u00e4\u00e4n ja kermaiseen pohjaan, jossa l\u00e4mmin tahitilainen vanilja yhdistyy santelipuuhun ja ambraan muodostaen t\u00e4ydent\u00e4v\u00e4n kontrastin naisellisiin s\u00e4vyihin.<\/p>\n<p>30ml<\/p>\n","protected":false},"excerpt":{"rendered":"<p>Gucci Bamboo Eau de Toilette antaa kevyen, raikkaan ja sensuellin vaikutelman. T\u00e4ytel\u00e4iset puun ja kukkien s\u00e4vyt yhdistyv\u00e4t raikkaaseen mandariiniin, mik\u00e4 antaa tuoksulle uuden ulottuvuuden. Gucci Bamboo Eau de Toilette on kevyempi kuin alkuper\u00e4inen tuoksu ja ilment\u00e4\u00e4 Gucci-naisen viettelev\u00e4\u00e4, sensuellia ja romanttista puolta. Tuoksu avautuu raikkailla, V\u00e4limeren inspiroimilla sitruss\u00e4vyill\u00e4, joita t\u00e4ydent\u00e4\u00e4 appelsiininkukka. Syd\u00e4ntuoksussa herk\u00e4t ylang-ylang ja [&hellip;]<\/p>\n","protected":false},"featured_media":109280,"comment_status":"open","ping_status":"closed","template":"","meta":{"_trash_the_other_posts":false},"product_brand":[],"product_cat":[999,707,735],"product_tag":[2934],"berocket_brand":[1329],"class_list":{"0":"post-109286","1":"product","2":"type-product","3":"status-publish","4":"has-post-thumbnail","6":"product_cat-kampanjatarjous-naiselle","7":"product_cat-naisten-eau-de-toilette","8":"product_cat-kampanjamme","9":"product_tag-gucci-bamboo-edt","10":"pa_brand-gucci","11":"pa_variantti-30ml","12":"berocket_brand-gucci","14":"first","15":"instock","16":"sale","17":"taxable","18":"shipping-taxable","19":"purchasable","20":"product-type-simple"},"_links":{"self":[{"href":"https:\/\/stylingagenten.com\/fi\/wp-json\/wp\/v2\/product\/109286","targetHints":{"allow":["GET"]}}],"collection":[{"href":"https:\/\/stylingagenten.com\/fi\/wp-json\/wp\/v2\/product"}],"about":[{"href":"https:\/\/stylingagenten.com\/fi\/wp-json\/wp\/v2\/types\/product"}],"replies":[{"embeddable":true,"href":"https:\/\/stylingagenten.com\/fi\/wp-json\/wp\/v2\/comments?post=109286"}],"version-history":[{"count":0,"href":"https:\/\/stylingagenten.com\/fi\/wp-json\/wp\/v2\/product\/109286\/revisions"}],"wp:featuredmedia":[{"embeddable":true,"href":"https:\/\/stylingagenten.com\/fi\/wp-json\/wp\/v2\/media\/109280"}],"wp:attachment":[{"href":"https:\/\/stylingagenten.com\/fi\/wp-json\/wp\/v2\/media?parent=109286"}],"wp:term":[{"taxonomy":"product_brand","embeddable":true,"href":"https:\/\/stylingagenten.com\/fi\/wp-json\/wp\/v2\/product_brand?post=109286"},{"taxonomy":"product_cat","embeddable":true,"href":"https:\/\/stylingagenten.com\/fi\/wp-json\/wp\/v2\/product_cat?post=109286"},{"taxonomy":"product_tag","embeddable":true,"href":"https:\/\/stylingagenten.com\/fi\/wp-json\/wp\/v2\/product_tag?post=109286"},{"taxonomy":"berocket_brand","embeddable":true,"href":"https:\/\/stylingagenten.com\/fi\/wp-json\/wp\/v2\/berocket_brand?post=109286"}],"curies":[{"name":"wp","href":"https:\/\/api.w.org\/{rel}","templated":true}]}}