{"id":109278,"date":"2025-05-18T20:51:50","date_gmt":"2025-05-18T20:51:50","guid":{"rendered":"https:\/\/staging2.stylingagenten.com\/fi\/produkt\/gucci-flora-gorgeous-magnolia-edp-100ml\/"},"modified":"2026-03-11T22:05:16","modified_gmt":"2026-03-11T22:05:16","slug":"gucci-flora-gorgeous-magnolia-edp-100ml","status":"publish","type":"product","link":"https:\/\/stylingagenten.com\/fi\/tuote\/gucci-flora-gorgeous-magnolia-edp-100ml\/","title":{"rendered":"Gucci Flora Gorgeous Magnolia Edp 100ml"},"content":{"rendered":"<p>Gucci Flora Gorgeous Magnolia Eau de Parfum naisille on Gucci-tuoksusarjan kolmas osa #FloraFantasy-kokoelmassa ja kutsu vapauttaa mielikuvituksesi itsevarmuudella. Magnoliaesenssin, kastekirsikan ja patsuli-esenssin pehme\u00e4t ja sensuellit tuoksut kuljettavat sinut s\u00e4teilev\u00e4n kukkaisen voiman maailmaan ja luovat Eau de Parfum -tuoksun itsevarmoille naisille.<\/p>\n<p>Pullo, joka on koristeltu lumoavalla kukkakuviolla ja kiehtovalla violetin s\u00e4vyll\u00e4, symboloi rajatonta potentiaalia sis\u00e4ll\u00e4si. T\u00e4m\u00e4 ihastuttava tuoksu on horjumaton liittolainen Flora-naiselle, joka haluaa tutkia kaikki mahdollisuudet \u2013 ainutlaatuinen kimppu t\u00e4ynn\u00e4 iloista kukkaista voimaa, joka muistuttaa sinua luottamaan itseesi ja vapauttamaan mielikuvituksesi.<\/p>\n<p>Yl\u00e4vivat: Kastekirsikka ja Kookos<br \/>Syd\u00e4ntuoksut: Magnolia, Jasmiini Sambac ja Muskottisalvia<br \/>Pohjatuoksut: Myski, Patsuli ja Vaalea Puu<\/p>\n<p>100ml<\/p>\n","protected":false},"excerpt":{"rendered":"<p>Gucci Flora Gorgeous Magnolia Eau de Parfum naisille on Gucci-tuoksusarjan kolmas osa #FloraFantasy-kokoelmassa ja kutsu vapauttaa mielikuvituksesi itsevarmuudella. Magnoliaesenssin, kastekirsikan ja patsuli-esenssin pehme\u00e4t ja sensuellit tuoksut kuljettavat sinut s\u00e4teilev\u00e4n kukkaisen voiman maailmaan ja luovat Eau de Parfum -tuoksun itsevarmoille naisille. Pullo, joka on koristeltu lumoavalla kukkakuviolla ja kiehtovalla violetin s\u00e4vyll\u00e4, symboloi rajatonta potentiaalia sis\u00e4ll\u00e4si. T\u00e4m\u00e4 [&hellip;]<\/p>\n","protected":false},"featured_media":109262,"comment_status":"open","ping_status":"closed","template":"","meta":{"_trash_the_other_posts":false},"product_brand":[],"product_cat":[999,706,735],"product_tag":[2940],"berocket_brand":[1329],"class_list":{"0":"post-109278","1":"product","2":"type-product","3":"status-publish","4":"has-post-thumbnail","6":"product_cat-kampanjatarjous-naiselle","7":"product_cat-naisten-eau-de-parfum","8":"product_cat-kampanjamme","9":"product_tag-gucci-flora-gorgeous-magnolia-edp","10":"pa_brand-gucci","11":"pa_variantti-100ml","12":"berocket_brand-gucci","14":"first","15":"instock","16":"sale","17":"taxable","18":"shipping-taxable","19":"purchasable","20":"product-type-simple"},"_links":{"self":[{"href":"https:\/\/stylingagenten.com\/fi\/wp-json\/wp\/v2\/product\/109278","targetHints":{"allow":["GET"]}}],"collection":[{"href":"https:\/\/stylingagenten.com\/fi\/wp-json\/wp\/v2\/product"}],"about":[{"href":"https:\/\/stylingagenten.com\/fi\/wp-json\/wp\/v2\/types\/product"}],"replies":[{"embeddable":true,"href":"https:\/\/stylingagenten.com\/fi\/wp-json\/wp\/v2\/comments?post=109278"}],"version-history":[{"count":0,"href":"https:\/\/stylingagenten.com\/fi\/wp-json\/wp\/v2\/product\/109278\/revisions"}],"wp:featuredmedia":[{"embeddable":true,"href":"https:\/\/stylingagenten.com\/fi\/wp-json\/wp\/v2\/media\/109262"}],"wp:attachment":[{"href":"https:\/\/stylingagenten.com\/fi\/wp-json\/wp\/v2\/media?parent=109278"}],"wp:term":[{"taxonomy":"product_brand","embeddable":true,"href":"https:\/\/stylingagenten.com\/fi\/wp-json\/wp\/v2\/product_brand?post=109278"},{"taxonomy":"product_cat","embeddable":true,"href":"https:\/\/stylingagenten.com\/fi\/wp-json\/wp\/v2\/product_cat?post=109278"},{"taxonomy":"product_tag","embeddable":true,"href":"https:\/\/stylingagenten.com\/fi\/wp-json\/wp\/v2\/product_tag?post=109278"},{"taxonomy":"berocket_brand","embeddable":true,"href":"https:\/\/stylingagenten.com\/fi\/wp-json\/wp\/v2\/berocket_brand?post=109278"}],"curies":[{"name":"wp","href":"https:\/\/api.w.org\/{rel}","templated":true}]}}