{"id":109253,"date":"2025-05-18T20:51:44","date_gmt":"2025-05-18T20:51:44","guid":{"rendered":"https:\/\/staging2.stylingagenten.com\/fi\/produkt\/salvador-dali-dali-woman-edp-100ml\/"},"modified":"2026-02-18T05:46:42","modified_gmt":"2026-02-18T05:46:42","slug":"salvador-dali-dali-woman-edp-100ml","status":"publish","type":"product","link":"https:\/\/stylingagenten.com\/fi\/tuote\/salvador-dali-dali-woman-edp-100ml\/","title":{"rendered":"Salvador Dali Dali Woman Edp 100ml"},"content":{"rendered":"<p>\u00c4l\u00e4 koskaan j\u00e4t\u00e4 v\u00e4liin tilaisuutta olla illan kuningatar Salvador Dali Dali EdP:ll\u00e4 \u2013 Eau de Parfum, joka muuttaa sinut sekunneissa s\u00e4teilev\u00e4ksi olennoksi, jonka vieh\u00e4tys lumoaa kaikki ymp\u00e4rill\u00e4si.<\/p>\n<p>Alkutuoksut: Aldehydit, Basilika, Bergamotti, Mandariini, Vihre\u00e4t vivahteet, Punaiset hedelm\u00e4t<br \/>Syd\u00e4ntuoksut: Appelsiininkukka, Jasmiini, Lilja, Narsissi, Iiris, Ruusu, Tuberosa, Kielo<br \/>Pohjatuoksut: Meripihka, Bentsoiini, Santelipuu, Setripuu, Myski, Myrtti, Vanilja<\/p>\n<p>100ml<\/p>\n","protected":false},"excerpt":{"rendered":"<p>\u00c4l\u00e4 koskaan j\u00e4t\u00e4 v\u00e4liin tilaisuutta olla illan kuningatar Salvador Dali Dali EdP:ll\u00e4 \u2013 Eau de Parfum, joka muuttaa sinut sekunneissa s\u00e4teilev\u00e4ksi olennoksi, jonka vieh\u00e4tys lumoaa kaikki ymp\u00e4rill\u00e4si. Alkutuoksut: Aldehydit, Basilika, Bergamotti, Mandariini, Vihre\u00e4t vivahteet, Punaiset hedelm\u00e4tSyd\u00e4ntuoksut: Appelsiininkukka, Jasmiini, Lilja, Narsissi, Iiris, Ruusu, Tuberosa, KieloPohjatuoksut: Meripihka, Bentsoiini, Santelipuu, Setripuu, Myski, Myrtti, Vanilja 100ml<\/p>\n","protected":false},"featured_media":109250,"comment_status":"open","ping_status":"closed","template":"","meta":{"_trash_the_other_posts":false},"product_brand":[],"product_cat":[706],"product_tag":[3966],"berocket_brand":[1192],"class_list":{"0":"post-109253","1":"product","2":"type-product","3":"status-publish","4":"has-post-thumbnail","6":"product_cat-naisten-eau-de-parfum","7":"product_tag-salvador-dali-dali-woman-edp","8":"pa_brand-salvador-dali","9":"pa_variantti-100ml","10":"berocket_brand-salvador-dali","12":"first","13":"outofstock","14":"sale","15":"taxable","16":"shipping-taxable","17":"purchasable","18":"product-type-simple"},"_links":{"self":[{"href":"https:\/\/stylingagenten.com\/fi\/wp-json\/wp\/v2\/product\/109253","targetHints":{"allow":["GET"]}}],"collection":[{"href":"https:\/\/stylingagenten.com\/fi\/wp-json\/wp\/v2\/product"}],"about":[{"href":"https:\/\/stylingagenten.com\/fi\/wp-json\/wp\/v2\/types\/product"}],"replies":[{"embeddable":true,"href":"https:\/\/stylingagenten.com\/fi\/wp-json\/wp\/v2\/comments?post=109253"}],"version-history":[{"count":0,"href":"https:\/\/stylingagenten.com\/fi\/wp-json\/wp\/v2\/product\/109253\/revisions"}],"wp:featuredmedia":[{"embeddable":true,"href":"https:\/\/stylingagenten.com\/fi\/wp-json\/wp\/v2\/media\/109250"}],"wp:attachment":[{"href":"https:\/\/stylingagenten.com\/fi\/wp-json\/wp\/v2\/media?parent=109253"}],"wp:term":[{"taxonomy":"product_brand","embeddable":true,"href":"https:\/\/stylingagenten.com\/fi\/wp-json\/wp\/v2\/product_brand?post=109253"},{"taxonomy":"product_cat","embeddable":true,"href":"https:\/\/stylingagenten.com\/fi\/wp-json\/wp\/v2\/product_cat?post=109253"},{"taxonomy":"product_tag","embeddable":true,"href":"https:\/\/stylingagenten.com\/fi\/wp-json\/wp\/v2\/product_tag?post=109253"},{"taxonomy":"berocket_brand","embeddable":true,"href":"https:\/\/stylingagenten.com\/fi\/wp-json\/wp\/v2\/berocket_brand?post=109253"}],"curies":[{"name":"wp","href":"https:\/\/api.w.org\/{rel}","templated":true}]}}