{"id":109249,"date":"2025-05-18T20:51:43","date_gmt":"2025-05-18T20:51:43","guid":{"rendered":"https:\/\/staging2.stylingagenten.com\/fi\/produkt\/liu-jo-lovely-u-edp-30ml\/"},"modified":"2026-04-08T15:30:33","modified_gmt":"2026-04-08T15:30:33","slug":"liu-jo-lovely-u-edp-30ml","status":"publish","type":"product","link":"https:\/\/stylingagenten.com\/fi\/tuote\/liu-jo-lovely-u-edp-30ml\/","title":{"rendered":"Liu Jo Lovely U Edp 30ml"},"content":{"rendered":"<p>Liu Jo Lovely U EdP:ss\u00e4 on mehukkaiden punaisten viinimarjojen pist\u00e4v\u00e4\u00e4 hapokkuutta, kyps\u00e4n hunajaisen nektariinin keveytt\u00e4 ja mansikkamaista kauneutta physaliksessa\u2014alkutuoksun komponentteja, jotka sulavasti vaihtuvat t\u00e4ytel\u00e4isen trion s\u00e4veliin, edustettuna ylellisill\u00e4 kukkaisilla vivahteilla, aurinkoisilla mandariinis\u00e4vyill\u00e4 ja puumaisen viileill\u00e4 valkoisen freesian yl\u00e4s\u00e4velill\u00e4. Makea, puuterinen ja hienostunut valkohyasintin huntu t\u00e4ydentyy balsamipatsulin leikill\u00e4 ja luo harmonisen loppusoinnun, jonka p\u00e4\u00e4koristeena on tahmea ja yhteen kietoutunut toffeemaista kinuskia muistuttava j\u00e4lkimaku.<\/p>\n<p>Yl\u00e4tuoksu: Nektariini, Punaherukka, Karviaiskoiso<br \/>Syd\u00e4ntuoksu: Freesia, Mandariininkukka, Villiruusu<br \/>Pohjatuoksu: Kinuski, Patchouli, Valkoinen myski<\/p>\n<p>30ml<\/p>\n","protected":false},"excerpt":{"rendered":"<p>Liu Jo Lovely U EdP:ss\u00e4 on mehukkaiden punaisten viinimarjojen pist\u00e4v\u00e4\u00e4 hapokkuutta, kyps\u00e4n hunajaisen nektariinin keveytt\u00e4 ja mansikkamaista kauneutta physaliksessa\u2014alkutuoksun komponentteja, jotka sulavasti vaihtuvat t\u00e4ytel\u00e4isen trion s\u00e4veliin, edustettuna ylellisill\u00e4 kukkaisilla vivahteilla, aurinkoisilla mandariinis\u00e4vyill\u00e4 ja puumaisen viileill\u00e4 valkoisen freesian yl\u00e4s\u00e4velill\u00e4. Makea, puuterinen ja hienostunut valkohyasintin huntu t\u00e4ydentyy balsamipatsulin leikill\u00e4 ja luo harmonisen loppusoinnun, jonka p\u00e4\u00e4koristeena on tahmea [&hellip;]<\/p>\n","protected":false},"featured_media":109242,"comment_status":"open","ping_status":"closed","template":"","meta":{"_trash_the_other_posts":false},"product_brand":[],"product_cat":[999,706,735],"product_tag":[3221],"berocket_brand":[1377],"class_list":{"0":"post-109249","1":"product","2":"type-product","3":"status-publish","4":"has-post-thumbnail","6":"product_cat-kampanjatarjous-naiselle","7":"product_cat-naisten-eau-de-parfum","8":"product_cat-kampanjamme","9":"product_tag-liu-jo-lovely-u-edp","10":"pa_brand-liu-jo","11":"pa_variantti-30ml","12":"berocket_brand-liu-jo","14":"first","15":"instock","16":"sale","17":"taxable","18":"shipping-taxable","19":"purchasable","20":"product-type-simple"},"_links":{"self":[{"href":"https:\/\/stylingagenten.com\/fi\/wp-json\/wp\/v2\/product\/109249","targetHints":{"allow":["GET"]}}],"collection":[{"href":"https:\/\/stylingagenten.com\/fi\/wp-json\/wp\/v2\/product"}],"about":[{"href":"https:\/\/stylingagenten.com\/fi\/wp-json\/wp\/v2\/types\/product"}],"replies":[{"embeddable":true,"href":"https:\/\/stylingagenten.com\/fi\/wp-json\/wp\/v2\/comments?post=109249"}],"version-history":[{"count":0,"href":"https:\/\/stylingagenten.com\/fi\/wp-json\/wp\/v2\/product\/109249\/revisions"}],"wp:featuredmedia":[{"embeddable":true,"href":"https:\/\/stylingagenten.com\/fi\/wp-json\/wp\/v2\/media\/109242"}],"wp:attachment":[{"href":"https:\/\/stylingagenten.com\/fi\/wp-json\/wp\/v2\/media?parent=109249"}],"wp:term":[{"taxonomy":"product_brand","embeddable":true,"href":"https:\/\/stylingagenten.com\/fi\/wp-json\/wp\/v2\/product_brand?post=109249"},{"taxonomy":"product_cat","embeddable":true,"href":"https:\/\/stylingagenten.com\/fi\/wp-json\/wp\/v2\/product_cat?post=109249"},{"taxonomy":"product_tag","embeddable":true,"href":"https:\/\/stylingagenten.com\/fi\/wp-json\/wp\/v2\/product_tag?post=109249"},{"taxonomy":"berocket_brand","embeddable":true,"href":"https:\/\/stylingagenten.com\/fi\/wp-json\/wp\/v2\/berocket_brand?post=109249"}],"curies":[{"name":"wp","href":"https:\/\/api.w.org\/{rel}","templated":true}]}}